{"id":102986,"date":"2025-08-22T07:01:25","date_gmt":"2025-08-22T07:01:25","guid":{"rendered":"https:\/\/www.mymsd.ch\/it\/?post_type=product&#038;p=102986"},"modified":"2025-08-22T07:01:41","modified_gmt":"2025-08-22T07:01:41","slug":"sequenza","status":"publish","type":"product","link":"https:\/\/www.mymsd.ch\/it\/products\/welireg\/ls005\/sequenza\/","title":{"rendered":"Sequenza"},"content":{"rendered":"\n<h2 class=\"wp-block-heading has-text-color has-link-color wp-elements-3c7a04bbc511680d9e81cff2c05753e0  mhh-mcn-v1-heading mhh-mcn-v1-heading--a70b67badccf97d127218a4110d8ea08\" style=\"color:#123a8a\">A partire da quale linea terapeutica \u00e8 possibile utilizzare WELIREG\u00ae in caso di aRCC?<sup>1<\/sup><\/h2>\n\n\n\n<p class=\"has-object-object-font-size has-text-color   mhh-mcn-v1-paragraph mhh-mcn-v1-paragraph--54a329edd090eeaf5d303694ba1b689e\" style=\"color:#4b4c4e\"><strong>WELIREG\u00ae in monoterapia \u00e8 indicato per il trattamento di pazienti adulti con carcinoma renale a cellule chiare (RCC) avanzato non resecabile che \u00e8 progredito dopo due o pi\u00f9 linee di terapia, compresi un inibitore di PD-(L)1 e un inibitore della tirosin-chinasi VEGF.<sup>1<\/sup><\/strong><\/p>\n\n\n\n<div style=\"height:40px\" aria-hidden=\"true\" class=\"wp-block-spacer\"><\/div>\n\n\n<figure class=\"mhh-mcn-v1-image mhh-mcn-v1-image--f3671cc8a17ead51003eaa538e8cd585\">\n                    <img loading=\"lazy\" decoding=\"async\"\n        class=\"mhh-mcn-image mhh-mcn-image--full wp-image-103073\"\n        src=\"https:\/\/www.mymsd.ch\/it\/wp-content\/uploads\/sites\/47\/2025\/08\/I-WELIREG-LS005-Sequence.jpg?quality=80&#038;lossy=1\"\n        width=\"1024\"\n        height=\"201\"\n                alt=\"\"\n            \/>\n            <\/figure>\n\n\n\n<div style=\"height:80px\" aria-hidden=\"true\" class=\"wp-block-spacer\"><\/div>\n\n\n<div class=\"mhh-mcn-columns mhh-mcn-v1-columns--124514eba6ecbdcd677000b2e210a362 mhh-mcn-v1-columns mhh-mcn-columns--gutter-m\">\n    <div class=\"mhh-mcn-columns-inner\">\n        \n<div class=\"mhh-mcn-v1-column mhh-mcn-v1-column--51126cc746c3736337b13fdbbaf341a1 mhh-mcn-column mhh-mcn-column--12 mhh-mcn-column--m-12 mhh-mcn-column--l-12\">\n    \n\n<p class=\"   mhh-mcn-v1-paragraph mhh-mcn-v1-paragraph--268415520b43fa4a02424cf9b2f11f11\" dir=\"ltr\" lang=\"en-US\"><mark class=\"has-inline-color has-black-color\">Questo grafico mostra la prima applicazione clinica possibile di WELIREG\u00ae. Questi scenari non rappresentano tutte le opzioni terapeutiche disponibili per pazienti con carcinoma a cellule renali avanzato.<sup>1<\/sup><\/mark><\/p>\n\n<\/div>\n\n    <\/div>\n\n    <\/div>\n\n\n\n<div style=\"height:100px\" aria-hidden=\"true\" class=\"wp-block-spacer\"><\/div>\n\n\n\n<hr class=\"wp-block-separator has-alpha-channel-opacity\" \/>\n\n\n\n<p class=\"   mhh-mcn-v1-paragraph mhh-mcn-v1-paragraph--1f0989ce9470ad8506053665fc4134ef\" dir=\"ltr\" lang=\"en-US\"><\/p>\n\n\n<div class=\"mhh-mcn-v1-links mhh-mcn-v1-links--4a91073cfc5134869172824e6108f655\">\n    <a class=\"mhh-mcn-v1-link mhh-mcn-v1-link--67a7fe7ddd4f88e8ea0fe998e28c77df\" href=\"mailto:%20dpoc.switzerland@msd.com\" target=\"_self\" aria-label=\"All&#039;occorrenza, \u00e8 possibile richiedere copie delle pubblicazioni degli studi all&#039;indirizzo dpoc.switzerland@msd.com.\">\n                    <span class=\"mhh-mcn-v1-link__label\">All&#8217;occorrenza, \u00e8 possibile richiedere copie delle pubblicazioni degli studi all&#8217;indirizzo dpoc.switzerland@msd.com.<\/span>\n                <\/a><\/div>\n\n\n\n<div style=\"height:32px\" aria-hidden=\"true\" class=\"wp-block-spacer\"><\/div>\n\n\n<div class=\"mhh-mcn-columns mhh-mcn-v1-columns--e9e3deab42936098d5e58e952b2c6680 mhh-mcn-v1-columns mhh-mcn-columns--gutter-m\">\n    <div class=\"mhh-mcn-columns-inner\">\n        \n<div class=\"mhh-mcn-v1-column mhh-mcn-v1-column--6edcc97dd65172dfd5d39b8216a63c0d mhh-mcn-column mhh-mcn-column--12 mhh-mcn-column--m-12 mhh-mcn-column--l-12\">\n    \n\n<h6 class=\"wp-block-heading  mhh-mcn-v1-heading mhh-mcn-v1-heading--dc4211541ad50e8fbaf71b151b1554ca\"><em><mark class=\"has-inline-color has-gray-700-color\"><strong>Abbreviazioni<\/strong>:<\/mark><\/em><\/h6>\n\n\n\n<p dir=\"ltr\" lang=\"en-US\" class=\"has-gray-700-color has-text-color has-object-object-font-size   mhh-mcn-v1-paragraph mhh-mcn-v1-paragraph--b56771eb0bce17b7ca78513a049f007e\"><strong>1\/2\/3\/4L<\/strong>: prima\/seconda\/terza\/quarta linea; <strong>aRCC<\/strong>: carcinoma a cellule renali avanzato (advanced renal cell carcinoma); <strong>CTLA-4<\/strong>: antigene 4 dei linfociti T citotossici (cytotoxic T-lymphocyte antigen 4); <strong>PD-1<\/strong>: proteina 1 della morte cellulare programmata (programmed cell death protein 1); <strong>PD-L1<\/strong>: ligando 1 della morte cellulare programmata (Programmed death-ligand 1); <strong>TKI<\/strong>: inibitore delle tirosin-chinasi (tyrosine kinase inhibitor); <strong>VEGF\/R<\/strong>: fattore di crescita\/recettore del fattore di crescita dell&#8217;endotelio vascolare (vascular endothelial growth factor\/receptor).<\/p>\n\n<\/div>\n\n    <\/div>\n\n    <\/div>\n\n\n<div class=\"mhh-mcn-columns mhh-mcn-v1-columns--8d67e947e311729d228c5ae9daf1222f mhh-mcn-v1-columns mhh-mcn-columns--gutter-m\">\n    <div class=\"mhh-mcn-columns-inner\">\n        \n<div class=\"mhh-mcn-v1-column mhh-mcn-v1-column--60bcc2a9e404010af6664f9533124e47 mhh-mcn-column mhh-mcn-column--12 mhh-mcn-column--m-12 mhh-mcn-column--l-12\">\n    \n\n<h6 class=\"wp-block-heading  mhh-mcn-v1-heading mhh-mcn-v1-heading--6c50786f19397c02e8f18b4462b439d7\"><em><mark class=\"has-inline-color has-gray-700-color\"><strong>Riferimenti bibliografici:<\/strong> <\/mark><\/em><\/h6>\n\n\n\n<ol class=\"mhh-mcn-v2-clist mhh-mcn-v2-clist--a92a88f44d7384351edc706acc4bff82 mhh-mcn-list mhh-mcn-v2-clist--ordered mhh-mcn-v2-clist--ordered-decimal\" dir=\"ltr\" lang=\"en-US\" start=\"1\">\n    \n<li class=\"mhh-mcn-list-item mhh-mcn-v2-list-item\">\n    <em>Informazione professionale di WELIREG\u00ae (belzutifan)<mark class=\"has-inline-color has-gray-700-color\"><mark class=\"has-inline-color has-gray-700-color\">,\u00a0<a href=\"https:\/\/www.swissmedicinfo.ch\/ShowText.aspx?textType=FI&amp;lang=IT&amp;authNr=68531\" target=\"_blank\" rel=\"noreferrer noopener nofollow\">www.swissmedicinfo.ch<\/a><\/mark><\/mark>, ultima consultazione il 22.08.2025.<\/em>    <\/li>\n\n<\/ol>\n\n<\/div>\n\n    <\/div>\n\n    <\/div>\n\n\n\n<p class=\"   mhh-mcn-v1-paragraph mhh-mcn-v1-paragraph--0cdd2c4e854e5c5f8ffd80c41396a81b\" dir=\"ltr\" lang=\"en-US\">\u25bc <em><mark class=\"has-inline-color has-gray-700-color\">Questo medicamento \u00e8 soggetto a monitoraggio addizionale. Per ulteriori informazioni, vedere l\u2019informazione professionale di WELIREG\u00ae su  <a href=\"https:\/\/www.swissmedicinfo.ch\/ShowText.aspx?textType=FI&amp;lang=IT&amp;authNr=68531\" target=\"_blank\" rel=\"noreferrer noopener nofollow\">www.swissmedicinfo.ch<\/a>.<\/mark><\/em><br><br><em><mark class=\"has-inline-color has-gray-700-color\">Prima della prescrizione, consultare l\u2019informazione professionale completa pubblicata sul sito &nbsp;<a href=\"https:\/\/www.swissmedicinfo.ch\/ShowText.aspx?textType=FI&amp;lang=IT&amp;authNr=68531\" target=\"_blank\" rel=\"noreferrer noopener nofollow\">www.swissmedicinfo.ch<\/a>.<\/mark><\/em><\/p>\n\n\n<div class=\"mhh-mcn-v1-links mhh-mcn-v1-links--d45c0a02c1c8d3ab434885d14fc893f8\">\n    <a class=\"mhh-mcn-v1-link mhh-mcn-v1-link--8e36526b1be316f1b5bf47c7ff30bf28 mhh-mcn-v1-link--is-variation mhh-mcn-v1-link--button-custom\" href=\"https:\/\/swissmedicinfo.ch\/showText.aspx?textType=FI&#038;lang=IT&#038;authNr=68531&#038;supportMultipleResults=1\" target=\"_blank\" rel=\"noopener noreferrer\" aria-label=\"Informazione professionale di WELIREG\u00ae\">\n                    <span class=\"mhh-mcn-v1-link__label\">Informazione professionale di WELIREG\u00ae<\/span>\n                <\/a><\/div>\n\n\n<div class=\"mhh-mcn-v1-links mhh-mcn-v1-links--fa89c056680883a2ec9706c4eaef9fe8\">\n    <a class=\"mhh-mcn-v1-link mhh-mcn-v1-link--937794a7295f4297d1457c44d974563a mhh-mcn-v1-link--is-variation mhh-mcn-v1-link--button-custom\" href=\"https:\/\/www.mymsd.ch\/it\/succinctstatement\/welireg\/\" target=\"_blank\" rel=\"noopener noreferrer\" aria-label=\"Informazione professionale breve di WELIREG\u00ae\">\n                    <span class=\"mhh-mcn-v1-link__label\">Informazione professionale breve di WELIREG\u00ae<\/span>\n                <\/a><\/div>\n","protected":false},"excerpt":{"rendered":"<p>A partire da quale linea terapeutica \u00e8 possibile utilizzare WELIREG\u00ae in caso di aRCC?<\/p>\n","protected":false},"author":202221,"featured_media":103069,"parent":102978,"menu_order":8,"template":"","meta":{"_mhh_sticky_footer_settings":{"entityId":0},"_mhh_sticky_footer_posts":"","_mhh_sticky_footer_expanded":false,"_mhh_mcn_text_direction":"","_mhh_mcn_language":"","_mhh_mcn_left_sidebar_settings":{"entityId":0},"_mhh_mcn_sidebar_settings":{"entityId":0},"mhh_mcn_side_navigation_style":{"fontSize":{"l":"","m":"","s":""},"lineHeight":{"l":1.5,"m":1.5,"s":1.5},"itemColor":"","hoverItemColor":"","currentItemColor":"","borderItemColor":"","backgroundItemHoverColor":"","themeColor":""},"_mhh_mcn_child_page_navigation":{"isActive":true,"isSticky":true},"hide_header":false,"show_top_bar":false,"hide_footer":false,"full_width_layout":false,"product_resource":[],"related_products":"","fact_sheet":null,"scientific_title":"","job_code":"","banner":103071,"primary_logo":null,"secondary_logo":null,"icon":null,"primary_tag":1017,"editor_notices":[],"mconnectHideShareThis":false,"footnotes":"","mconnectIsArchiveTemplate":false,"mconnectArchiveFiltersDisabled":false,"mconnectArchiveLockAllPresetFilters":false,"mconnectArchiveHidePageSubmenu":false,"mconnectArchiveShowParentPageOnly":false,"mconnectArchiveDefaultOrder":"DESC","mconnectArchiveDefaultOrderBy":"date","mconnectArchivePostsPerPage":12,"mconnectArchivePostTypes":[],"mconnectArchiveAllowFilterBy":["category","tx-content-type","tx-product","tx-pathology","tx-active-ingredient","tx-therapeutic-area"],"mconnectArchiveFilterSorting":["active","is_keyword","is_date"],"mconnectArchiveContentItemStyle":{"showExcerpt":true,"showImage":true,"showIcon":false,"showPrimaryTag":true,"showBorder":false,"showDates":false,"showCta":true,"isCard":false,"hasBackground":false,"showMetadata":true},"mconnectArchiveLayout":{"type":"list","hasFeatured":false},"mconnectDynamicTaxonomyEntities":[],"mconnectArchiveTerms_category":[],"mconnectArchiveAllowTerms_category":[],"mconnectArchiveTerms_tx-content-type":[],"mconnectArchiveAllowTerms_tx-content-type":[],"mconnectArchiveTerms_tx-product":[],"mconnectArchiveAllowTerms_tx-product":[],"mconnectArchiveTerms_tx-pathology":[],"mconnectArchiveAllowTerms_tx-pathology":[],"mconnectArchiveTerms_tx-active-ingredient":[],"mconnectArchiveAllowTerms_tx-active-ingredient":[],"mconnectArchiveTerms_tx-therapeutic-area":[],"mconnectArchiveAllowTerms_tx-therapeutic-area":[],"mconnectArchiveAllowTerms_dynamic-taxonomy":[],"mconnectArchiveLegacyDefaultTermsApplied":false,"mconnectContentUpdatesPerPage":10,"mconnectContentUpdatesViewMoreUrl":"","mconnectContentUpdatesTerms_tx-content-type":[],"mconnectContentUpdatesTerms_tx-product":[],"mconnectContentUpdatesTerms_tx-pathology":[],"mconnectContentUpdatesTerms_tx-active-ingredient":[],"mconnectContentUpdatesTerms_tx-therapeutic-area":[],"sidebar_toogle":0,"sidebar_toogle_notification_warning":true,"sidebar_toogle_notification_alert":true,"content_expiration_sidebar_date":"","content_expiration_sidebar_expired_post_status":"","content_expiration_sidebar_redirection":""},"categories":[286,311],"tags":[1017,1018],"ga4_page_audience":[],"ga4_page_birn_id":[],"ga4_page_branding":[501],"ga4_page_businessunit":[507],"ga4_page_campaign":[],"ga4_page_content_purpose":[],"ga4_page_customer_journey_stage":[],"ga4_page_customer_specialty":[],"ga4_page_experience":[],"ga4_page_indication":[],"ga4_page_material_intent":[713],"ga4_page_product":[],"ga4_page_region":[],"ga4_page_therapeuticarea":[],"tx-therapeutic-area":[280,229],"tx-product":[1016],"tx-pathology":[413],"tx-content-type":[285],"tx-active-ingredient":[],"access":[],"user_status":[],"user_role":[],"class_list":["post-102986","product","type-product","status-publish","has-post-thumbnail","hentry","category-indicazioni","category-oncology","tag-welireg","tag-welireg-2"],"yoast_head":"<!-- This site is optimized with the Yoast SEO plugin v23.9 - https:\/\/yoast.com\/wordpress\/plugins\/seo\/ -->\n<title>Sequenza - MyMSD.ch IT<\/title>\n<meta name=\"robots\" content=\"index, follow, max-snippet:-1, max-image-preview:large, max-video-preview:-1\" \/>\n<link rel=\"canonical\" href=\"https:\/\/www.mymsd.ch\/it\/products\/welireg\/ls005\/sequenza\/\" \/>\n<meta property=\"og:locale\" content=\"it_IT\" \/>\n<meta property=\"og:type\" content=\"article\" \/>\n<meta property=\"og:title\" content=\"Sequenza - MyMSD.ch IT\" \/>\n<meta property=\"og:description\" content=\"A partire da quale linea terapeutica \u00e8 possibile utilizzare WELIREG\u00ae in caso di aRCC?\" \/>\n<meta property=\"og:url\" content=\"https:\/\/www.mymsd.ch\/it\/products\/welireg\/ls005\/sequenza\/\" \/>\n<meta property=\"og:site_name\" content=\"MyMSD.ch IT\" \/>\n<meta property=\"article:modified_time\" content=\"2025-08-22T07:01:41+00:00\" \/>\n<meta property=\"og:image\" content=\"https:\/\/www.mymsd.ch\/it\/wp-content\/uploads\/sites\/47\/2025\/08\/I-WELIREG-aRCC-Thumbnail-Sequence.jpg\" \/>\n\t<meta property=\"og:image:width\" content=\"611\" \/>\n\t<meta property=\"og:image:height\" content=\"430\" \/>\n\t<meta property=\"og:image:type\" content=\"image\/jpeg\" \/>\n<meta name=\"twitter:card\" content=\"summary_large_image\" \/>\n<meta name=\"twitter:label1\" content=\"Tempo di lettura stimato\" \/>\n\t<meta name=\"twitter:data1\" content=\"4 minuti\" \/>\n<script type=\"application\/ld+json\" class=\"yoast-schema-graph\">{\"@context\":\"https:\/\/schema.org\",\"@graph\":[{\"@type\":\"WebPage\",\"@id\":\"https:\/\/www.mymsd.ch\/it\/products\/welireg\/ls005\/sequenza\/\",\"url\":\"https:\/\/www.mymsd.ch\/it\/products\/welireg\/ls005\/sequenza\/\",\"name\":\"Sequenza - MyMSD.ch IT\",\"isPartOf\":{\"@id\":\"https:\/\/www.mymsd.ch\/it\/#website\"},\"primaryImageOfPage\":{\"@id\":\"https:\/\/www.mymsd.ch\/it\/products\/welireg\/ls005\/sequenza\/#primaryimage\"},\"image\":{\"@id\":\"https:\/\/www.mymsd.ch\/it\/products\/welireg\/ls005\/sequenza\/#primaryimage\"},\"thumbnailUrl\":\"https:\/\/www.mymsd.ch\/it\/wp-content\/uploads\/sites\/47\/2025\/08\/I-WELIREG-aRCC-Thumbnail-Sequence.jpg\",\"datePublished\":\"2025-08-22T07:01:25+00:00\",\"dateModified\":\"2025-08-22T07:01:41+00:00\",\"breadcrumb\":{\"@id\":\"https:\/\/www.mymsd.ch\/it\/products\/welireg\/ls005\/sequenza\/#breadcrumb\"},\"inLanguage\":\"it-IT\",\"potentialAction\":[{\"@type\":\"ReadAction\",\"target\":[\"https:\/\/www.mymsd.ch\/it\/products\/welireg\/ls005\/sequenza\/\"]}]},{\"@type\":\"ImageObject\",\"inLanguage\":\"it-IT\",\"@id\":\"https:\/\/www.mymsd.ch\/it\/products\/welireg\/ls005\/sequenza\/#primaryimage\",\"url\":\"https:\/\/www.mymsd.ch\/it\/wp-content\/uploads\/sites\/47\/2025\/08\/I-WELIREG-aRCC-Thumbnail-Sequence.jpg\",\"contentUrl\":\"https:\/\/www.mymsd.ch\/it\/wp-content\/uploads\/sites\/47\/2025\/08\/I-WELIREG-aRCC-Thumbnail-Sequence.jpg\",\"width\":611,\"height\":430},{\"@type\":\"BreadcrumbList\",\"@id\":\"https:\/\/www.mymsd.ch\/it\/products\/welireg\/ls005\/sequenza\/#breadcrumb\",\"itemListElement\":[{\"@type\":\"ListItem\",\"position\":1,\"name\":\"Home\",\"item\":\"https:\/\/www.mymsd.ch\/it\/\"},{\"@type\":\"ListItem\",\"position\":2,\"name\":\"Products\",\"item\":\"https:\/\/www.mymsd.ch\/it\/products\/\"},{\"@type\":\"ListItem\",\"position\":3,\"name\":\"WELIREG\u00ae\",\"item\":\"https:\/\/www.mymsd.ch\/it\/products\/welireg\/\"},{\"@type\":\"ListItem\",\"position\":4,\"name\":\"WELIREG\u00ae per l\u2019aRCC\",\"item\":\"https:\/\/www.mymsd.ch\/it\/products\/welireg\/ls005\/\"},{\"@type\":\"ListItem\",\"position\":5,\"name\":\"Sequenza\"}]},{\"@type\":\"WebSite\",\"@id\":\"https:\/\/www.mymsd.ch\/it\/#website\",\"url\":\"https:\/\/www.mymsd.ch\/it\/\",\"name\":\"MyMSD.ch IT\",\"description\":\"\",\"publisher\":{\"@id\":\"https:\/\/www.mymsd.ch\/it\/#organization\"},\"potentialAction\":[{\"@type\":\"SearchAction\",\"target\":{\"@type\":\"EntryPoint\",\"urlTemplate\":\"https:\/\/www.mymsd.ch\/it\/?s={search_term_string}\"},\"query-input\":{\"@type\":\"PropertyValueSpecification\",\"valueRequired\":true,\"valueName\":\"search_term_string\"}}],\"inLanguage\":\"it-IT\"},{\"@type\":\"Organization\",\"@id\":\"https:\/\/www.mymsd.ch\/it\/#organization\",\"name\":\"MSD Switzerland\",\"url\":\"https:\/\/www.mymsd.ch\/it\/\",\"logo\":{\"@type\":\"ImageObject\",\"inLanguage\":\"it-IT\",\"@id\":\"https:\/\/www.mymsd.ch\/it\/#\/schema\/logo\/image\/\",\"url\":\"https:\/\/www.mymsd.ch\/it\/wp-content\/uploads\/sites\/47\/2023\/10\/cropped-myMSD-logo.png\",\"contentUrl\":\"https:\/\/www.mymsd.ch\/it\/wp-content\/uploads\/sites\/47\/2023\/10\/cropped-myMSD-logo.png\",\"width\":4084,\"height\":692,\"caption\":\"MSD Switzerland\"},\"image\":{\"@id\":\"https:\/\/www.mymsd.ch\/it\/#\/schema\/logo\/image\/\"}}]}<\/script>\n<!-- \/ Yoast SEO plugin. -->","yoast_head_json":{"title":"Sequenza - MyMSD.ch IT","robots":{"index":"index","follow":"follow","max-snippet":"max-snippet:-1","max-image-preview":"max-image-preview:large","max-video-preview":"max-video-preview:-1"},"canonical":"https:\/\/www.mymsd.ch\/it\/products\/welireg\/ls005\/sequenza\/","og_locale":"it_IT","og_type":"article","og_title":"Sequenza - MyMSD.ch IT","og_description":"A partire da quale linea terapeutica \u00e8 possibile utilizzare WELIREG\u00ae in caso di aRCC?","og_url":"https:\/\/www.mymsd.ch\/it\/products\/welireg\/ls005\/sequenza\/","og_site_name":"MyMSD.ch IT","article_modified_time":"2025-08-22T07:01:41+00:00","og_image":[{"width":611,"height":430,"url":"https:\/\/www.mymsd.ch\/it\/wp-content\/uploads\/sites\/47\/2025\/08\/I-WELIREG-aRCC-Thumbnail-Sequence.jpg","type":"image\/jpeg"}],"twitter_card":"summary_large_image","twitter_misc":{"Tempo di lettura stimato":"4 minuti"},"schema":{"@context":"https:\/\/schema.org","@graph":[{"@type":"WebPage","@id":"https:\/\/www.mymsd.ch\/it\/products\/welireg\/ls005\/sequenza\/","url":"https:\/\/www.mymsd.ch\/it\/products\/welireg\/ls005\/sequenza\/","name":"Sequenza - MyMSD.ch IT","isPartOf":{"@id":"https:\/\/www.mymsd.ch\/it\/#website"},"primaryImageOfPage":{"@id":"https:\/\/www.mymsd.ch\/it\/products\/welireg\/ls005\/sequenza\/#primaryimage"},"image":{"@id":"https:\/\/www.mymsd.ch\/it\/products\/welireg\/ls005\/sequenza\/#primaryimage"},"thumbnailUrl":"https:\/\/www.mymsd.ch\/it\/wp-content\/uploads\/sites\/47\/2025\/08\/I-WELIREG-aRCC-Thumbnail-Sequence.jpg","datePublished":"2025-08-22T07:01:25+00:00","dateModified":"2025-08-22T07:01:41+00:00","breadcrumb":{"@id":"https:\/\/www.mymsd.ch\/it\/products\/welireg\/ls005\/sequenza\/#breadcrumb"},"inLanguage":"it-IT","potentialAction":[{"@type":"ReadAction","target":["https:\/\/www.mymsd.ch\/it\/products\/welireg\/ls005\/sequenza\/"]}]},{"@type":"ImageObject","inLanguage":"it-IT","@id":"https:\/\/www.mymsd.ch\/it\/products\/welireg\/ls005\/sequenza\/#primaryimage","url":"https:\/\/www.mymsd.ch\/it\/wp-content\/uploads\/sites\/47\/2025\/08\/I-WELIREG-aRCC-Thumbnail-Sequence.jpg","contentUrl":"https:\/\/www.mymsd.ch\/it\/wp-content\/uploads\/sites\/47\/2025\/08\/I-WELIREG-aRCC-Thumbnail-Sequence.jpg","width":611,"height":430},{"@type":"BreadcrumbList","@id":"https:\/\/www.mymsd.ch\/it\/products\/welireg\/ls005\/sequenza\/#breadcrumb","itemListElement":[{"@type":"ListItem","position":1,"name":"Home","item":"https:\/\/www.mymsd.ch\/it\/"},{"@type":"ListItem","position":2,"name":"Products","item":"https:\/\/www.mymsd.ch\/it\/products\/"},{"@type":"ListItem","position":3,"name":"WELIREG\u00ae","item":"https:\/\/www.mymsd.ch\/it\/products\/welireg\/"},{"@type":"ListItem","position":4,"name":"WELIREG\u00ae per l\u2019aRCC","item":"https:\/\/www.mymsd.ch\/it\/products\/welireg\/ls005\/"},{"@type":"ListItem","position":5,"name":"Sequenza"}]},{"@type":"WebSite","@id":"https:\/\/www.mymsd.ch\/it\/#website","url":"https:\/\/www.mymsd.ch\/it\/","name":"MyMSD.ch IT","description":"","publisher":{"@id":"https:\/\/www.mymsd.ch\/it\/#organization"},"potentialAction":[{"@type":"SearchAction","target":{"@type":"EntryPoint","urlTemplate":"https:\/\/www.mymsd.ch\/it\/?s={search_term_string}"},"query-input":{"@type":"PropertyValueSpecification","valueRequired":true,"valueName":"search_term_string"}}],"inLanguage":"it-IT"},{"@type":"Organization","@id":"https:\/\/www.mymsd.ch\/it\/#organization","name":"MSD Switzerland","url":"https:\/\/www.mymsd.ch\/it\/","logo":{"@type":"ImageObject","inLanguage":"it-IT","@id":"https:\/\/www.mymsd.ch\/it\/#\/schema\/logo\/image\/","url":"https:\/\/www.mymsd.ch\/it\/wp-content\/uploads\/sites\/47\/2023\/10\/cropped-myMSD-logo.png","contentUrl":"https:\/\/www.mymsd.ch\/it\/wp-content\/uploads\/sites\/47\/2023\/10\/cropped-myMSD-logo.png","width":4084,"height":692,"caption":"MSD Switzerland"},"image":{"@id":"https:\/\/www.mymsd.ch\/it\/#\/schema\/logo\/image\/"}}]}},"_links":{"self":[{"href":"https:\/\/www.mymsd.ch\/it\/wp-json\/wp\/v2\/product\/102986","targetHints":{"allow":["GET"]}}],"collection":[{"href":"https:\/\/www.mymsd.ch\/it\/wp-json\/wp\/v2\/product"}],"about":[{"href":"https:\/\/www.mymsd.ch\/it\/wp-json\/wp\/v2\/types\/product"}],"author":[{"embeddable":true,"href":"https:\/\/www.mymsd.ch\/it\/wp-json\/wp\/v2\/users\/202221"}],"version-history":[{"count":4,"href":"https:\/\/www.mymsd.ch\/it\/wp-json\/wp\/v2\/product\/102986\/revisions"}],"predecessor-version":[{"id":103074,"href":"https:\/\/www.mymsd.ch\/it\/wp-json\/wp\/v2\/product\/102986\/revisions\/103074"}],"up":[{"embeddable":true,"href":"https:\/\/www.mymsd.ch\/it\/wp-json\/wp\/v2\/product\/102978"}],"wp:featuredmedia":[{"embeddable":true,"href":"https:\/\/www.mymsd.ch\/it\/wp-json\/wp\/v2\/media\/103069"}],"wp:attachment":[{"href":"https:\/\/www.mymsd.ch\/it\/wp-json\/wp\/v2\/media?parent=102986"}],"wp:term":[{"taxonomy":"category","embeddable":true,"href":"https:\/\/www.mymsd.ch\/it\/wp-json\/wp\/v2\/categories?post=102986"},{"taxonomy":"post_tag","embeddable":true,"href":"https:\/\/www.mymsd.ch\/it\/wp-json\/wp\/v2\/tags?post=102986"},{"taxonomy":"ga4_page_audience","embeddable":true,"href":"https:\/\/www.mymsd.ch\/it\/wp-json\/wp\/v2\/ga4_page_audience?post=102986"},{"taxonomy":"ga4_page_birn_id","embeddable":true,"href":"https:\/\/www.mymsd.ch\/it\/wp-json\/wp\/v2\/ga4_page_birn_id?post=102986"},{"taxonomy":"ga4_page_branding","embeddable":true,"href":"https:\/\/www.mymsd.ch\/it\/wp-json\/wp\/v2\/ga4_page_branding?post=102986"},{"taxonomy":"ga4_page_businessunit","embeddable":true,"href":"https:\/\/www.mymsd.ch\/it\/wp-json\/wp\/v2\/ga4_page_businessunit?post=102986"},{"taxonomy":"ga4_page_campaign","embeddable":true,"href":"https:\/\/www.mymsd.ch\/it\/wp-json\/wp\/v2\/ga4_page_campaign?post=102986"},{"taxonomy":"ga4_page_content_purpose","embeddable":true,"href":"https:\/\/www.mymsd.ch\/it\/wp-json\/wp\/v2\/ga4_page_content_purpose?post=102986"},{"taxonomy":"ga4_page_customer_journey_stage","embeddable":true,"href":"https:\/\/www.mymsd.ch\/it\/wp-json\/wp\/v2\/ga4_page_customer_journey_stage?post=102986"},{"taxonomy":"ga4_page_customer_specialty","embeddable":true,"href":"https:\/\/www.mymsd.ch\/it\/wp-json\/wp\/v2\/ga4_page_customer_specialty?post=102986"},{"taxonomy":"ga4_page_experience","embeddable":true,"href":"https:\/\/www.mymsd.ch\/it\/wp-json\/wp\/v2\/ga4_page_experience?post=102986"},{"taxonomy":"ga4_page_indication","embeddable":true,"href":"https:\/\/www.mymsd.ch\/it\/wp-json\/wp\/v2\/ga4_page_indication?post=102986"},{"taxonomy":"ga4_page_material_intent","embeddable":true,"href":"https:\/\/www.mymsd.ch\/it\/wp-json\/wp\/v2\/ga4_page_material_intent?post=102986"},{"taxonomy":"ga4_page_product","embeddable":true,"href":"https:\/\/www.mymsd.ch\/it\/wp-json\/wp\/v2\/ga4_page_product?post=102986"},{"taxonomy":"ga4_page_region","embeddable":true,"href":"https:\/\/www.mymsd.ch\/it\/wp-json\/wp\/v2\/ga4_page_region?post=102986"},{"taxonomy":"ga4_page_therapeuticarea","embeddable":true,"href":"https:\/\/www.mymsd.ch\/it\/wp-json\/wp\/v2\/ga4_page_therapeuticarea?post=102986"},{"taxonomy":"tx-therapeutic-area","embeddable":true,"href":"https:\/\/www.mymsd.ch\/it\/wp-json\/wp\/v2\/tx-therapeutic-area?post=102986"},{"taxonomy":"tx-product","embeddable":true,"href":"https:\/\/www.mymsd.ch\/it\/wp-json\/wp\/v2\/tx-product?post=102986"},{"taxonomy":"tx-pathology","embeddable":true,"href":"https:\/\/www.mymsd.ch\/it\/wp-json\/wp\/v2\/tx-pathology?post=102986"},{"taxonomy":"tx-content-type","embeddable":true,"href":"https:\/\/www.mymsd.ch\/it\/wp-json\/wp\/v2\/tx-content-type?post=102986"},{"taxonomy":"tx-active-ingredient","embeddable":true,"href":"https:\/\/www.mymsd.ch\/it\/wp-json\/wp\/v2\/tx-active-ingredient?post=102986"},{"taxonomy":"access","embeddable":true,"href":"https:\/\/www.mymsd.ch\/it\/wp-json\/wp\/v2\/access?post=102986"},{"taxonomy":"user_status","embeddable":true,"href":"https:\/\/www.mymsd.ch\/it\/wp-json\/wp\/v2\/user_status?post=102986"},{"taxonomy":"user_role","embeddable":true,"href":"https:\/\/www.mymsd.ch\/it\/wp-json\/wp\/v2\/user_role?post=102986"}],"curies":[{"name":"wp","href":"https:\/\/api.w.org\/{rel}","templated":true}]}}