{"id":94923,"date":"2025-04-07T20:14:19","date_gmt":"2025-04-07T20:14:19","guid":{"rendered":"https:\/\/www.mymsd.ch\/fr\/?post_type=product&#038;p=94923"},"modified":"2025-11-30T22:08:00","modified_gmt":"2025-11-30T22:08:00","slug":"lignes-directrices","status":"publish","type":"product","link":"https:\/\/www.mymsd.ch\/fr\/products\/welireg\/ls004\/lignes-directrices\/","title":{"rendered":"Lignes directrices"},"content":{"rendered":"\n<h2 class=\"wp-block-heading has-border-color has-has-red-border-color-border-color has-text-color  mhh-mcn-v1-heading mhh-mcn-v1-heading--1c1aaa6aaf3bfc75bd574bf5ec7ebbd1\" style=\"color:#123a8a\">WELIREG\u00ae (belzutifan) a \u00e9t\u00e9 int\u00e9gr\u00e9 aux directives cliniques pour l&rsquo;oncologie du NCCN (NCCN Guidelines\u00ae)<sup>1,2<\/sup><\/h2>\n\n\n\n<div style=\"height:40px\" aria-hidden=\"true\" class=\"wp-block-spacer\"><\/div>\n\n\n<figure class=\"mhh-mcn-v1-image mhh-mcn-v1-image--bb729a17f0be97c37be37b8817c9613d\">\n                    <img loading=\"lazy\" decoding=\"async\"\n        class=\"mhh-mcn-image mhh-mcn-image--full wp-image-99820\"\n        src=\"https:\/\/www.mymsd.ch\/fr\/wp-content\/uploads\/sites\/30\/2025\/04\/F-WELIREG-VHL-RCC-NCCN-Guidelines.jpg?quality=80&#038;lossy=1\"\n        width=\"1024\"\n        height=\"329\"\n                alt=\"NCCN - cancer du rein\"\n            \/>\n            <\/figure>\n\n\n\n<div style=\"height:40px\" aria-hidden=\"true\" class=\"wp-block-spacer\"><\/div>\n\n\n<figure class=\"mhh-mcn-v1-image mhh-mcn-v1-image--df736077c9af441eedec55779d2c08e5\">\n                    <img decoding=\"async\"\n        class=\"mhh-mcn-image mhh-mcn-image--full wp-image-99816\"\n        src=\"https:\/\/www.mymsd.ch\/fr\/wp-content\/uploads\/sites\/30\/2025\/04\/F-WELIREG-VHL-CNS-NCCN-Guidelines.jpg?quality=80&#038;lossy=1\"\n        width=\"1024\"\n        height=\"329\"\n        loading=\"lazy\"        alt=\"NCCN - tumeurs du SNC\"\n            \/>\n            <\/figure>\n\n\n\n<p class=\"has-gray-700-color has-text-color has-link-color has-border-color has-has-red-border-color-border-color has-black-color has-object-object-font-size   mhh-mcn-v1-paragraph mhh-mcn-v1-paragraph--39a860521af6a40ec7bfb3779c29826e\"><em><mark class=\"has-inline-color has-black-color\"><strong>* Cat\u00e9gorie 2A<\/strong>: sur la base de preuves de faible valeur, il existe un consensus uniforme du NCCN, selon lequel l\u2019intervention est appropri\u00e9e.<br>Le NCCN ne fournit aucune garantie quant \u00e0 son contenu, son utilisation ou son application, et d\u00e9cline toute responsabilit\u00e9 pour son utilisation ou son application sous quelque forme que ce soit.<\/mark><\/em><\/p>\n\n\n\n<div style=\"height:100px\" aria-hidden=\"true\" class=\"wp-block-spacer\"><\/div>\n\n\n\n<hr class=\"wp-block-separator has-alpha-channel-opacity\" \/>\n\n\n<div class=\"mhh-mcn-v1-links mhh-mcn-v1-links--1df10307e1925828dedd9c606ec15f4d\">\n    <a class=\"mhh-mcn-v1-link mhh-mcn-v1-link--875692e5cbece2659e5d362f80170231\" href=\"mailto:%20dpoc.switzerland@msd.com\" target=\"_self\" aria-label=\"Des exemplaires des publications de l&#039;\u00e9tude peuvent \u00eatre demand\u00e9s \u00e0 dpoc.switzerland@msd.com si n\u00e9cessaire.\">\n                    <span class=\"mhh-mcn-v1-link__label\">Des exemplaires des publications de l&rsquo;\u00e9tude peuvent \u00eatre demand\u00e9s \u00e0 dpoc.switzerland@msd.com si n\u00e9cessaire.<\/span>\n                <\/a><\/div>\n\n\n\n<div style=\"height:32px\" aria-hidden=\"true\" class=\"wp-block-spacer\"><\/div>\n\n\n<div class=\"mhh-mcn-columns mhh-mcn-v1-columns--c7d933c0a0681d0d172348bcd17aa556 mhh-mcn-v1-columns mhh-mcn-columns--gutter-m\">\n    <div class=\"mhh-mcn-columns-inner\">\n        \n<div class=\"mhh-mcn-v1-column mhh-mcn-v1-column--751b7a927f7a0114273efdf8948d1910 mhh-mcn-column mhh-mcn-column--12 mhh-mcn-column--m-12 mhh-mcn-column--l-12\">\n    \n\n<h5 class=\"wp-block-heading has-border-color has-has-red-border-color-border-color  mhh-mcn-v1-heading mhh-mcn-v1-heading--fa395fb17d9535d2044ae0ed37b63b3f\"><em><mark class=\"has-inline-color has-black-color\"><strong>Abr\u00e9viations<\/strong>:<\/mark><\/em><\/h5>\n\n\n\n<p class=\"has-gray-700-color has-text-color has-object-object-font-size has-border-color has-has-red-border-color-border-color   mhh-mcn-v1-paragraph mhh-mcn-v1-paragraph--8c8200d2f12cdf7eb2ec19a58175024c\"><em><mark class=\"has-inline-color has-black-color\"><strong>NCCN<\/strong>: National Comprehensive Cancer Network; <strong>SNC<\/strong>: syst\u00e8me nerveux central; <strong>VHL<\/strong>: Von-Hippel-Lindau..<\/mark><\/em><\/p>\n\n<\/div>\n\n    <\/div>\n\n    <\/div>\n\n\n<div class=\"mhh-mcn-columns mhh-mcn-v1-columns--505308b308422d52df75386baad68a34 mhh-mcn-v1-columns mhh-mcn-columns--gutter-m\">\n    <div class=\"mhh-mcn-columns-inner\">\n        \n<div class=\"mhh-mcn-v1-column mhh-mcn-v1-column--94ed5b1718aa5a82c7d9c01fad302caf mhh-mcn-column mhh-mcn-column--12 mhh-mcn-column--m-12 mhh-mcn-column--l-12\">\n    \n\n<h5 class=\"wp-block-heading has-border-color has-has-red-border-color-border-color  mhh-mcn-v1-heading mhh-mcn-v1-heading--39305477333db91b193ce9169c86965c\"><em><mark class=\"has-inline-color has-black-color\"><strong>R\u00e9f\u00e9rences:<\/strong> <\/mark><\/em><\/h5>\n\n\n\n<ol class=\"mhh-mcn-v2-clist mhh-mcn-v2-clist--5f64adc23f9f018b564ab475fb345fe1 mhh-mcn-list mhh-mcn-v2-clist--ordered mhh-mcn-v2-clist--ordered-decimal\" dir=\"ltr\" lang=\"en-US\" start=\"1\">\n    \n<li class=\"mhh-mcn-list-item mhh-mcn-v2-list-item\">\n    <em>Referenced with permission from the NCCN Clinical Practice Guidelines in Oncology (NCCN Guidelines\u00ae) for Kidney Cancer V.3.2025. <a href=\"https:\/\/www.nccn.org\/guidelines\/guidelines-detail?category=1&amp;id=1440\" target=\"_blank\" rel=\"noreferrer noopener nofollow\">https:\/\/www.nccn.org\/guidelines\/guidelines-detail?category=1&amp;id=1440<\/a>. \u00a9 National Comprehensive Cancer Network, Inc. 2025. All rights reserved. Zuletzt abgerufen am 03.03.2025. To view the most recent and complete version of the guidelines, go online to <a href=\"https:\/\/www.nccn.org\/\" target=\"_blank\" rel=\"noreferrer noopener nofollow\">NCCN.org<\/a>.<\/em>    <\/li>\n\n\n<li class=\"mhh-mcn-list-item mhh-mcn-v2-list-item\">\n    <em>Referenced with permission from the NCCN Clinical Practice Guidelines in Oncology (NCCN Guidelines\u00ae) for Central Nervous System Cancers Version 5.2024. <a href=\"https:\/\/www.nccn.org\/guidelines\/guidelines-detail?category=1&amp;id=1425\" target=\"_blank\" rel=\"noreferrer noopener nofollow\">https:\/\/www.nccn.org\/guidelines\/guidelines-detail?category=1&amp;id=1425<\/a>. \u00a9 National Comprehensive Cancer Network, Inc. 2025. All rights reserved. Zuletzt abgerufen am 07.03.2025. To view the most recent and complete version of the guidelines, go online to <a href=\"https:\/\/www.nccn.org\/\" target=\"_blank\" rel=\"noreferrer noopener nofollow\">NCCN.org<\/a>.<\/em>    <\/li>\n\n<\/ol>\n\n<\/div>\n\n    <\/div>\n\n    <\/div>\n\n\n\n<p class=\"has-object-object-font-size has-border-color has-has-red-border-color-border-color   mhh-mcn-v1-paragraph mhh-mcn-v1-paragraph--d9b462c49f638fdbb9c03089c0264432\"><mark class=\"has-inline-color has-black-color\">\u25bc <em>Ce m\u00e9dicament fait l&rsquo;objet d&rsquo;une surveillance suppl\u00e9mentaire. Pour plus d\u2019informations, se r\u00e9f\u00e9rer \u00e0 l\u2019information professionnelle de WELIREG\u00ae disponible sous <a href=\"https:\/\/www.swissmedicinfo.ch\/ShowText.aspx?textType=FI&amp;lang=FR&amp;authNr=68531\" target=\"_blank\" rel=\"noreferrer noopener nofollow\">www.swissmedicinfo.ch<\/a>.<\/em><br><\/mark><br><em><mark class=\"has-inline-color has-black-color\">Avant la prescription, veuillez consulter l\u2019information professionnelle compl\u00e8te publi\u00e9e sur\u00a0<a href=\"https:\/\/www.swissmedicinfo.ch\/ShowText.aspx?textType=FI&amp;lang=FR&amp;authNr=68531\" target=\"_blank\" rel=\"noreferrer noopener nofollow\">www.swissmedicinfo.ch<\/a>.<\/mark><\/em><\/p>\n\n\n<div class=\"mhh-mcn-v1-links mhh-mcn-v1-links--a4b2e6dd9bc1e5063a3cb4413c58fb90\">\n    <a class=\"mhh-mcn-v1-link mhh-mcn-v1-link--9e8104a6f5eec9849dd3d04c4bebc2f7 mhh-mcn-v1-link--is-variation mhh-mcn-v1-link--button-custom\" href=\"https:\/\/www.swissmedicinfo-pro.ch\/showText.aspx?textType=FI&#038;lang=FR&#038;authNr=68531&#038;supportMultipleResults=1\" target=\"_blank\" rel=\"noopener noreferrer\" aria-label=\"Information professionnelle de WELIREG\u00ae\">\n                    <span class=\"mhh-mcn-v1-link__label\">Information professionnelle de WELIREG\u00ae<\/span>\n                <\/a><\/div>\n\n\n<div class=\"mhh-mcn-v1-links mhh-mcn-v1-links--3792025ea97d0a7c9ce392b8bb3d3780\">\n    <a class=\"mhh-mcn-v1-link mhh-mcn-v1-link--fab7de5fa295e2a7924fb0c35177fc95 mhh-mcn-v1-link--is-variation mhh-mcn-v1-link--button-custom\" href=\"https:\/\/www.mymsd.ch\/fr\/succinctstatement\/welireg\/\" target=\"_blank\" rel=\"noopener noreferrer\" aria-label=\"Information professionnelle abr\u00e9g\u00e9e de WELIREG\u00ae\">\n                    <span class=\"mhh-mcn-v1-link__label\">Information professionnelle abr\u00e9g\u00e9e de WELIREG\u00ae<\/span>\n                <\/a><\/div>\n","protected":false},"excerpt":{"rendered":"<p>Le belzutifan (WELIREG\u00ae) a \u00e9t\u00e9 int\u00e9gr\u00e9 aux lignes directrices du NCCN (NCCN Guidelines\u00ae) quant \u00e0 la pratique clinique en oncologie<\/p>\n","protected":false},"author":202221,"featured_media":99912,"parent":99751,"menu_order":8,"template":"","meta":{"_mhh_sticky_footer_settings":{"entityId":0},"_mhh_sticky_footer_posts":"","_mhh_sticky_footer_expanded":false,"_mhh_mcn_text_direction":"","_mhh_mcn_language":"","_mhh_mcn_left_sidebar_settings":{"entityId":0},"_mhh_mcn_sidebar_settings":{"entityId":0},"mhh_mcn_side_navigation_style":{"fontSize":{"l":"","m":"","s":""},"lineHeight":{"l":1.5,"m":1.5,"s":1.5},"itemColor":"","hoverItemColor":"","currentItemColor":"","borderItemColor":"","backgroundItemHoverColor":"","themeColor":""},"_mhh_mcn_child_page_navigation":{"isActive":true,"isSticky":true},"hide_header":false,"show_top_bar":false,"hide_footer":false,"full_width_layout":false,"product_resource":[],"related_products":"","fact_sheet":null,"scientific_title":"","job_code":"","banner":99911,"primary_logo":null,"secondary_logo":null,"icon":null,"primary_tag":1524,"editor_notices":[],"mconnectHideShareThis":false,"footnotes":"","mconnectIsArchiveTemplate":false,"mconnectArchiveFiltersDisabled":false,"mconnectArchiveLockAllPresetFilters":false,"mconnectArchiveHidePageSubmenu":false,"mconnectArchiveShowParentPageOnly":false,"mconnectArchiveDefaultOrder":"DESC","mconnectArchiveDefaultOrderBy":"date","mconnectArchivePostsPerPage":12,"mconnectArchivePostTypes":[],"mconnectArchiveAllowFilterBy":["category","tx-content-type","tx-product","tx-pathology","tx-active-ingredient","tx-therapeutic-area"],"mconnectArchiveTaxonomyOrder":[],"mconnectArchiveFilterSorting":["active","is_keyword","is_date"],"mconnectArchiveContentItemStyle":{"showExcerpt":true,"showImage":true,"showIcon":false,"showPrimaryTag":true,"showBorder":false,"showDates":false,"showCta":true,"isCard":false,"hasBackground":false,"showMetadata":true},"mconnectArchiveLayout":{"type":"list","hasFeatured":false},"mconnectDynamicTaxonomyEntities":[],"mconnectArchiveTerms_category":[],"mconnectArchiveAllowTerms_category":[],"mconnectArchiveTerms_tx-content-type":[],"mconnectArchiveAllowTerms_tx-content-type":[],"mconnectArchiveTerms_tx-product":[],"mconnectArchiveAllowTerms_tx-product":[],"mconnectArchiveTerms_tx-pathology":[],"mconnectArchiveAllowTerms_tx-pathology":[],"mconnectArchiveTerms_tx-active-ingredient":[],"mconnectArchiveAllowTerms_tx-active-ingredient":[],"mconnectArchiveTerms_tx-therapeutic-area":[],"mconnectArchiveAllowTerms_tx-therapeutic-area":[],"mconnectArchiveAllowTerms_dynamic-taxonomy":[],"mconnectArchiveLegacyDefaultTermsApplied":false,"mconnectContentUpdatesPerPage":10,"mconnectContentUpdatesViewMoreUrl":"","mconnectContentUpdatesTerms_tx-content-type":[],"mconnectContentUpdatesTerms_tx-product":[],"mconnectContentUpdatesTerms_tx-pathology":[],"mconnectContentUpdatesTerms_tx-active-ingredient":[],"mconnectContentUpdatesTerms_tx-therapeutic-area":[],"sidebar_toogle":0,"sidebar_toogle_notification_warning":true,"sidebar_toogle_notification_alert":true,"content_expiration_sidebar_date":"","content_expiration_sidebar_expired_post_status":"","content_expiration_sidebar_redirection":""},"categories":[693],"tags":[1524],"ga4_page_audience":[],"ga4_page_birn_id":[],"ga4_page_branding":[957],"ga4_page_businessunit":[963],"ga4_page_campaign":[],"ga4_page_content_purpose":[992],"ga4_page_customer_journey_stage":[1012],"ga4_page_customer_specialty":[1052],"ga4_page_experience":[],"ga4_page_indication":[],"ga4_page_material_intent":[1206],"ga4_page_product":[1216],"ga4_page_region":[1462],"ga4_page_therapeuticarea":[1497],"tx-therapeutic-area":[627,931],"tx-product":[1522],"tx-pathology":[1525],"tx-content-type":[686],"tx-active-ingredient":[],"access":[],"user_status":[],"user_role":[],"class_list":["post-94923","product","type-product","status-publish","has-post-thumbnail","hentry","category-indications","tag-welireg-2"],"yoast_head":"<!-- This site is optimized with the Yoast SEO plugin v23.9 - https:\/\/yoast.com\/wordpress\/plugins\/seo\/ -->\n<title>Lignes directrices - MyMSD.ch FR<\/title>\n<meta name=\"robots\" content=\"index, follow, max-snippet:-1, max-image-preview:large, max-video-preview:-1\" \/>\n<link rel=\"canonical\" href=\"https:\/\/www.mymsd.ch\/fr\/products\/welireg\/ls004\/lignes-directrices\/\" \/>\n<meta property=\"og:locale\" content=\"fr_FR\" \/>\n<meta property=\"og:type\" content=\"article\" \/>\n<meta property=\"og:title\" content=\"Lignes directrices - MyMSD.ch FR\" \/>\n<meta property=\"og:description\" content=\"Le belzutifan (WELIREG\u00ae) a \u00e9t\u00e9 int\u00e9gr\u00e9 aux lignes directrices du NCCN (NCCN Guidelines\u00ae) quant \u00e0 la pratique clinique en oncologie\" \/>\n<meta property=\"og:url\" content=\"https:\/\/www.mymsd.ch\/fr\/products\/welireg\/ls004\/lignes-directrices\/\" \/>\n<meta property=\"og:site_name\" content=\"MyMSD.ch FR\" \/>\n<meta property=\"article:modified_time\" content=\"2025-11-30T22:08:00+00:00\" \/>\n<meta property=\"og:image\" content=\"https:\/\/www.mymsd.ch\/fr\/wp-content\/uploads\/sites\/30\/2025\/04\/F-WELIREG-VHL-Thumbnail-Guidelines_2.jpg\" \/>\n\t<meta property=\"og:image:width\" content=\"611\" \/>\n\t<meta property=\"og:image:height\" content=\"430\" \/>\n\t<meta property=\"og:image:type\" content=\"image\/jpeg\" \/>\n<meta name=\"twitter:card\" content=\"summary_large_image\" \/>\n<meta name=\"twitter:label1\" content=\"Dur\u00e9e de lecture estim\u00e9e\" \/>\n\t<meta name=\"twitter:data1\" content=\"1 minute\" \/>\n<script type=\"application\/ld+json\" class=\"yoast-schema-graph\">{\"@context\":\"https:\/\/schema.org\",\"@graph\":[{\"@type\":\"WebPage\",\"@id\":\"https:\/\/www.mymsd.ch\/fr\/products\/welireg\/ls004\/lignes-directrices\/\",\"url\":\"https:\/\/www.mymsd.ch\/fr\/products\/welireg\/ls004\/lignes-directrices\/\",\"name\":\"Lignes directrices - MyMSD.ch FR\",\"isPartOf\":{\"@id\":\"https:\/\/www.mymsd.ch\/fr\/#website\"},\"primaryImageOfPage\":{\"@id\":\"https:\/\/www.mymsd.ch\/fr\/products\/welireg\/ls004\/lignes-directrices\/#primaryimage\"},\"image\":{\"@id\":\"https:\/\/www.mymsd.ch\/fr\/products\/welireg\/ls004\/lignes-directrices\/#primaryimage\"},\"thumbnailUrl\":\"https:\/\/www.mymsd.ch\/fr\/wp-content\/uploads\/sites\/30\/2025\/04\/F-WELIREG-VHL-Thumbnail-Guidelines_2.jpg\",\"datePublished\":\"2025-04-07T20:14:19+00:00\",\"dateModified\":\"2025-11-30T22:08:00+00:00\",\"breadcrumb\":{\"@id\":\"https:\/\/www.mymsd.ch\/fr\/products\/welireg\/ls004\/lignes-directrices\/#breadcrumb\"},\"inLanguage\":\"fr-FR\",\"potentialAction\":[{\"@type\":\"ReadAction\",\"target\":[\"https:\/\/www.mymsd.ch\/fr\/products\/welireg\/ls004\/lignes-directrices\/\"]}]},{\"@type\":\"ImageObject\",\"inLanguage\":\"fr-FR\",\"@id\":\"https:\/\/www.mymsd.ch\/fr\/products\/welireg\/ls004\/lignes-directrices\/#primaryimage\",\"url\":\"https:\/\/www.mymsd.ch\/fr\/wp-content\/uploads\/sites\/30\/2025\/04\/F-WELIREG-VHL-Thumbnail-Guidelines_2.jpg\",\"contentUrl\":\"https:\/\/www.mymsd.ch\/fr\/wp-content\/uploads\/sites\/30\/2025\/04\/F-WELIREG-VHL-Thumbnail-Guidelines_2.jpg\",\"width\":611,\"height\":430},{\"@type\":\"BreadcrumbList\",\"@id\":\"https:\/\/www.mymsd.ch\/fr\/products\/welireg\/ls004\/lignes-directrices\/#breadcrumb\",\"itemListElement\":[{\"@type\":\"ListItem\",\"position\":1,\"name\":\"Home\",\"item\":\"https:\/\/www.mymsd.ch\/fr\/\"},{\"@type\":\"ListItem\",\"position\":2,\"name\":\"Products\",\"item\":\"https:\/\/www.mymsd.ch\/fr\/products\/\"},{\"@type\":\"ListItem\",\"position\":3,\"name\":\"WELIREG\u00ae\",\"item\":\"https:\/\/www.mymsd.ch\/fr\/products\/welireg\/\"},{\"@type\":\"ListItem\",\"position\":4,\"name\":\"WELIREG\u00ae pour la VHL\",\"item\":\"https:\/\/www.mymsd.ch\/fr\/products\/welireg\/ls004\/\"},{\"@type\":\"ListItem\",\"position\":5,\"name\":\"Lignes directrices\"}]},{\"@type\":\"WebSite\",\"@id\":\"https:\/\/www.mymsd.ch\/fr\/#website\",\"url\":\"https:\/\/www.mymsd.ch\/fr\/\",\"name\":\"MyMSD.ch FR\",\"description\":\"\",\"publisher\":{\"@id\":\"https:\/\/www.mymsd.ch\/fr\/#organization\"},\"potentialAction\":[{\"@type\":\"SearchAction\",\"target\":{\"@type\":\"EntryPoint\",\"urlTemplate\":\"https:\/\/www.mymsd.ch\/fr\/?s={search_term_string}\"},\"query-input\":{\"@type\":\"PropertyValueSpecification\",\"valueRequired\":true,\"valueName\":\"search_term_string\"}}],\"inLanguage\":\"fr-FR\"},{\"@type\":\"Organization\",\"@id\":\"https:\/\/www.mymsd.ch\/fr\/#organization\",\"name\":\"MSD Switzerland\",\"url\":\"https:\/\/www.mymsd.ch\/fr\/\",\"logo\":{\"@type\":\"ImageObject\",\"inLanguage\":\"fr-FR\",\"@id\":\"https:\/\/www.mymsd.ch\/fr\/#\/schema\/logo\/image\/\",\"url\":\"https:\/\/www.mymsd.ch\/fr\/wp-content\/uploads\/sites\/30\/2023\/10\/cropped-myMSD-logo.png\",\"contentUrl\":\"https:\/\/www.mymsd.ch\/fr\/wp-content\/uploads\/sites\/30\/2023\/10\/cropped-myMSD-logo.png\",\"width\":4084,\"height\":692,\"caption\":\"MSD Switzerland\"},\"image\":{\"@id\":\"https:\/\/www.mymsd.ch\/fr\/#\/schema\/logo\/image\/\"}}]}<\/script>\n<!-- \/ Yoast SEO plugin. -->","yoast_head_json":{"title":"Lignes directrices - MyMSD.ch FR","robots":{"index":"index","follow":"follow","max-snippet":"max-snippet:-1","max-image-preview":"max-image-preview:large","max-video-preview":"max-video-preview:-1"},"canonical":"https:\/\/www.mymsd.ch\/fr\/products\/welireg\/ls004\/lignes-directrices\/","og_locale":"fr_FR","og_type":"article","og_title":"Lignes directrices - MyMSD.ch FR","og_description":"Le belzutifan (WELIREG\u00ae) a \u00e9t\u00e9 int\u00e9gr\u00e9 aux lignes directrices du NCCN (NCCN Guidelines\u00ae) quant \u00e0 la pratique clinique en oncologie","og_url":"https:\/\/www.mymsd.ch\/fr\/products\/welireg\/ls004\/lignes-directrices\/","og_site_name":"MyMSD.ch FR","article_modified_time":"2025-11-30T22:08:00+00:00","og_image":[{"width":611,"height":430,"url":"https:\/\/www.mymsd.ch\/fr\/wp-content\/uploads\/sites\/30\/2025\/04\/F-WELIREG-VHL-Thumbnail-Guidelines_2.jpg","type":"image\/jpeg"}],"twitter_card":"summary_large_image","twitter_misc":{"Dur\u00e9e de lecture estim\u00e9e":"1 minute"},"schema":{"@context":"https:\/\/schema.org","@graph":[{"@type":"WebPage","@id":"https:\/\/www.mymsd.ch\/fr\/products\/welireg\/ls004\/lignes-directrices\/","url":"https:\/\/www.mymsd.ch\/fr\/products\/welireg\/ls004\/lignes-directrices\/","name":"Lignes directrices - MyMSD.ch FR","isPartOf":{"@id":"https:\/\/www.mymsd.ch\/fr\/#website"},"primaryImageOfPage":{"@id":"https:\/\/www.mymsd.ch\/fr\/products\/welireg\/ls004\/lignes-directrices\/#primaryimage"},"image":{"@id":"https:\/\/www.mymsd.ch\/fr\/products\/welireg\/ls004\/lignes-directrices\/#primaryimage"},"thumbnailUrl":"https:\/\/www.mymsd.ch\/fr\/wp-content\/uploads\/sites\/30\/2025\/04\/F-WELIREG-VHL-Thumbnail-Guidelines_2.jpg","datePublished":"2025-04-07T20:14:19+00:00","dateModified":"2025-11-30T22:08:00+00:00","breadcrumb":{"@id":"https:\/\/www.mymsd.ch\/fr\/products\/welireg\/ls004\/lignes-directrices\/#breadcrumb"},"inLanguage":"fr-FR","potentialAction":[{"@type":"ReadAction","target":["https:\/\/www.mymsd.ch\/fr\/products\/welireg\/ls004\/lignes-directrices\/"]}]},{"@type":"ImageObject","inLanguage":"fr-FR","@id":"https:\/\/www.mymsd.ch\/fr\/products\/welireg\/ls004\/lignes-directrices\/#primaryimage","url":"https:\/\/www.mymsd.ch\/fr\/wp-content\/uploads\/sites\/30\/2025\/04\/F-WELIREG-VHL-Thumbnail-Guidelines_2.jpg","contentUrl":"https:\/\/www.mymsd.ch\/fr\/wp-content\/uploads\/sites\/30\/2025\/04\/F-WELIREG-VHL-Thumbnail-Guidelines_2.jpg","width":611,"height":430},{"@type":"BreadcrumbList","@id":"https:\/\/www.mymsd.ch\/fr\/products\/welireg\/ls004\/lignes-directrices\/#breadcrumb","itemListElement":[{"@type":"ListItem","position":1,"name":"Home","item":"https:\/\/www.mymsd.ch\/fr\/"},{"@type":"ListItem","position":2,"name":"Products","item":"https:\/\/www.mymsd.ch\/fr\/products\/"},{"@type":"ListItem","position":3,"name":"WELIREG\u00ae","item":"https:\/\/www.mymsd.ch\/fr\/products\/welireg\/"},{"@type":"ListItem","position":4,"name":"WELIREG\u00ae pour la VHL","item":"https:\/\/www.mymsd.ch\/fr\/products\/welireg\/ls004\/"},{"@type":"ListItem","position":5,"name":"Lignes directrices"}]},{"@type":"WebSite","@id":"https:\/\/www.mymsd.ch\/fr\/#website","url":"https:\/\/www.mymsd.ch\/fr\/","name":"MyMSD.ch FR","description":"","publisher":{"@id":"https:\/\/www.mymsd.ch\/fr\/#organization"},"potentialAction":[{"@type":"SearchAction","target":{"@type":"EntryPoint","urlTemplate":"https:\/\/www.mymsd.ch\/fr\/?s={search_term_string}"},"query-input":{"@type":"PropertyValueSpecification","valueRequired":true,"valueName":"search_term_string"}}],"inLanguage":"fr-FR"},{"@type":"Organization","@id":"https:\/\/www.mymsd.ch\/fr\/#organization","name":"MSD Switzerland","url":"https:\/\/www.mymsd.ch\/fr\/","logo":{"@type":"ImageObject","inLanguage":"fr-FR","@id":"https:\/\/www.mymsd.ch\/fr\/#\/schema\/logo\/image\/","url":"https:\/\/www.mymsd.ch\/fr\/wp-content\/uploads\/sites\/30\/2023\/10\/cropped-myMSD-logo.png","contentUrl":"https:\/\/www.mymsd.ch\/fr\/wp-content\/uploads\/sites\/30\/2023\/10\/cropped-myMSD-logo.png","width":4084,"height":692,"caption":"MSD Switzerland"},"image":{"@id":"https:\/\/www.mymsd.ch\/fr\/#\/schema\/logo\/image\/"}}]}},"_links":{"self":[{"href":"https:\/\/www.mymsd.ch\/fr\/wp-json\/wp\/v2\/product\/94923","targetHints":{"allow":["GET"]}}],"collection":[{"href":"https:\/\/www.mymsd.ch\/fr\/wp-json\/wp\/v2\/product"}],"about":[{"href":"https:\/\/www.mymsd.ch\/fr\/wp-json\/wp\/v2\/types\/product"}],"author":[{"embeddable":true,"href":"https:\/\/www.mymsd.ch\/fr\/wp-json\/wp\/v2\/users\/202221"}],"version-history":[{"count":18,"href":"https:\/\/www.mymsd.ch\/fr\/wp-json\/wp\/v2\/product\/94923\/revisions"}],"predecessor-version":[{"id":102746,"href":"https:\/\/www.mymsd.ch\/fr\/wp-json\/wp\/v2\/product\/94923\/revisions\/102746"}],"up":[{"embeddable":true,"href":"https:\/\/www.mymsd.ch\/fr\/wp-json\/wp\/v2\/product\/99751"}],"wp:featuredmedia":[{"embeddable":true,"href":"https:\/\/www.mymsd.ch\/fr\/wp-json\/wp\/v2\/media\/99912"}],"wp:attachment":[{"href":"https:\/\/www.mymsd.ch\/fr\/wp-json\/wp\/v2\/media?parent=94923"}],"wp:term":[{"taxonomy":"category","embeddable":true,"href":"https:\/\/www.mymsd.ch\/fr\/wp-json\/wp\/v2\/categories?post=94923"},{"taxonomy":"post_tag","embeddable":true,"href":"https:\/\/www.mymsd.ch\/fr\/wp-json\/wp\/v2\/tags?post=94923"},{"taxonomy":"ga4_page_audience","embeddable":true,"href":"https:\/\/www.mymsd.ch\/fr\/wp-json\/wp\/v2\/ga4_page_audience?post=94923"},{"taxonomy":"ga4_page_birn_id","embeddable":true,"href":"https:\/\/www.mymsd.ch\/fr\/wp-json\/wp\/v2\/ga4_page_birn_id?post=94923"},{"taxonomy":"ga4_page_branding","embeddable":true,"href":"https:\/\/www.mymsd.ch\/fr\/wp-json\/wp\/v2\/ga4_page_branding?post=94923"},{"taxonomy":"ga4_page_businessunit","embeddable":true,"href":"https:\/\/www.mymsd.ch\/fr\/wp-json\/wp\/v2\/ga4_page_businessunit?post=94923"},{"taxonomy":"ga4_page_campaign","embeddable":true,"href":"https:\/\/www.mymsd.ch\/fr\/wp-json\/wp\/v2\/ga4_page_campaign?post=94923"},{"taxonomy":"ga4_page_content_purpose","embeddable":true,"href":"https:\/\/www.mymsd.ch\/fr\/wp-json\/wp\/v2\/ga4_page_content_purpose?post=94923"},{"taxonomy":"ga4_page_customer_journey_stage","embeddable":true,"href":"https:\/\/www.mymsd.ch\/fr\/wp-json\/wp\/v2\/ga4_page_customer_journey_stage?post=94923"},{"taxonomy":"ga4_page_customer_specialty","embeddable":true,"href":"https:\/\/www.mymsd.ch\/fr\/wp-json\/wp\/v2\/ga4_page_customer_specialty?post=94923"},{"taxonomy":"ga4_page_experience","embeddable":true,"href":"https:\/\/www.mymsd.ch\/fr\/wp-json\/wp\/v2\/ga4_page_experience?post=94923"},{"taxonomy":"ga4_page_indication","embeddable":true,"href":"https:\/\/www.mymsd.ch\/fr\/wp-json\/wp\/v2\/ga4_page_indication?post=94923"},{"taxonomy":"ga4_page_material_intent","embeddable":true,"href":"https:\/\/www.mymsd.ch\/fr\/wp-json\/wp\/v2\/ga4_page_material_intent?post=94923"},{"taxonomy":"ga4_page_product","embeddable":true,"href":"https:\/\/www.mymsd.ch\/fr\/wp-json\/wp\/v2\/ga4_page_product?post=94923"},{"taxonomy":"ga4_page_region","embeddable":true,"href":"https:\/\/www.mymsd.ch\/fr\/wp-json\/wp\/v2\/ga4_page_region?post=94923"},{"taxonomy":"ga4_page_therapeuticarea","embeddable":true,"href":"https:\/\/www.mymsd.ch\/fr\/wp-json\/wp\/v2\/ga4_page_therapeuticarea?post=94923"},{"taxonomy":"tx-therapeutic-area","embeddable":true,"href":"https:\/\/www.mymsd.ch\/fr\/wp-json\/wp\/v2\/tx-therapeutic-area?post=94923"},{"taxonomy":"tx-product","embeddable":true,"href":"https:\/\/www.mymsd.ch\/fr\/wp-json\/wp\/v2\/tx-product?post=94923"},{"taxonomy":"tx-pathology","embeddable":true,"href":"https:\/\/www.mymsd.ch\/fr\/wp-json\/wp\/v2\/tx-pathology?post=94923"},{"taxonomy":"tx-content-type","embeddable":true,"href":"https:\/\/www.mymsd.ch\/fr\/wp-json\/wp\/v2\/tx-content-type?post=94923"},{"taxonomy":"tx-active-ingredient","embeddable":true,"href":"https:\/\/www.mymsd.ch\/fr\/wp-json\/wp\/v2\/tx-active-ingredient?post=94923"},{"taxonomy":"access","embeddable":true,"href":"https:\/\/www.mymsd.ch\/fr\/wp-json\/wp\/v2\/access?post=94923"},{"taxonomy":"user_status","embeddable":true,"href":"https:\/\/www.mymsd.ch\/fr\/wp-json\/wp\/v2\/user_status?post=94923"},{"taxonomy":"user_role","embeddable":true,"href":"https:\/\/www.mymsd.ch\/fr\/wp-json\/wp\/v2\/user_role?post=94923"}],"curies":[{"name":"wp","href":"https:\/\/api.w.org\/{rel}","templated":true}]}}