{"id":94721,"date":"2024-04-04T11:16:16","date_gmt":"2024-04-04T11:16:16","guid":{"rendered":"https:\/\/www.mymsd.ch\/fr\/products\/preymis-pour-les-adultes-receveurs-dune-transplantation-renale\/utilisation-aupres-de-groupes-de-patients-specifiques\/efficacite\/"},"modified":"2026-03-04T20:11:16","modified_gmt":"2026-03-04T20:11:16","slug":"efficacite","status":"publish","type":"product","link":"https:\/\/www.mymsd.ch\/fr\/products\/prevymis-kt\/etude-sur-l-efficacite-clinique\/efficacite\/","title":{"rendered":"Efficacit\u00e9"},"content":{"rendered":"\n<h1 class=\"wp-block-heading has-border-color has-has-red-border-color-border-color  mhh-mcn-v1-heading mhh-mcn-v1-heading--c93fa1035e1e8df463c51ca61ce11b2d\" id=\"backtop\"><mark class=\"has-inline-color has-teal-color\">Efficacit\u00e9&nbsp;<\/mark><\/h1>\n\n\n\n<p class=\"has-border-color has-has-red-border-color-border-color   mhh-mcn-v1-paragraph mhh-mcn-v1-paragraph--c19e28c058acc8ba492d2ea21bacdf03\">Aucune inf\u00e9riorit\u00e9 n&rsquo;a \u00e9t\u00e9 constat\u00e9e lors de l&rsquo;utilisation de PREVYMIS\u00ae dans la pr\u00e9vention de maladies \u00e0 CMV apr\u00e8s une transplantation<strong>, en comparaison avec le valganciclovir<\/strong>.<sup>2<\/sup><\/p>\n\n\n<figure class=\"mhh-mcn-v1-image mhh-mcn-v1-image--c41288cc9dbbbc2fbcab75f4c263345e\">\n                    <img loading=\"lazy\" decoding=\"async\"\n        class=\"mhh-mcn-image mhh-mcn-image--full wp-image-110484\"\n        src=\"https:\/\/www.mymsd.ch\/de\/wp-content\/uploads\/sites\/13\/2024\/03\/MSDC_Prevymis_Grafiken_2403049.png?quality=80&#038;lossy=1\"\n        width=\"1000\"\n        height=\"1000\"\n                alt=\"\"\n            \/>\n            <\/figure>\n\n\n\n<hr class=\"wp-block-separator has-css-opacity\" \/>\n\n\n\n<h5 class=\"wp-block-heading has-border-color has-has-red-border-color-border-color  mhh-mcn-v1-heading mhh-mcn-v1-heading--62054032c5f0a1ed2d955152e0d14e1e\" id=\"ref\"><strong><em><mark class=\"has-inline-color has-black-color\">R\u00e9f\u00e9rences:<\/mark><\/em><\/strong><\/h5>\n\n\n\n<ol class=\"mhh-mcn-v2-clist mhh-mcn-v2-clist--89d72e60ad201e21f34468d001bd60f5 mhh-mcn-list mhh-mcn-v2-clist--ordered mhh-mcn-v2-clist--ordered-decimal\" dir=\"ltr\" lang=\"fr-FR\" start=\"1\">\n    \n<li class=\"mhh-mcn-list-item mhh-mcn-v2-list-item\">\n    <em>Information professionnelle\u00a0 PREVYMIS\u00ae\u00a0(Letermovir),\u00a0<a href=\"https:\/\/www.swissmedicinfo-pro.ch\/showText.aspx?textType=FI&amp;lang=FR&amp;authNr=66653&amp;supportMultipleResults=1\">www.swissmedicinfo-pro.ch<\/a>.<\/em>    <\/li>\n\n\n<li class=\"mhh-mcn-list-item mhh-mcn-v2-list-item\">\n    <em>Limaye, A. P. et al. Letermovir vs Valganciclovir for Prophylaxis of Cytomegalovirus in High-Risk Kidney Transplant Recipients: A Randomized Clinical Trial. JAMA 330, 33\u201342 (2023).<\/em>    <\/li>\n\n\n<li class=\"mhh-mcn-list-item mhh-mcn-v2-list-item\">\n    <em>Foolad, F. et al. Letermovir for the prevention of cytomegalovirus infection in adult cytomegalovirus-seropositive hematopoietic stem cell transplant recipients. Expert Rev Clin Pharmacol 11, 931\u2013941 (2018).<\/em>    <\/li>\n\n<\/ol>\n\n\n\n<p class=\"has-negative-1-font-size has-object-object-font-size has-border-color has-has-red-border-color-border-color   mhh-mcn-v1-paragraph mhh-mcn-v1-paragraph--0e1476fd2ca68a9062bd59bd567a7dd3\"><em><mark class=\"has-inline-color has-black-color\"><em>En cas de besoin, des copies des publications d\u2019\u00e9tudes peuvent \u00eatre demand\u00e9es \u00e0 l\u2019adresse&nbsp;<a href=\"mailto:dpoc.switzerland@msd.com\">dpoc.switzerland@msd.com<\/a>.<\/em><\/mark><\/em><\/p>\n\n\n<div class=\"mhh-mcn-v1-links mhh-mcn-v1-links--016b4b31ebe92452dc6e5cc47f8642c7\">\n    <a class=\"mhh-mcn-v1-link mhh-mcn-v1-link--4494415d8e5482e93a9791cd803c475f mhh-mcn-v1-link--is-variation mhh-mcn-v1-link--button-primary\" href=\"https:\/\/www.swissmedicinfo-pro.ch\/showText.aspx?textType=FI&#038;lang=FR&#038;authNr=66653&#038;supportMultipleResults=1\" target=\"_blank\" rel=\"noopener noreferrer\" aria-label=\"Cliquez ici pour acc\u00e9der \u00e0 l\u2019Information professionnelle de PREVYMIS\u00ae\">\n                    <span class=\"mhh-mcn-v1-link__label\">Cliquez ici pour acc\u00e9der \u00e0 l\u2019Information professionnelle de PREVYMIS\u00ae<\/span>\n                <\/a><\/div>\n","protected":false},"excerpt":{"rendered":"<p>Efficacit\u00e9&nbsp; Aucune inf\u00e9riorit\u00e9 n&rsquo;a \u00e9t\u00e9 constat\u00e9e lors de l&rsquo;utilisation de PREVYMIS\u00ae dans la pr\u00e9vention de maladies \u00e0 CMV apr\u00e8s une [&hellip;]<\/p>\n","protected":false},"author":2060,"featured_media":81496,"parent":94716,"menu_order":2,"template":"","meta":{"_mhh_sticky_footer_settings":{"entityId":0},"_mhh_sticky_footer_posts":"","_mhh_sticky_footer_expanded":false,"_mhh_mcn_text_direction":"","_mhh_mcn_language":"","_mhh_mcn_left_sidebar_settings":{"entityId":0},"_mhh_mcn_sidebar_settings":{"entityId":0},"mhh_mcn_side_navigation_style":{"fontSize":{"l":"","m":"","s":""},"lineHeight":{"l":1.5,"m":1.5,"s":1.5},"itemColor":"","hoverItemColor":"","currentItemColor":"","borderItemColor":"","backgroundItemHoverColor":"","themeColor":""},"_mhh_mcn_child_page_navigation":{"isActive":true,"isSticky":true},"hide_header":false,"show_top_bar":false,"hide_footer":false,"full_width_layout":false,"product_resource":[],"related_products":"","fact_sheet":null,"scientific_title":"","job_code":"","banner":94680,"primary_logo":null,"secondary_logo":null,"icon":null,"primary_tag":0,"editor_notices":[],"mconnectHideShareThis":false,"footnotes":"","mconnectIsArchiveTemplate":false,"mconnectArchiveFiltersDisabled":false,"mconnectArchiveLockAllPresetFilters":false,"mconnectArchiveHidePageSubmenu":false,"mconnectArchiveShowParentPageOnly":false,"mconnectArchiveDefaultOrder":"DESC","mconnectArchiveDefaultOrderBy":"date","mconnectArchivePostsPerPage":12,"mconnectArchivePostTypes":[],"mconnectArchiveAllowFilterBy":["category","tx-content-type","tx-product","tx-pathology","tx-active-ingredient","tx-therapeutic-area"],"mconnectArchiveTaxonomyOrder":[],"mconnectArchiveFilterSorting":["active","is_keyword","is_date"],"mconnectArchiveContentItemStyle":{"showExcerpt":true,"showImage":true,"showIcon":false,"showPrimaryTag":true,"showBorder":false,"showDates":false,"showCta":true,"isCard":false,"hasBackground":false,"showMetadata":true},"mconnectArchiveLayout":{"type":"list","hasFeatured":false},"mconnectDynamicTaxonomyEntities":[],"mconnectArchiveTerms_category":[],"mconnectArchiveAllowTerms_category":[],"mconnectArchiveTerms_tx-content-type":[],"mconnectArchiveAllowTerms_tx-content-type":[],"mconnectArchiveTerms_tx-product":[],"mconnectArchiveAllowTerms_tx-product":[],"mconnectArchiveTerms_tx-pathology":[],"mconnectArchiveAllowTerms_tx-pathology":[],"mconnectArchiveTerms_tx-active-ingredient":[],"mconnectArchiveAllowTerms_tx-active-ingredient":[],"mconnectArchiveTerms_tx-therapeutic-area":[],"mconnectArchiveAllowTerms_tx-therapeutic-area":[],"mconnectArchiveAllowTerms_dynamic-taxonomy":[],"mconnectArchiveLegacyDefaultTermsApplied":false,"mconnectContentUpdatesPerPage":10,"mconnectContentUpdatesViewMoreUrl":"","mconnectContentUpdatesTerms_tx-content-type":[],"mconnectContentUpdatesTerms_tx-product":[],"mconnectContentUpdatesTerms_tx-pathology":[],"mconnectContentUpdatesTerms_tx-active-ingredient":[],"mconnectContentUpdatesTerms_tx-therapeutic-area":[],"sidebar_toogle":0,"sidebar_toogle_notification_warning":true,"sidebar_toogle_notification_alert":true,"content_expiration_sidebar_date":"","content_expiration_sidebar_expired_post_status":"","content_expiration_sidebar_redirection":""},"categories":[],"tags":[],"ga4_page_audience":[],"ga4_page_birn_id":[],"ga4_page_branding":[957],"ga4_page_businessunit":[962],"ga4_page_campaign":[],"ga4_page_content_purpose":[],"ga4_page_customer_journey_stage":[],"ga4_page_customer_specialty":[],"ga4_page_experience":[],"ga4_page_indication":[],"ga4_page_material_intent":[1206],"ga4_page_product":[],"ga4_page_region":[],"ga4_page_therapeuticarea":[],"tx-therapeutic-area":[],"tx-product":[],"tx-pathology":[],"tx-content-type":[],"tx-active-ingredient":[],"access":[],"user_status":[],"user_role":[],"class_list":["post-94721","product","type-product","status-publish","has-post-thumbnail","hentry"],"yoast_head":"<!-- This site is optimized with the Yoast SEO plugin v23.9 - https:\/\/yoast.com\/wordpress\/plugins\/seo\/ -->\n<title>Efficacit\u00e9 - MyMSD.ch FR<\/title>\n<meta name=\"robots\" content=\"index, follow, max-snippet:-1, max-image-preview:large, max-video-preview:-1\" \/>\n<link rel=\"canonical\" href=\"https:\/\/www.mymsd.ch\/fr\/products\/prevymis-kt\/etude-sur-l-efficacite-clinique\/efficacite\/\" \/>\n<meta property=\"og:locale\" content=\"fr_FR\" \/>\n<meta property=\"og:type\" content=\"article\" \/>\n<meta property=\"og:title\" content=\"Efficacit\u00e9 - MyMSD.ch FR\" \/>\n<meta property=\"og:description\" content=\"Efficacit\u00e9&nbsp; Aucune inf\u00e9riorit\u00e9 n&rsquo;a \u00e9t\u00e9 constat\u00e9e lors de l&rsquo;utilisation de PREVYMIS\u00ae dans la pr\u00e9vention de maladies \u00e0 CMV apr\u00e8s une [&hellip;]\" \/>\n<meta property=\"og:url\" content=\"https:\/\/www.mymsd.ch\/fr\/products\/prevymis-kt\/etude-sur-l-efficacite-clinique\/efficacite\/\" \/>\n<meta property=\"og:site_name\" content=\"MyMSD.ch FR\" \/>\n<meta property=\"article:modified_time\" content=\"2026-03-04T20:11:16+00:00\" \/>\n<meta property=\"og:image\" content=\"https:\/\/www.mymsd.ch\/fr\/wp-content\/uploads\/sites\/30\/2023\/04\/PREVYMIS_Logo_R_RGB.png\" \/>\n\t<meta property=\"og:image:width\" content=\"300\" \/>\n\t<meta property=\"og:image:height\" content=\"126\" \/>\n\t<meta property=\"og:image:type\" content=\"image\/png\" \/>\n<meta name=\"twitter:card\" content=\"summary_large_image\" \/>\n<meta name=\"twitter:label1\" content=\"Dur\u00e9e de lecture estim\u00e9e\" \/>\n\t<meta name=\"twitter:data1\" content=\"1 minute\" \/>\n<script type=\"application\/ld+json\" class=\"yoast-schema-graph\">{\"@context\":\"https:\/\/schema.org\",\"@graph\":[{\"@type\":\"WebPage\",\"@id\":\"https:\/\/www.mymsd.ch\/fr\/products\/prevymis-kt\/etude-sur-l-efficacite-clinique\/efficacite\/\",\"url\":\"https:\/\/www.mymsd.ch\/fr\/products\/prevymis-kt\/etude-sur-l-efficacite-clinique\/efficacite\/\",\"name\":\"Efficacit\u00e9 - MyMSD.ch FR\",\"isPartOf\":{\"@id\":\"https:\/\/www.mymsd.ch\/fr\/#website\"},\"primaryImageOfPage\":{\"@id\":\"https:\/\/www.mymsd.ch\/fr\/products\/prevymis-kt\/etude-sur-l-efficacite-clinique\/efficacite\/#primaryimage\"},\"image\":{\"@id\":\"https:\/\/www.mymsd.ch\/fr\/products\/prevymis-kt\/etude-sur-l-efficacite-clinique\/efficacite\/#primaryimage\"},\"thumbnailUrl\":\"https:\/\/www.mymsd.ch\/fr\/wp-content\/uploads\/sites\/30\/2023\/04\/PREVYMIS_Logo_R_RGB.png\",\"datePublished\":\"2024-04-04T11:16:16+00:00\",\"dateModified\":\"2026-03-04T20:11:16+00:00\",\"breadcrumb\":{\"@id\":\"https:\/\/www.mymsd.ch\/fr\/products\/prevymis-kt\/etude-sur-l-efficacite-clinique\/efficacite\/#breadcrumb\"},\"inLanguage\":\"fr-FR\",\"potentialAction\":[{\"@type\":\"ReadAction\",\"target\":[\"https:\/\/www.mymsd.ch\/fr\/products\/prevymis-kt\/etude-sur-l-efficacite-clinique\/efficacite\/\"]}]},{\"@type\":\"ImageObject\",\"inLanguage\":\"fr-FR\",\"@id\":\"https:\/\/www.mymsd.ch\/fr\/products\/prevymis-kt\/etude-sur-l-efficacite-clinique\/efficacite\/#primaryimage\",\"url\":\"https:\/\/www.mymsd.ch\/fr\/wp-content\/uploads\/sites\/30\/2023\/04\/PREVYMIS_Logo_R_RGB.png\",\"contentUrl\":\"https:\/\/www.mymsd.ch\/fr\/wp-content\/uploads\/sites\/30\/2023\/04\/PREVYMIS_Logo_R_RGB.png\",\"width\":300,\"height\":126},{\"@type\":\"BreadcrumbList\",\"@id\":\"https:\/\/www.mymsd.ch\/fr\/products\/prevymis-kt\/etude-sur-l-efficacite-clinique\/efficacite\/#breadcrumb\",\"itemListElement\":[{\"@type\":\"ListItem\",\"position\":1,\"name\":\"Home\",\"item\":\"https:\/\/www.mymsd.ch\/fr\/\"},{\"@type\":\"ListItem\",\"position\":2,\"name\":\"Products\",\"item\":\"https:\/\/www.mymsd.ch\/fr\/products\/\"},{\"@type\":\"ListItem\",\"position\":3,\"name\":\"Prevymis\u00ae (KT)\",\"item\":\"https:\/\/www.mymsd.ch\/fr\/products\/prevymis-kt\/\"},{\"@type\":\"ListItem\",\"position\":4,\"name\":\"\u00c9tude sur l\u2019efficacit\u00e9 clinique: Limaye et al.\",\"item\":\"https:\/\/www.mymsd.ch\/fr\/products\/prevymis-kt\/etude-sur-l-efficacite-clinique\/\"},{\"@type\":\"ListItem\",\"position\":5,\"name\":\"Efficacit\u00e9\"}]},{\"@type\":\"WebSite\",\"@id\":\"https:\/\/www.mymsd.ch\/fr\/#website\",\"url\":\"https:\/\/www.mymsd.ch\/fr\/\",\"name\":\"MyMSD.ch FR\",\"description\":\"\",\"publisher\":{\"@id\":\"https:\/\/www.mymsd.ch\/fr\/#organization\"},\"potentialAction\":[{\"@type\":\"SearchAction\",\"target\":{\"@type\":\"EntryPoint\",\"urlTemplate\":\"https:\/\/www.mymsd.ch\/fr\/?s={search_term_string}\"},\"query-input\":{\"@type\":\"PropertyValueSpecification\",\"valueRequired\":true,\"valueName\":\"search_term_string\"}}],\"inLanguage\":\"fr-FR\"},{\"@type\":\"Organization\",\"@id\":\"https:\/\/www.mymsd.ch\/fr\/#organization\",\"name\":\"MSD Switzerland\",\"url\":\"https:\/\/www.mymsd.ch\/fr\/\",\"logo\":{\"@type\":\"ImageObject\",\"inLanguage\":\"fr-FR\",\"@id\":\"https:\/\/www.mymsd.ch\/fr\/#\/schema\/logo\/image\/\",\"url\":\"https:\/\/www.mymsd.ch\/fr\/wp-content\/uploads\/sites\/30\/2023\/10\/cropped-myMSD-logo.png\",\"contentUrl\":\"https:\/\/www.mymsd.ch\/fr\/wp-content\/uploads\/sites\/30\/2023\/10\/cropped-myMSD-logo.png\",\"width\":4084,\"height\":692,\"caption\":\"MSD Switzerland\"},\"image\":{\"@id\":\"https:\/\/www.mymsd.ch\/fr\/#\/schema\/logo\/image\/\"}}]}<\/script>\n<!-- \/ Yoast SEO plugin. -->","yoast_head_json":{"title":"Efficacit\u00e9 - MyMSD.ch FR","robots":{"index":"index","follow":"follow","max-snippet":"max-snippet:-1","max-image-preview":"max-image-preview:large","max-video-preview":"max-video-preview:-1"},"canonical":"https:\/\/www.mymsd.ch\/fr\/products\/prevymis-kt\/etude-sur-l-efficacite-clinique\/efficacite\/","og_locale":"fr_FR","og_type":"article","og_title":"Efficacit\u00e9 - MyMSD.ch FR","og_description":"Efficacit\u00e9&nbsp; Aucune inf\u00e9riorit\u00e9 n&rsquo;a \u00e9t\u00e9 constat\u00e9e lors de l&rsquo;utilisation de PREVYMIS\u00ae dans la pr\u00e9vention de maladies \u00e0 CMV apr\u00e8s une [&hellip;]","og_url":"https:\/\/www.mymsd.ch\/fr\/products\/prevymis-kt\/etude-sur-l-efficacite-clinique\/efficacite\/","og_site_name":"MyMSD.ch FR","article_modified_time":"2026-03-04T20:11:16+00:00","og_image":[{"width":300,"height":126,"url":"https:\/\/www.mymsd.ch\/fr\/wp-content\/uploads\/sites\/30\/2023\/04\/PREVYMIS_Logo_R_RGB.png","type":"image\/png"}],"twitter_card":"summary_large_image","twitter_misc":{"Dur\u00e9e de lecture estim\u00e9e":"1 minute"},"schema":{"@context":"https:\/\/schema.org","@graph":[{"@type":"WebPage","@id":"https:\/\/www.mymsd.ch\/fr\/products\/prevymis-kt\/etude-sur-l-efficacite-clinique\/efficacite\/","url":"https:\/\/www.mymsd.ch\/fr\/products\/prevymis-kt\/etude-sur-l-efficacite-clinique\/efficacite\/","name":"Efficacit\u00e9 - MyMSD.ch FR","isPartOf":{"@id":"https:\/\/www.mymsd.ch\/fr\/#website"},"primaryImageOfPage":{"@id":"https:\/\/www.mymsd.ch\/fr\/products\/prevymis-kt\/etude-sur-l-efficacite-clinique\/efficacite\/#primaryimage"},"image":{"@id":"https:\/\/www.mymsd.ch\/fr\/products\/prevymis-kt\/etude-sur-l-efficacite-clinique\/efficacite\/#primaryimage"},"thumbnailUrl":"https:\/\/www.mymsd.ch\/fr\/wp-content\/uploads\/sites\/30\/2023\/04\/PREVYMIS_Logo_R_RGB.png","datePublished":"2024-04-04T11:16:16+00:00","dateModified":"2026-03-04T20:11:16+00:00","breadcrumb":{"@id":"https:\/\/www.mymsd.ch\/fr\/products\/prevymis-kt\/etude-sur-l-efficacite-clinique\/efficacite\/#breadcrumb"},"inLanguage":"fr-FR","potentialAction":[{"@type":"ReadAction","target":["https:\/\/www.mymsd.ch\/fr\/products\/prevymis-kt\/etude-sur-l-efficacite-clinique\/efficacite\/"]}]},{"@type":"ImageObject","inLanguage":"fr-FR","@id":"https:\/\/www.mymsd.ch\/fr\/products\/prevymis-kt\/etude-sur-l-efficacite-clinique\/efficacite\/#primaryimage","url":"https:\/\/www.mymsd.ch\/fr\/wp-content\/uploads\/sites\/30\/2023\/04\/PREVYMIS_Logo_R_RGB.png","contentUrl":"https:\/\/www.mymsd.ch\/fr\/wp-content\/uploads\/sites\/30\/2023\/04\/PREVYMIS_Logo_R_RGB.png","width":300,"height":126},{"@type":"BreadcrumbList","@id":"https:\/\/www.mymsd.ch\/fr\/products\/prevymis-kt\/etude-sur-l-efficacite-clinique\/efficacite\/#breadcrumb","itemListElement":[{"@type":"ListItem","position":1,"name":"Home","item":"https:\/\/www.mymsd.ch\/fr\/"},{"@type":"ListItem","position":2,"name":"Products","item":"https:\/\/www.mymsd.ch\/fr\/products\/"},{"@type":"ListItem","position":3,"name":"Prevymis\u00ae (KT)","item":"https:\/\/www.mymsd.ch\/fr\/products\/prevymis-kt\/"},{"@type":"ListItem","position":4,"name":"\u00c9tude sur l\u2019efficacit\u00e9 clinique: Limaye et al.","item":"https:\/\/www.mymsd.ch\/fr\/products\/prevymis-kt\/etude-sur-l-efficacite-clinique\/"},{"@type":"ListItem","position":5,"name":"Efficacit\u00e9"}]},{"@type":"WebSite","@id":"https:\/\/www.mymsd.ch\/fr\/#website","url":"https:\/\/www.mymsd.ch\/fr\/","name":"MyMSD.ch FR","description":"","publisher":{"@id":"https:\/\/www.mymsd.ch\/fr\/#organization"},"potentialAction":[{"@type":"SearchAction","target":{"@type":"EntryPoint","urlTemplate":"https:\/\/www.mymsd.ch\/fr\/?s={search_term_string}"},"query-input":{"@type":"PropertyValueSpecification","valueRequired":true,"valueName":"search_term_string"}}],"inLanguage":"fr-FR"},{"@type":"Organization","@id":"https:\/\/www.mymsd.ch\/fr\/#organization","name":"MSD Switzerland","url":"https:\/\/www.mymsd.ch\/fr\/","logo":{"@type":"ImageObject","inLanguage":"fr-FR","@id":"https:\/\/www.mymsd.ch\/fr\/#\/schema\/logo\/image\/","url":"https:\/\/www.mymsd.ch\/fr\/wp-content\/uploads\/sites\/30\/2023\/10\/cropped-myMSD-logo.png","contentUrl":"https:\/\/www.mymsd.ch\/fr\/wp-content\/uploads\/sites\/30\/2023\/10\/cropped-myMSD-logo.png","width":4084,"height":692,"caption":"MSD Switzerland"},"image":{"@id":"https:\/\/www.mymsd.ch\/fr\/#\/schema\/logo\/image\/"}}]}},"_links":{"self":[{"href":"https:\/\/www.mymsd.ch\/fr\/wp-json\/wp\/v2\/product\/94721","targetHints":{"allow":["GET"]}}],"collection":[{"href":"https:\/\/www.mymsd.ch\/fr\/wp-json\/wp\/v2\/product"}],"about":[{"href":"https:\/\/www.mymsd.ch\/fr\/wp-json\/wp\/v2\/types\/product"}],"author":[{"embeddable":true,"href":"https:\/\/www.mymsd.ch\/fr\/wp-json\/wp\/v2\/users\/2060"}],"version-history":[{"count":6,"href":"https:\/\/www.mymsd.ch\/fr\/wp-json\/wp\/v2\/product\/94721\/revisions"}],"predecessor-version":[{"id":103566,"href":"https:\/\/www.mymsd.ch\/fr\/wp-json\/wp\/v2\/product\/94721\/revisions\/103566"}],"up":[{"embeddable":true,"href":"https:\/\/www.mymsd.ch\/fr\/wp-json\/wp\/v2\/product\/94716"}],"wp:featuredmedia":[{"embeddable":true,"href":"https:\/\/www.mymsd.ch\/fr\/wp-json\/wp\/v2\/media\/81496"}],"wp:attachment":[{"href":"https:\/\/www.mymsd.ch\/fr\/wp-json\/wp\/v2\/media?parent=94721"}],"wp:term":[{"taxonomy":"category","embeddable":true,"href":"https:\/\/www.mymsd.ch\/fr\/wp-json\/wp\/v2\/categories?post=94721"},{"taxonomy":"post_tag","embeddable":true,"href":"https:\/\/www.mymsd.ch\/fr\/wp-json\/wp\/v2\/tags?post=94721"},{"taxonomy":"ga4_page_audience","embeddable":true,"href":"https:\/\/www.mymsd.ch\/fr\/wp-json\/wp\/v2\/ga4_page_audience?post=94721"},{"taxonomy":"ga4_page_birn_id","embeddable":true,"href":"https:\/\/www.mymsd.ch\/fr\/wp-json\/wp\/v2\/ga4_page_birn_id?post=94721"},{"taxonomy":"ga4_page_branding","embeddable":true,"href":"https:\/\/www.mymsd.ch\/fr\/wp-json\/wp\/v2\/ga4_page_branding?post=94721"},{"taxonomy":"ga4_page_businessunit","embeddable":true,"href":"https:\/\/www.mymsd.ch\/fr\/wp-json\/wp\/v2\/ga4_page_businessunit?post=94721"},{"taxonomy":"ga4_page_campaign","embeddable":true,"href":"https:\/\/www.mymsd.ch\/fr\/wp-json\/wp\/v2\/ga4_page_campaign?post=94721"},{"taxonomy":"ga4_page_content_purpose","embeddable":true,"href":"https:\/\/www.mymsd.ch\/fr\/wp-json\/wp\/v2\/ga4_page_content_purpose?post=94721"},{"taxonomy":"ga4_page_customer_journey_stage","embeddable":true,"href":"https:\/\/www.mymsd.ch\/fr\/wp-json\/wp\/v2\/ga4_page_customer_journey_stage?post=94721"},{"taxonomy":"ga4_page_customer_specialty","embeddable":true,"href":"https:\/\/www.mymsd.ch\/fr\/wp-json\/wp\/v2\/ga4_page_customer_specialty?post=94721"},{"taxonomy":"ga4_page_experience","embeddable":true,"href":"https:\/\/www.mymsd.ch\/fr\/wp-json\/wp\/v2\/ga4_page_experience?post=94721"},{"taxonomy":"ga4_page_indication","embeddable":true,"href":"https:\/\/www.mymsd.ch\/fr\/wp-json\/wp\/v2\/ga4_page_indication?post=94721"},{"taxonomy":"ga4_page_material_intent","embeddable":true,"href":"https:\/\/www.mymsd.ch\/fr\/wp-json\/wp\/v2\/ga4_page_material_intent?post=94721"},{"taxonomy":"ga4_page_product","embeddable":true,"href":"https:\/\/www.mymsd.ch\/fr\/wp-json\/wp\/v2\/ga4_page_product?post=94721"},{"taxonomy":"ga4_page_region","embeddable":true,"href":"https:\/\/www.mymsd.ch\/fr\/wp-json\/wp\/v2\/ga4_page_region?post=94721"},{"taxonomy":"ga4_page_therapeuticarea","embeddable":true,"href":"https:\/\/www.mymsd.ch\/fr\/wp-json\/wp\/v2\/ga4_page_therapeuticarea?post=94721"},{"taxonomy":"tx-therapeutic-area","embeddable":true,"href":"https:\/\/www.mymsd.ch\/fr\/wp-json\/wp\/v2\/tx-therapeutic-area?post=94721"},{"taxonomy":"tx-product","embeddable":true,"href":"https:\/\/www.mymsd.ch\/fr\/wp-json\/wp\/v2\/tx-product?post=94721"},{"taxonomy":"tx-pathology","embeddable":true,"href":"https:\/\/www.mymsd.ch\/fr\/wp-json\/wp\/v2\/tx-pathology?post=94721"},{"taxonomy":"tx-content-type","embeddable":true,"href":"https:\/\/www.mymsd.ch\/fr\/wp-json\/wp\/v2\/tx-content-type?post=94721"},{"taxonomy":"tx-active-ingredient","embeddable":true,"href":"https:\/\/www.mymsd.ch\/fr\/wp-json\/wp\/v2\/tx-active-ingredient?post=94721"},{"taxonomy":"access","embeddable":true,"href":"https:\/\/www.mymsd.ch\/fr\/wp-json\/wp\/v2\/access?post=94721"},{"taxonomy":"user_status","embeddable":true,"href":"https:\/\/www.mymsd.ch\/fr\/wp-json\/wp\/v2\/user_status?post=94721"},{"taxonomy":"user_role","embeddable":true,"href":"https:\/\/www.mymsd.ch\/fr\/wp-json\/wp\/v2\/user_role?post=94721"}],"curies":[{"name":"wp","href":"https:\/\/api.w.org\/{rel}","templated":true}]}}