{"id":100895,"date":"2025-08-22T06:47:27","date_gmt":"2025-08-22T06:47:27","guid":{"rendered":"https:\/\/www.mymsd.ch\/fr\/?post_type=product&#038;p=100895"},"modified":"2025-08-22T06:47:29","modified_gmt":"2025-08-22T06:47:29","slug":"sequencage","status":"publish","type":"product","link":"https:\/\/www.mymsd.ch\/fr\/products\/welireg\/ls005\/sequencage\/","title":{"rendered":"S\u00e9quen\u00e7age"},"content":{"rendered":"\n<h2 class=\"wp-block-heading has-text-color has-link-color wp-elements-a7ac9d2284a02b1dc09f3ecdc96090ba  mhh-mcn-v1-heading mhh-mcn-v1-heading--2c7506258ad408bc83548a32fe120bb7\" style=\"color:#123a8a\">\u00c0 partir de quelle ligne de traitement WELIREG\u00ae peut-il \u00eatre utilis\u00e9 dans l\u2019aRCC?<sup>1<\/sup><\/h2>\n\n\n\n<p class=\"has-object-object-font-size has-text-color   mhh-mcn-v1-paragraph mhh-mcn-v1-paragraph--3e6b7fd01116ec00b146bed24e3e0c74\" style=\"color:#4b4c4e\"><strong>WELIREG\u00ae en monoth\u00e9rapie est indiqu\u00e9 pour le traitement des patients adultes atteints de carcinome r\u00e9nal \u00e0 cellules claires (CCR) avanc\u00e9 non r\u00e9s\u00e9cable, qui a progress\u00e9 apr\u00e8s deux lignes de traitement ou plus, dont un inhibiteur du PD-(L)1 et un inhibiteur de tyrosine kinase VEGF.<sup>1<\/sup><\/strong><\/p>\n\n\n\n<div style=\"height:40px\" aria-hidden=\"true\" class=\"wp-block-spacer\"><\/div>\n\n\n<figure class=\"mhh-mcn-v1-image mhh-mcn-v1-image--87837f93c84de697db57d6b493201760\">\n                    <img loading=\"lazy\" decoding=\"async\"\n        class=\"mhh-mcn-image mhh-mcn-image--full wp-image-100972\"\n        src=\"https:\/\/www.mymsd.ch\/fr\/wp-content\/uploads\/sites\/30\/2025\/08\/F-WELIREG-LS005-Sequence.jpg?quality=80&#038;lossy=1\"\n        width=\"1024\"\n        height=\"201\"\n                alt=\"\"\n            \/>\n            <\/figure>\n\n\n\n<div style=\"height:80px\" aria-hidden=\"true\" class=\"wp-block-spacer\"><\/div>\n\n\n<div class=\"mhh-mcn-columns mhh-mcn-v1-columns--ca29d67a46367b808465dd8031056d5c mhh-mcn-v1-columns mhh-mcn-columns--gutter-m\">\n    <div class=\"mhh-mcn-columns-inner\">\n        \n<div class=\"mhh-mcn-v1-column mhh-mcn-v1-column--18a9d0f015748446ba224e46098f5df5 mhh-mcn-column mhh-mcn-column--12 mhh-mcn-column--m-12 mhh-mcn-column--l-12\">\n    \n\n<p class=\"   mhh-mcn-v1-paragraph mhh-mcn-v1-paragraph--8361cee63e178a47dce39bb66c81ea65\" dir=\"ltr\" lang=\"en-US\"><mark class=\"has-inline-color has-black-color\">Ce graphique illustre l\u2019utilisation clinique la plus pr\u00e9coce possible de WELIREG\u00ae. Ces sc\u00e9narios ne repr\u00e9sentent pas toutes les options possibles pour la s\u00e9quence de traitement possible pour les patient(e)s atteint(e)s d\u2019un carcinome \u00e0 cellules r\u00e9nales avanc\u00e9.<sup>1<\/sup><\/mark><\/p>\n\n<\/div>\n\n    <\/div>\n\n    <\/div>\n\n\n\n<div style=\"height:100px\" aria-hidden=\"true\" class=\"wp-block-spacer\"><\/div>\n\n\n\n<hr class=\"wp-block-separator has-alpha-channel-opacity\" \/>\n\n\n<div class=\"mhh-mcn-v1-links mhh-mcn-v1-links--1df10307e1925828dedd9c606ec15f4d\">\n    <a class=\"mhh-mcn-v1-link mhh-mcn-v1-link--875692e5cbece2659e5d362f80170231\" href=\"mailto:%20dpoc.switzerland@msd.com\" target=\"_self\" aria-label=\"Des exemplaires des publications de l&#039;\u00e9tude peuvent \u00eatre demand\u00e9s \u00e0 dpoc.switzerland@msd.com si n\u00e9cessaire.\">\n                    <span class=\"mhh-mcn-v1-link__label\">Des exemplaires des publications de l&rsquo;\u00e9tude peuvent \u00eatre demand\u00e9s \u00e0 dpoc.switzerland@msd.com si n\u00e9cessaire.<\/span>\n                <\/a><\/div>\n\n\n<div class=\"mhh-mcn-columns mhh-mcn-v1-columns--dc553e291394bca444988dc7aa3302a9 mhh-mcn-v1-columns mhh-mcn-columns--gutter-m\">\n    <div class=\"mhh-mcn-columns-inner\">\n        \n<div class=\"mhh-mcn-v1-column mhh-mcn-v1-column--15ace87950391aa3bf19ab2b3173fe3f mhh-mcn-column mhh-mcn-column--12 mhh-mcn-column--m-12 mhh-mcn-column--l-12\">\n    \n\n<h6 class=\"wp-block-heading has-text-color  mhh-mcn-v1-heading mhh-mcn-v1-heading--f0a032f93bf6e6daed9cc94e1b81133d\" style=\"color:#807e8e\"><em><strong><em><strong><em><strong>Abr\u00e9viations<\/strong><\/em><\/strong><\/em><\/strong><\/em>:<\/h6>\n\n\n\n<p dir=\"ltr\" lang=\"en-US\" class=\"has-text-color has-object-object-font-size   mhh-mcn-v1-paragraph mhh-mcn-v1-paragraph--055f3b6280a4a8f0c5520a5eb11b57a2\" style=\"color:#807e8e\"><em><strong>1\/2\/3\/4L<\/strong>: premi\u00e8re\/deuxi\u00e8me\/troisi\u00e8me\/quatri\u00e8me ligne; <strong>aRCC<\/strong>: carcinome \u00e0 cellules r\u00e9nales avanc\u00e9 (advanced renal cell carcinoma); <strong>CTLA-4<\/strong>: antig\u00e8ne 4 du lymphocyte T cytotoxique (cytotoxic T-lymphocyte antigen 4); <strong>PD-1<\/strong>: prot\u00e9ine 1 de la mort cellulaire programm\u00e9e (programmed cell death protein 1); <strong>PD-L1<\/strong>: ligand 1 de mort cellulaire programm\u00e9e (Programmed death-ligand 1); <strong>TKI<\/strong>: inhibiteur de la tyrosine kinase (tyrosine kinase inhibitor); <strong>VEGF\/R<\/strong>: facteur\/r\u00e9cepteur du facteur de croissance de l&rsquo;endoth\u00e9lium vasculaire (vascular endothelial growth factor\/receptor).<\/em><\/p>\n\n<\/div>\n\n    <\/div>\n\n    <\/div>\n\n\n<div class=\"mhh-mcn-columns mhh-mcn-v1-columns--76f41182891ce5e80ac5921a43db1619 mhh-mcn-v1-columns mhh-mcn-columns--gutter-m\">\n    <div class=\"mhh-mcn-columns-inner\">\n        \n<div class=\"mhh-mcn-v1-column mhh-mcn-v1-column--1e469f6bf48040cdcac88579675cebe7 mhh-mcn-column mhh-mcn-column--12 mhh-mcn-column--m-12 mhh-mcn-column--l-12\">\n    \n\n<h6 class=\"wp-block-heading has-text-color  mhh-mcn-v1-heading mhh-mcn-v1-heading--1c9f3116bc1f38039da7d09ca0bccdfd\" style=\"color:#807e8e\"><strong><em><em>R\u00e9f\u00e9rences<\/em><\/em>:<\/strong><\/h6>\n\n\n\n<ol class=\"mhh-mcn-v2-clist mhh-mcn-v2-clist--53bb64cbc116b9a79887bdf892708608 mhh-mcn-list mhh-mcn-v2-clist--ordered mhh-mcn-v2-clist--ordered-decimal\" dir=\"ltr\" lang=\"en-US\" start=\"1\">\n    \n<li class=\"mhh-mcn-list-item mhh-mcn-v2-list-item\">\n    <em>Information professionnelle de WELIREG\u00ae (belzutifan)<mark class=\"has-inline-color has-gray-700-color\"><mark class=\"has-inline-color has-gray-700-color\">,\u00a0<a href=\"https:\/\/www.swissmedicinfo.ch\/ShowText.aspx?textType=FI&amp;lang=FR&amp;authNr=68531\" target=\"_blank\" rel=\"noreferrer noopener nofollow\">www.swissmedicinfo.ch<\/a><\/mark><\/mark>, derni\u00e8re consultation le 22.08.2025.<\/em>    <\/li>\n\n<\/ol>\n\n<\/div>\n\n    <\/div>\n\n    <\/div>\n\n\n\n<p class=\"   mhh-mcn-v1-paragraph mhh-mcn-v1-paragraph--d3b2b848b67b3b0ca63226ef1bd0f4d7\" dir=\"ltr\" lang=\"en-US\">\u25bc <em><mark class=\"has-inline-color has-gray-700-color\">Ce m\u00e9dicament fait l&rsquo;objet d&rsquo;une surveillance suppl\u00e9mentaire. Pour plus d\u2019informations, se r\u00e9f\u00e9rer \u00e0 l\u2019information professionnelle de WELIREG\u00ae disponible sous <a href=\"https:\/\/www.swissmedicinfo.ch\/ShowText.aspx?textType=FI&amp;lang=FR&amp;authNr=68531\" target=\"_blank\" rel=\"noreferrer noopener nofollow\">www.swissmedicinfo.ch<\/a>.<\/mark><\/em><br><br><em><mark class=\"has-inline-color has-gray-700-color\">Avant la prescription, veuillez consulter l\u2019information professionnelle compl\u00e8te publi\u00e9e sur&nbsp;<a href=\"https:\/\/www.swissmedicinfo.ch\/ShowText.aspx?textType=FI&amp;lang=FR&amp;authNr=68531\" target=\"_blank\" rel=\"noreferrer noopener nofollow\">www.swissmedicinfo.ch<\/a>.<\/mark><\/em><\/p>\n\n\n<div class=\"mhh-mcn-v1-links mhh-mcn-v1-links--a4b2e6dd9bc1e5063a3cb4413c58fb90\">\n    <a class=\"mhh-mcn-v1-link mhh-mcn-v1-link--9e8104a6f5eec9849dd3d04c4bebc2f7 mhh-mcn-v1-link--is-variation mhh-mcn-v1-link--button-custom\" href=\"https:\/\/www.swissmedicinfo-pro.ch\/showText.aspx?textType=FI&#038;lang=FR&#038;authNr=68531&#038;supportMultipleResults=1\" target=\"_blank\" rel=\"noopener noreferrer\" aria-label=\"Information professionnelle de WELIREG\u00ae\">\n                    <span class=\"mhh-mcn-v1-link__label\">Information professionnelle de WELIREG\u00ae<\/span>\n                <\/a><\/div>\n\n\n<div class=\"mhh-mcn-v1-links mhh-mcn-v1-links--3792025ea97d0a7c9ce392b8bb3d3780\">\n    <a class=\"mhh-mcn-v1-link mhh-mcn-v1-link--fab7de5fa295e2a7924fb0c35177fc95 mhh-mcn-v1-link--is-variation mhh-mcn-v1-link--button-custom\" href=\"https:\/\/www.mymsd.ch\/fr\/succinctstatement\/welireg\/\" target=\"_blank\" rel=\"noopener noreferrer\" aria-label=\"Information professionnelle abr\u00e9g\u00e9e de WELIREG\u00ae\">\n                    <span class=\"mhh-mcn-v1-link__label\">Information professionnelle abr\u00e9g\u00e9e de WELIREG\u00ae<\/span>\n                <\/a><\/div>\n","protected":false},"excerpt":{"rendered":"<p>\u00c0 partir de quelle ligne de traitement WELIREG\u00ae peut-il \u00eatre utilis\u00e9 dans l\u2019aRCC?<\/p>\n","protected":false},"author":202221,"featured_media":100968,"parent":100887,"menu_order":8,"template":"","meta":{"_mhh_sticky_footer_settings":{"entityId":0},"_mhh_sticky_footer_posts":"","_mhh_sticky_footer_expanded":false,"_mhh_mcn_text_direction":"","_mhh_mcn_language":"","_mhh_mcn_left_sidebar_settings":{"entityId":0},"_mhh_mcn_sidebar_settings":{"entityId":0},"mhh_mcn_side_navigation_style":{"fontSize":{"l":"","m":"","s":""},"lineHeight":{"l":1.5,"m":1.5,"s":1.5},"itemColor":"","hoverItemColor":"","currentItemColor":"","borderItemColor":"","backgroundItemHoverColor":"","themeColor":""},"_mhh_mcn_child_page_navigation":{"isActive":true,"isSticky":true},"hide_header":false,"show_top_bar":false,"hide_footer":false,"full_width_layout":false,"product_resource":[],"related_products":"","fact_sheet":null,"scientific_title":"","job_code":"","banner":100969,"primary_logo":null,"secondary_logo":null,"icon":null,"primary_tag":1524,"editor_notices":[],"mconnectHideShareThis":false,"footnotes":"","mconnectIsArchiveTemplate":false,"mconnectArchiveFiltersDisabled":false,"mconnectArchiveLockAllPresetFilters":false,"mconnectArchiveHidePageSubmenu":false,"mconnectArchiveShowParentPageOnly":false,"mconnectArchiveDefaultOrder":"DESC","mconnectArchiveDefaultOrderBy":"date","mconnectArchivePostsPerPage":12,"mconnectArchivePostTypes":[],"mconnectArchiveAllowFilterBy":["category","tx-content-type","tx-product","tx-pathology","tx-active-ingredient","tx-therapeutic-area"],"mconnectArchiveTaxonomyOrder":[],"mconnectArchiveFilterSorting":["active","is_keyword","is_date"],"mconnectArchiveContentItemStyle":{"showExcerpt":true,"showImage":true,"showIcon":false,"showPrimaryTag":true,"showBorder":false,"showDates":false,"showCta":true,"isCard":false,"hasBackground":false,"showMetadata":true},"mconnectArchiveLayout":{"type":"list","hasFeatured":false},"mconnectDynamicTaxonomyEntities":[],"mconnectArchiveTerms_category":[],"mconnectArchiveAllowTerms_category":[],"mconnectArchiveTerms_tx-content-type":[],"mconnectArchiveAllowTerms_tx-content-type":[],"mconnectArchiveTerms_tx-product":[],"mconnectArchiveAllowTerms_tx-product":[],"mconnectArchiveTerms_tx-pathology":[],"mconnectArchiveAllowTerms_tx-pathology":[],"mconnectArchiveTerms_tx-active-ingredient":[],"mconnectArchiveAllowTerms_tx-active-ingredient":[],"mconnectArchiveTerms_tx-therapeutic-area":[],"mconnectArchiveAllowTerms_tx-therapeutic-area":[],"mconnectArchiveAllowTerms_dynamic-taxonomy":[],"mconnectArchiveLegacyDefaultTermsApplied":false,"mconnectContentUpdatesPerPage":10,"mconnectContentUpdatesViewMoreUrl":"","mconnectContentUpdatesTerms_tx-content-type":[],"mconnectContentUpdatesTerms_tx-product":[],"mconnectContentUpdatesTerms_tx-pathology":[],"mconnectContentUpdatesTerms_tx-active-ingredient":[],"mconnectContentUpdatesTerms_tx-therapeutic-area":[],"sidebar_toogle":0,"sidebar_toogle_notification_warning":true,"sidebar_toogle_notification_alert":true,"content_expiration_sidebar_date":"","content_expiration_sidebar_expired_post_status":"","content_expiration_sidebar_redirection":""},"categories":[693,791],"tags":[1524,1523],"ga4_page_audience":[],"ga4_page_birn_id":[],"ga4_page_branding":[957],"ga4_page_businessunit":[963],"ga4_page_campaign":[],"ga4_page_content_purpose":[],"ga4_page_customer_journey_stage":[],"ga4_page_customer_specialty":[],"ga4_page_experience":[],"ga4_page_indication":[],"ga4_page_material_intent":[1206],"ga4_page_product":[],"ga4_page_region":[],"ga4_page_therapeuticarea":[],"tx-therapeutic-area":[627,931],"tx-product":[1522],"tx-pathology":[930],"tx-content-type":[686],"tx-active-ingredient":[],"access":[],"user_status":[],"user_role":[],"class_list":["post-100895","product","type-product","status-publish","has-post-thumbnail","hentry","category-indications","category-oncology","tag-welireg-2","tag-welireg"],"yoast_head":"<!-- This site is optimized with the Yoast SEO plugin v23.9 - https:\/\/yoast.com\/wordpress\/plugins\/seo\/ -->\n<title>S\u00e9quen\u00e7age - MyMSD.ch FR<\/title>\n<meta name=\"robots\" content=\"index, follow, max-snippet:-1, max-image-preview:large, max-video-preview:-1\" \/>\n<link rel=\"canonical\" href=\"https:\/\/www.mymsd.ch\/fr\/products\/welireg\/ls005\/sequencage\/\" \/>\n<meta property=\"og:locale\" content=\"fr_FR\" \/>\n<meta property=\"og:type\" content=\"article\" \/>\n<meta property=\"og:title\" content=\"S\u00e9quen\u00e7age - MyMSD.ch FR\" \/>\n<meta property=\"og:description\" content=\"\u00c0 partir de quelle ligne de traitement WELIREG\u00ae peut-il \u00eatre utilis\u00e9 dans l\u2019aRCC?\" \/>\n<meta property=\"og:url\" content=\"https:\/\/www.mymsd.ch\/fr\/products\/welireg\/ls005\/sequencage\/\" \/>\n<meta property=\"og:site_name\" content=\"MyMSD.ch FR\" \/>\n<meta property=\"article:modified_time\" content=\"2025-08-22T06:47:29+00:00\" \/>\n<meta property=\"og:image\" content=\"https:\/\/www.mymsd.ch\/fr\/wp-content\/uploads\/sites\/30\/2025\/08\/F-WELIREG-aRCC-Thumbnail-Sequence.jpg\" \/>\n\t<meta property=\"og:image:width\" content=\"611\" \/>\n\t<meta property=\"og:image:height\" content=\"430\" \/>\n\t<meta property=\"og:image:type\" content=\"image\/jpeg\" \/>\n<meta name=\"twitter:card\" content=\"summary_large_image\" \/>\n<meta name=\"twitter:label1\" content=\"Dur\u00e9e de lecture estim\u00e9e\" \/>\n\t<meta name=\"twitter:data1\" content=\"4 minutes\" \/>\n<script type=\"application\/ld+json\" class=\"yoast-schema-graph\">{\"@context\":\"https:\/\/schema.org\",\"@graph\":[{\"@type\":\"WebPage\",\"@id\":\"https:\/\/www.mymsd.ch\/fr\/products\/welireg\/ls005\/sequencage\/\",\"url\":\"https:\/\/www.mymsd.ch\/fr\/products\/welireg\/ls005\/sequencage\/\",\"name\":\"S\u00e9quen\u00e7age - MyMSD.ch FR\",\"isPartOf\":{\"@id\":\"https:\/\/www.mymsd.ch\/fr\/#website\"},\"primaryImageOfPage\":{\"@id\":\"https:\/\/www.mymsd.ch\/fr\/products\/welireg\/ls005\/sequencage\/#primaryimage\"},\"image\":{\"@id\":\"https:\/\/www.mymsd.ch\/fr\/products\/welireg\/ls005\/sequencage\/#primaryimage\"},\"thumbnailUrl\":\"https:\/\/www.mymsd.ch\/fr\/wp-content\/uploads\/sites\/30\/2025\/08\/F-WELIREG-aRCC-Thumbnail-Sequence.jpg\",\"datePublished\":\"2025-08-22T06:47:27+00:00\",\"dateModified\":\"2025-08-22T06:47:29+00:00\",\"breadcrumb\":{\"@id\":\"https:\/\/www.mymsd.ch\/fr\/products\/welireg\/ls005\/sequencage\/#breadcrumb\"},\"inLanguage\":\"fr-FR\",\"potentialAction\":[{\"@type\":\"ReadAction\",\"target\":[\"https:\/\/www.mymsd.ch\/fr\/products\/welireg\/ls005\/sequencage\/\"]}]},{\"@type\":\"ImageObject\",\"inLanguage\":\"fr-FR\",\"@id\":\"https:\/\/www.mymsd.ch\/fr\/products\/welireg\/ls005\/sequencage\/#primaryimage\",\"url\":\"https:\/\/www.mymsd.ch\/fr\/wp-content\/uploads\/sites\/30\/2025\/08\/F-WELIREG-aRCC-Thumbnail-Sequence.jpg\",\"contentUrl\":\"https:\/\/www.mymsd.ch\/fr\/wp-content\/uploads\/sites\/30\/2025\/08\/F-WELIREG-aRCC-Thumbnail-Sequence.jpg\",\"width\":611,\"height\":430},{\"@type\":\"BreadcrumbList\",\"@id\":\"https:\/\/www.mymsd.ch\/fr\/products\/welireg\/ls005\/sequencage\/#breadcrumb\",\"itemListElement\":[{\"@type\":\"ListItem\",\"position\":1,\"name\":\"Home\",\"item\":\"https:\/\/www.mymsd.ch\/fr\/\"},{\"@type\":\"ListItem\",\"position\":2,\"name\":\"Products\",\"item\":\"https:\/\/www.mymsd.ch\/fr\/products\/\"},{\"@type\":\"ListItem\",\"position\":3,\"name\":\"WELIREG\u00ae\",\"item\":\"https:\/\/www.mymsd.ch\/fr\/products\/welireg\/\"},{\"@type\":\"ListItem\",\"position\":4,\"name\":\"WELIREG\u00ae pour l\u2019aRCC\",\"item\":\"https:\/\/www.mymsd.ch\/fr\/products\/welireg\/ls005\/\"},{\"@type\":\"ListItem\",\"position\":5,\"name\":\"S\u00e9quen\u00e7age\"}]},{\"@type\":\"WebSite\",\"@id\":\"https:\/\/www.mymsd.ch\/fr\/#website\",\"url\":\"https:\/\/www.mymsd.ch\/fr\/\",\"name\":\"MyMSD.ch FR\",\"description\":\"\",\"publisher\":{\"@id\":\"https:\/\/www.mymsd.ch\/fr\/#organization\"},\"potentialAction\":[{\"@type\":\"SearchAction\",\"target\":{\"@type\":\"EntryPoint\",\"urlTemplate\":\"https:\/\/www.mymsd.ch\/fr\/?s={search_term_string}\"},\"query-input\":{\"@type\":\"PropertyValueSpecification\",\"valueRequired\":true,\"valueName\":\"search_term_string\"}}],\"inLanguage\":\"fr-FR\"},{\"@type\":\"Organization\",\"@id\":\"https:\/\/www.mymsd.ch\/fr\/#organization\",\"name\":\"MSD Switzerland\",\"url\":\"https:\/\/www.mymsd.ch\/fr\/\",\"logo\":{\"@type\":\"ImageObject\",\"inLanguage\":\"fr-FR\",\"@id\":\"https:\/\/www.mymsd.ch\/fr\/#\/schema\/logo\/image\/\",\"url\":\"https:\/\/www.mymsd.ch\/fr\/wp-content\/uploads\/sites\/30\/2023\/10\/cropped-myMSD-logo.png\",\"contentUrl\":\"https:\/\/www.mymsd.ch\/fr\/wp-content\/uploads\/sites\/30\/2023\/10\/cropped-myMSD-logo.png\",\"width\":4084,\"height\":692,\"caption\":\"MSD Switzerland\"},\"image\":{\"@id\":\"https:\/\/www.mymsd.ch\/fr\/#\/schema\/logo\/image\/\"}}]}<\/script>\n<!-- \/ Yoast SEO plugin. -->","yoast_head_json":{"title":"S\u00e9quen\u00e7age - MyMSD.ch FR","robots":{"index":"index","follow":"follow","max-snippet":"max-snippet:-1","max-image-preview":"max-image-preview:large","max-video-preview":"max-video-preview:-1"},"canonical":"https:\/\/www.mymsd.ch\/fr\/products\/welireg\/ls005\/sequencage\/","og_locale":"fr_FR","og_type":"article","og_title":"S\u00e9quen\u00e7age - MyMSD.ch FR","og_description":"\u00c0 partir de quelle ligne de traitement WELIREG\u00ae peut-il \u00eatre utilis\u00e9 dans l\u2019aRCC?","og_url":"https:\/\/www.mymsd.ch\/fr\/products\/welireg\/ls005\/sequencage\/","og_site_name":"MyMSD.ch FR","article_modified_time":"2025-08-22T06:47:29+00:00","og_image":[{"width":611,"height":430,"url":"https:\/\/www.mymsd.ch\/fr\/wp-content\/uploads\/sites\/30\/2025\/08\/F-WELIREG-aRCC-Thumbnail-Sequence.jpg","type":"image\/jpeg"}],"twitter_card":"summary_large_image","twitter_misc":{"Dur\u00e9e de lecture estim\u00e9e":"4 minutes"},"schema":{"@context":"https:\/\/schema.org","@graph":[{"@type":"WebPage","@id":"https:\/\/www.mymsd.ch\/fr\/products\/welireg\/ls005\/sequencage\/","url":"https:\/\/www.mymsd.ch\/fr\/products\/welireg\/ls005\/sequencage\/","name":"S\u00e9quen\u00e7age - MyMSD.ch FR","isPartOf":{"@id":"https:\/\/www.mymsd.ch\/fr\/#website"},"primaryImageOfPage":{"@id":"https:\/\/www.mymsd.ch\/fr\/products\/welireg\/ls005\/sequencage\/#primaryimage"},"image":{"@id":"https:\/\/www.mymsd.ch\/fr\/products\/welireg\/ls005\/sequencage\/#primaryimage"},"thumbnailUrl":"https:\/\/www.mymsd.ch\/fr\/wp-content\/uploads\/sites\/30\/2025\/08\/F-WELIREG-aRCC-Thumbnail-Sequence.jpg","datePublished":"2025-08-22T06:47:27+00:00","dateModified":"2025-08-22T06:47:29+00:00","breadcrumb":{"@id":"https:\/\/www.mymsd.ch\/fr\/products\/welireg\/ls005\/sequencage\/#breadcrumb"},"inLanguage":"fr-FR","potentialAction":[{"@type":"ReadAction","target":["https:\/\/www.mymsd.ch\/fr\/products\/welireg\/ls005\/sequencage\/"]}]},{"@type":"ImageObject","inLanguage":"fr-FR","@id":"https:\/\/www.mymsd.ch\/fr\/products\/welireg\/ls005\/sequencage\/#primaryimage","url":"https:\/\/www.mymsd.ch\/fr\/wp-content\/uploads\/sites\/30\/2025\/08\/F-WELIREG-aRCC-Thumbnail-Sequence.jpg","contentUrl":"https:\/\/www.mymsd.ch\/fr\/wp-content\/uploads\/sites\/30\/2025\/08\/F-WELIREG-aRCC-Thumbnail-Sequence.jpg","width":611,"height":430},{"@type":"BreadcrumbList","@id":"https:\/\/www.mymsd.ch\/fr\/products\/welireg\/ls005\/sequencage\/#breadcrumb","itemListElement":[{"@type":"ListItem","position":1,"name":"Home","item":"https:\/\/www.mymsd.ch\/fr\/"},{"@type":"ListItem","position":2,"name":"Products","item":"https:\/\/www.mymsd.ch\/fr\/products\/"},{"@type":"ListItem","position":3,"name":"WELIREG\u00ae","item":"https:\/\/www.mymsd.ch\/fr\/products\/welireg\/"},{"@type":"ListItem","position":4,"name":"WELIREG\u00ae pour l\u2019aRCC","item":"https:\/\/www.mymsd.ch\/fr\/products\/welireg\/ls005\/"},{"@type":"ListItem","position":5,"name":"S\u00e9quen\u00e7age"}]},{"@type":"WebSite","@id":"https:\/\/www.mymsd.ch\/fr\/#website","url":"https:\/\/www.mymsd.ch\/fr\/","name":"MyMSD.ch FR","description":"","publisher":{"@id":"https:\/\/www.mymsd.ch\/fr\/#organization"},"potentialAction":[{"@type":"SearchAction","target":{"@type":"EntryPoint","urlTemplate":"https:\/\/www.mymsd.ch\/fr\/?s={search_term_string}"},"query-input":{"@type":"PropertyValueSpecification","valueRequired":true,"valueName":"search_term_string"}}],"inLanguage":"fr-FR"},{"@type":"Organization","@id":"https:\/\/www.mymsd.ch\/fr\/#organization","name":"MSD Switzerland","url":"https:\/\/www.mymsd.ch\/fr\/","logo":{"@type":"ImageObject","inLanguage":"fr-FR","@id":"https:\/\/www.mymsd.ch\/fr\/#\/schema\/logo\/image\/","url":"https:\/\/www.mymsd.ch\/fr\/wp-content\/uploads\/sites\/30\/2023\/10\/cropped-myMSD-logo.png","contentUrl":"https:\/\/www.mymsd.ch\/fr\/wp-content\/uploads\/sites\/30\/2023\/10\/cropped-myMSD-logo.png","width":4084,"height":692,"caption":"MSD Switzerland"},"image":{"@id":"https:\/\/www.mymsd.ch\/fr\/#\/schema\/logo\/image\/"}}]}},"_links":{"self":[{"href":"https:\/\/www.mymsd.ch\/fr\/wp-json\/wp\/v2\/product\/100895","targetHints":{"allow":["GET"]}}],"collection":[{"href":"https:\/\/www.mymsd.ch\/fr\/wp-json\/wp\/v2\/product"}],"about":[{"href":"https:\/\/www.mymsd.ch\/fr\/wp-json\/wp\/v2\/types\/product"}],"author":[{"embeddable":true,"href":"https:\/\/www.mymsd.ch\/fr\/wp-json\/wp\/v2\/users\/202221"}],"version-history":[{"count":3,"href":"https:\/\/www.mymsd.ch\/fr\/wp-json\/wp\/v2\/product\/100895\/revisions"}],"predecessor-version":[{"id":100973,"href":"https:\/\/www.mymsd.ch\/fr\/wp-json\/wp\/v2\/product\/100895\/revisions\/100973"}],"up":[{"embeddable":true,"href":"https:\/\/www.mymsd.ch\/fr\/wp-json\/wp\/v2\/product\/100887"}],"wp:featuredmedia":[{"embeddable":true,"href":"https:\/\/www.mymsd.ch\/fr\/wp-json\/wp\/v2\/media\/100968"}],"wp:attachment":[{"href":"https:\/\/www.mymsd.ch\/fr\/wp-json\/wp\/v2\/media?parent=100895"}],"wp:term":[{"taxonomy":"category","embeddable":true,"href":"https:\/\/www.mymsd.ch\/fr\/wp-json\/wp\/v2\/categories?post=100895"},{"taxonomy":"post_tag","embeddable":true,"href":"https:\/\/www.mymsd.ch\/fr\/wp-json\/wp\/v2\/tags?post=100895"},{"taxonomy":"ga4_page_audience","embeddable":true,"href":"https:\/\/www.mymsd.ch\/fr\/wp-json\/wp\/v2\/ga4_page_audience?post=100895"},{"taxonomy":"ga4_page_birn_id","embeddable":true,"href":"https:\/\/www.mymsd.ch\/fr\/wp-json\/wp\/v2\/ga4_page_birn_id?post=100895"},{"taxonomy":"ga4_page_branding","embeddable":true,"href":"https:\/\/www.mymsd.ch\/fr\/wp-json\/wp\/v2\/ga4_page_branding?post=100895"},{"taxonomy":"ga4_page_businessunit","embeddable":true,"href":"https:\/\/www.mymsd.ch\/fr\/wp-json\/wp\/v2\/ga4_page_businessunit?post=100895"},{"taxonomy":"ga4_page_campaign","embeddable":true,"href":"https:\/\/www.mymsd.ch\/fr\/wp-json\/wp\/v2\/ga4_page_campaign?post=100895"},{"taxonomy":"ga4_page_content_purpose","embeddable":true,"href":"https:\/\/www.mymsd.ch\/fr\/wp-json\/wp\/v2\/ga4_page_content_purpose?post=100895"},{"taxonomy":"ga4_page_customer_journey_stage","embeddable":true,"href":"https:\/\/www.mymsd.ch\/fr\/wp-json\/wp\/v2\/ga4_page_customer_journey_stage?post=100895"},{"taxonomy":"ga4_page_customer_specialty","embeddable":true,"href":"https:\/\/www.mymsd.ch\/fr\/wp-json\/wp\/v2\/ga4_page_customer_specialty?post=100895"},{"taxonomy":"ga4_page_experience","embeddable":true,"href":"https:\/\/www.mymsd.ch\/fr\/wp-json\/wp\/v2\/ga4_page_experience?post=100895"},{"taxonomy":"ga4_page_indication","embeddable":true,"href":"https:\/\/www.mymsd.ch\/fr\/wp-json\/wp\/v2\/ga4_page_indication?post=100895"},{"taxonomy":"ga4_page_material_intent","embeddable":true,"href":"https:\/\/www.mymsd.ch\/fr\/wp-json\/wp\/v2\/ga4_page_material_intent?post=100895"},{"taxonomy":"ga4_page_product","embeddable":true,"href":"https:\/\/www.mymsd.ch\/fr\/wp-json\/wp\/v2\/ga4_page_product?post=100895"},{"taxonomy":"ga4_page_region","embeddable":true,"href":"https:\/\/www.mymsd.ch\/fr\/wp-json\/wp\/v2\/ga4_page_region?post=100895"},{"taxonomy":"ga4_page_therapeuticarea","embeddable":true,"href":"https:\/\/www.mymsd.ch\/fr\/wp-json\/wp\/v2\/ga4_page_therapeuticarea?post=100895"},{"taxonomy":"tx-therapeutic-area","embeddable":true,"href":"https:\/\/www.mymsd.ch\/fr\/wp-json\/wp\/v2\/tx-therapeutic-area?post=100895"},{"taxonomy":"tx-product","embeddable":true,"href":"https:\/\/www.mymsd.ch\/fr\/wp-json\/wp\/v2\/tx-product?post=100895"},{"taxonomy":"tx-pathology","embeddable":true,"href":"https:\/\/www.mymsd.ch\/fr\/wp-json\/wp\/v2\/tx-pathology?post=100895"},{"taxonomy":"tx-content-type","embeddable":true,"href":"https:\/\/www.mymsd.ch\/fr\/wp-json\/wp\/v2\/tx-content-type?post=100895"},{"taxonomy":"tx-active-ingredient","embeddable":true,"href":"https:\/\/www.mymsd.ch\/fr\/wp-json\/wp\/v2\/tx-active-ingredient?post=100895"},{"taxonomy":"access","embeddable":true,"href":"https:\/\/www.mymsd.ch\/fr\/wp-json\/wp\/v2\/access?post=100895"},{"taxonomy":"user_status","embeddable":true,"href":"https:\/\/www.mymsd.ch\/fr\/wp-json\/wp\/v2\/user_status?post=100895"},{"taxonomy":"user_role","embeddable":true,"href":"https:\/\/www.mymsd.ch\/fr\/wp-json\/wp\/v2\/user_role?post=100895"}],"curies":[{"name":"wp","href":"https:\/\/api.w.org\/{rel}","templated":true}]}}