{"id":96825,"date":"2024-09-18T07:44:13","date_gmt":"2024-09-18T07:44:13","guid":{"rendered":"https:\/\/www.mymsd.ch\/fr\/?page_id=96825"},"modified":"2026-02-04T09:43:01","modified_gmt":"2026-02-04T09:43:01","slug":"information-professionnelle-pneumovax","status":"publish","type":"page","link":"https:\/\/www.mymsd.ch\/fr\/succinctstatement\/information-professionnelle-pneumovax\/","title":{"rendered":"Information professionnelle PNEUMOVAX\u00ae"},"content":{"rendered":"\n<h1 class=\"wp-block-heading has-border-color has-has-red-border-color-border-color has-teal-500-color has-text-color  mhh-mcn-v1-heading mhh-mcn-v1-heading--3592eb5ce78c079235b86da6fc4c1e10\">Information professionnelle abr\u00e9g\u00e9e de PNEUMOVAX<sup>\u00ae<\/sup>-23 (23 polysaccharides des s\u00e9rotypes pneumococciques)<\/h1>\n\n\n\n<p class=\"has-border-color has-has-red-border-color-border-color   mhh-mcn-v1-paragraph mhh-mcn-v1-paragraph--db5be70dc4cbdfd12883a14d4d3de13e\"><strong>PNEUMOVAX<sup>\u00ae<\/sup>-23: PA:<\/strong> 23 polysaccharides des s\u00e9rotypes pneumococciques<em>;<\/em> <strong>I:<\/strong> Immunisation contre les maladies caus\u00e9es par les s\u00e9rotypes de pneumocoques contenus dans le vaccin; <strong>Po:<\/strong> <em>Adultes et enfants:<\/em> \u00e0 partir de l\u2019\u00e2ge de 2 ans, une dose de 0.5&nbsp;ml IM ou par voie sous-cutan\u00e9e;&nbsp;&nbsp;&nbsp;&nbsp;&nbsp;&nbsp;&nbsp;&nbsp;&nbsp;&nbsp;&nbsp;&nbsp;&nbsp;&nbsp;&nbsp; <strong>CI:<\/strong> Hypersensibilit\u00e9 \u00e0 l\u2019un des composants du vaccin; <strong>Pr:<\/strong> En cas de maladie f\u00e9brile des voies a\u00e9riennes ou d\u2019une autre infection active: diff\u00e9rer la vaccination. La protection des patients avec immunosuppression suite \u00e0 une maladie ou \u00e0 un traitement peut \u00eatre diminu\u00e9e. Une prophylaxie antibiotique n\u00e9cessaire contre les infections \u00e0 pneumocoques doit \u00eatre poursuivie; <strong>IA:<\/strong> En cas d\u2019administration concomitante avec des vaccins antigrippaux: administrer dans des seringues diff\u00e9rentes et \u00e0 des sites d\u2019injection diff\u00e9rents. Ne pas administrer concomitamment avec ZOSTAVAX<sup>\u00ae<\/sup> (intervalle d\u2019au moins 4 semaines); <strong>G\/A: <\/strong>Ne pas administrer; <strong>EI:<\/strong> <em>Tr\u00e8s fr\u00e9quent: <\/em>r\u00e9actions locales au point d&rsquo;injection telles que douleurs \/ sensibilit\u00e9 \/ douleur \u00e0 la palpation, \u00e9ryth\u00e8me, gonflement, asth\u00e9nie \/ fatigue, c\u00e9phal\u00e9es, myalgies; <strong>P:<\/strong> seringue pr\u00e9remplie: 0.5&nbsp;ml de vaccin pneumococcique; <strong>CR:<\/strong> B; <strong>Td\u2019a:<\/strong> MSD Merck Sharp &amp; Dohme AG, Werftestrasse 4, 6005 CH-Lucerne; (V4.0); CH-PNX-00001.<\/p>\n\n\n\n<hr class=\"wp-block-separator has-text-color has-gray-300-color has-alpha-channel-opacity has-gray-300-background-color has-background\" \/>\n\n\n\n<p class=\"has-object-object-font-size has-border-color has-has-red-border-color-border-color   mhh-mcn-v1-paragraph mhh-mcn-v1-paragraph--00b8da7ea09d2fb0183637eac807e632\"><em><em>Avant de prescrire, veuillez consulter les indications d\u00e9taill\u00e9es de l&rsquo;information professionnelle publi\u00e9e \u00e0 la page d&rsquo;accueil de Swissmedic\u00a0<a href=\"https:\/\/www.swissmedicinfo-pro.ch\/ShowText.aspx?textType=FI&amp;lang=FR&amp;authNr=65675\" target=\"_blank\" rel=\"noreferrer noopener\">www.swissmedicinfo-pro.ch<\/a>.<\/em><\/em><\/p>\n","protected":false},"excerpt":{"rendered":"<p>Information professionnelle abr\u00e9g\u00e9e de PNEUMOVAX\u00ae-23 (23 polysaccharides des s\u00e9rotypes pneumococciques) PNEUMOVAX\u00ae-23: PA: 23 polysaccharides des s\u00e9rotypes pneumococciques; I: Immunisation contre [&hellip;]<\/p>\n","protected":false},"author":115978,"featured_media":0,"parent":96214,"menu_order":0,"comment_status":"closed","ping_status":"closed","template":"","meta":{"_mhh_sticky_footer_settings":{"entityId":0},"_mhh_sticky_footer_posts":"","_mhh_sticky_footer_expanded":false,"_mhh_mcn_text_direction":"","_mhh_mcn_language":"","_mhh_mcn_left_sidebar_settings":{"entityId":0},"_mhh_mcn_sidebar_settings":{"entityId":0},"mhh_mcn_side_navigation_style":{"fontSize":{"l":"","m":"","s":""},"lineHeight":{"l":1.5,"m":1.5,"s":1.5},"itemColor":"","hoverItemColor":"","currentItemColor":"","borderItemColor":"","backgroundItemHoverColor":"","themeColor":""},"_mhh_mcn_child_page_navigation":{"isActive":false,"isSticky":false},"hide_header":false,"show_top_bar":false,"hide_footer":false,"full_width_layout":false,"icon":null,"job_code":"","primary_tag":1608,"editor_notices":[],"mconnectHideShareThis":false,"footnotes":"","mconnectIsArchiveTemplate":false,"mconnectArchiveFiltersDisabled":false,"mconnectArchiveLockAllPresetFilters":false,"mconnectArchiveHidePageSubmenu":false,"mconnectArchiveShowParentPageOnly":false,"mconnectArchiveDefaultOrder":"DESC","mconnectArchiveDefaultOrderBy":"date","mconnectArchivePostsPerPage":12,"mconnectArchivePostTypes":[],"mconnectArchiveAllowFilterBy":["category","tx-content-type","tx-product","tx-pathology","tx-active-ingredient","tx-therapeutic-area"],"mconnectArchiveTaxonomyOrder":[],"mconnectArchiveFilterSorting":["active","is_keyword","is_date"],"mconnectArchiveContentItemStyle":{"showExcerpt":true,"showImage":true,"showIcon":false,"showPrimaryTag":true,"showBorder":false,"showDates":false,"showCta":true,"isCard":false,"hasBackground":false,"showMetadata":true},"mconnectArchiveLayout":{"type":"list","hasFeatured":false},"mconnectDynamicTaxonomyEntities":[],"mconnectArchiveTerms_category":[],"mconnectArchiveAllowTerms_category":[],"mconnectArchiveTerms_tx-content-type":[],"mconnectArchiveAllowTerms_tx-content-type":[],"mconnectArchiveTerms_tx-product":[],"mconnectArchiveAllowTerms_tx-product":[],"mconnectArchiveTerms_tx-pathology":[],"mconnectArchiveAllowTerms_tx-pathology":[],"mconnectArchiveTerms_tx-active-ingredient":[],"mconnectArchiveAllowTerms_tx-active-ingredient":[],"mconnectArchiveTerms_tx-therapeutic-area":[],"mconnectArchiveAllowTerms_tx-therapeutic-area":[],"mconnectArchiveAllowTerms_dynamic-taxonomy":[],"mconnectArchiveLegacyDefaultTermsApplied":false,"mconnectContentUpdatesPerPage":10,"mconnectContentUpdatesViewMoreUrl":"","mconnectContentUpdatesTerms_tx-content-type":[],"mconnectContentUpdatesTerms_tx-product":[],"mconnectContentUpdatesTerms_tx-pathology":[],"mconnectContentUpdatesTerms_tx-active-ingredient":[],"mconnectContentUpdatesTerms_tx-therapeutic-area":[],"sidebar_toogle":0,"sidebar_toogle_notification_warning":true,"sidebar_toogle_notification_alert":true,"content_expiration_sidebar_date":"","content_expiration_sidebar_expired_post_status":"","content_expiration_sidebar_redirection":""},"categories":[1607],"tags":[1608],"ga4_page_audience":[],"ga4_page_birn_id":[],"ga4_page_branding":[957],"ga4_page_businessunit":[965],"ga4_page_campaign":[],"ga4_page_content_purpose":[1535],"ga4_page_customer_journey_stage":[],"ga4_page_customer_specialty":[],"ga4_page_experience":[],"ga4_page_indication":[],"ga4_page_material_intent":[1206],"ga4_page_product":[1341],"ga4_page_region":[1462],"ga4_page_therapeuticarea":[1520],"tx-therapeutic-area":[658],"tx-product":[656],"tx-pathology":[],"tx-content-type":[1609],"tx-active-ingredient":[],"access":[],"user_status":[],"user_role":[],"class_list":["post-96825","page","type-page","status-publish","hentry","category-kfi","tag-kfi"],"yoast_head":"<!-- This site is optimized with the Yoast SEO plugin v23.9 - https:\/\/yoast.com\/wordpress\/plugins\/seo\/ -->\n<title>Information professionnelle PNEUMOVAX\u00ae - MyMSD.ch FR<\/title>\n<meta name=\"robots\" content=\"noindex, nofollow\" \/>\n<meta property=\"og:locale\" content=\"fr_FR\" \/>\n<meta property=\"og:type\" content=\"article\" \/>\n<meta property=\"og:title\" content=\"Information professionnelle PNEUMOVAX\u00ae - MyMSD.ch FR\" \/>\n<meta property=\"og:description\" content=\"Information professionnelle abr\u00e9g\u00e9e de PNEUMOVAX\u00ae-23 (23 polysaccharides des s\u00e9rotypes pneumococciques) PNEUMOVAX\u00ae-23: PA: 23 polysaccharides des s\u00e9rotypes pneumococciques; I: Immunisation contre [&hellip;]\" \/>\n<meta property=\"og:url\" content=\"https:\/\/www.mymsd.ch\/fr\/succinctstatement\/information-professionnelle-pneumovax\/\" \/>\n<meta property=\"og:site_name\" content=\"MyMSD.ch FR\" \/>\n<meta property=\"article:modified_time\" content=\"2026-02-04T09:43:01+00:00\" \/>\n<meta property=\"og:image\" content=\"https:\/\/www.mymsd.ch\/fr\/wp-content\/uploads\/sites\/30\/2022\/03\/02852_MSD_Logo_W-Anthem_Vertical_TealGrey_RGB.png\" \/>\n\t<meta property=\"og:image:width\" content=\"2186\" \/>\n\t<meta property=\"og:image:height\" content=\"2134\" \/>\n\t<meta property=\"og:image:type\" content=\"image\/png\" \/>\n<meta name=\"twitter:card\" content=\"summary_large_image\" \/>\n<meta name=\"twitter:label1\" content=\"Dur\u00e9e de lecture estim\u00e9e\" \/>\n\t<meta name=\"twitter:data1\" content=\"2 minutes\" \/>\n<script type=\"application\/ld+json\" class=\"yoast-schema-graph\">{\"@context\":\"https:\/\/schema.org\",\"@graph\":[{\"@type\":\"WebPage\",\"@id\":\"https:\/\/www.mymsd.ch\/fr\/succinctstatement\/information-professionnelle-pneumovax\/\",\"url\":\"https:\/\/www.mymsd.ch\/fr\/succinctstatement\/information-professionnelle-pneumovax\/\",\"name\":\"Information professionnelle PNEUMOVAX\u00ae - MyMSD.ch FR\",\"isPartOf\":{\"@id\":\"https:\/\/www.mymsd.ch\/fr\/#website\"},\"datePublished\":\"2024-09-18T07:44:13+00:00\",\"dateModified\":\"2026-02-04T09:43:01+00:00\",\"breadcrumb\":{\"@id\":\"https:\/\/www.mymsd.ch\/fr\/succinctstatement\/information-professionnelle-pneumovax\/#breadcrumb\"},\"inLanguage\":\"fr-FR\",\"potentialAction\":[{\"@type\":\"ReadAction\",\"target\":[\"https:\/\/www.mymsd.ch\/fr\/succinctstatement\/information-professionnelle-pneumovax\/\"]}]},{\"@type\":\"BreadcrumbList\",\"@id\":\"https:\/\/www.mymsd.ch\/fr\/succinctstatement\/information-professionnelle-pneumovax\/#breadcrumb\",\"itemListElement\":[{\"@type\":\"ListItem\",\"position\":1,\"name\":\"Home\",\"item\":\"https:\/\/www.mymsd.ch\/fr\/\"},{\"@type\":\"ListItem\",\"position\":2,\"name\":\"Product Succinct Statement\",\"item\":\"https:\/\/www.mymsd.ch\/fr\/succinctstatement\/\"},{\"@type\":\"ListItem\",\"position\":3,\"name\":\"Information professionnelle PNEUMOVAX\u00ae\"}]},{\"@type\":\"WebSite\",\"@id\":\"https:\/\/www.mymsd.ch\/fr\/#website\",\"url\":\"https:\/\/www.mymsd.ch\/fr\/\",\"name\":\"MyMSD.ch FR\",\"description\":\"\",\"publisher\":{\"@id\":\"https:\/\/www.mymsd.ch\/fr\/#organization\"},\"potentialAction\":[{\"@type\":\"SearchAction\",\"target\":{\"@type\":\"EntryPoint\",\"urlTemplate\":\"https:\/\/www.mymsd.ch\/fr\/?s={search_term_string}\"},\"query-input\":{\"@type\":\"PropertyValueSpecification\",\"valueRequired\":true,\"valueName\":\"search_term_string\"}}],\"inLanguage\":\"fr-FR\"},{\"@type\":\"Organization\",\"@id\":\"https:\/\/www.mymsd.ch\/fr\/#organization\",\"name\":\"MSD Switzerland\",\"url\":\"https:\/\/www.mymsd.ch\/fr\/\",\"logo\":{\"@type\":\"ImageObject\",\"inLanguage\":\"fr-FR\",\"@id\":\"https:\/\/www.mymsd.ch\/fr\/#\/schema\/logo\/image\/\",\"url\":\"https:\/\/www.mymsd.ch\/fr\/wp-content\/uploads\/sites\/30\/2023\/10\/cropped-myMSD-logo.png\",\"contentUrl\":\"https:\/\/www.mymsd.ch\/fr\/wp-content\/uploads\/sites\/30\/2023\/10\/cropped-myMSD-logo.png\",\"width\":4084,\"height\":692,\"caption\":\"MSD Switzerland\"},\"image\":{\"@id\":\"https:\/\/www.mymsd.ch\/fr\/#\/schema\/logo\/image\/\"}}]}<\/script>\n<!-- \/ Yoast SEO plugin. -->","yoast_head_json":{"title":"Information professionnelle PNEUMOVAX\u00ae - MyMSD.ch FR","robots":{"index":"noindex","follow":"nofollow"},"og_locale":"fr_FR","og_type":"article","og_title":"Information professionnelle PNEUMOVAX\u00ae - MyMSD.ch FR","og_description":"Information professionnelle abr\u00e9g\u00e9e de PNEUMOVAX\u00ae-23 (23 polysaccharides des s\u00e9rotypes pneumococciques) PNEUMOVAX\u00ae-23: PA: 23 polysaccharides des s\u00e9rotypes pneumococciques; I: Immunisation contre [&hellip;]","og_url":"https:\/\/www.mymsd.ch\/fr\/succinctstatement\/information-professionnelle-pneumovax\/","og_site_name":"MyMSD.ch FR","article_modified_time":"2026-02-04T09:43:01+00:00","og_image":[{"width":2186,"height":2134,"url":"https:\/\/www.mymsd.ch\/fr\/wp-content\/uploads\/sites\/30\/2022\/03\/02852_MSD_Logo_W-Anthem_Vertical_TealGrey_RGB.png","type":"image\/png"}],"twitter_card":"summary_large_image","twitter_misc":{"Dur\u00e9e de lecture estim\u00e9e":"2 minutes"},"schema":{"@context":"https:\/\/schema.org","@graph":[{"@type":"WebPage","@id":"https:\/\/www.mymsd.ch\/fr\/succinctstatement\/information-professionnelle-pneumovax\/","url":"https:\/\/www.mymsd.ch\/fr\/succinctstatement\/information-professionnelle-pneumovax\/","name":"Information professionnelle PNEUMOVAX\u00ae - MyMSD.ch FR","isPartOf":{"@id":"https:\/\/www.mymsd.ch\/fr\/#website"},"datePublished":"2024-09-18T07:44:13+00:00","dateModified":"2026-02-04T09:43:01+00:00","breadcrumb":{"@id":"https:\/\/www.mymsd.ch\/fr\/succinctstatement\/information-professionnelle-pneumovax\/#breadcrumb"},"inLanguage":"fr-FR","potentialAction":[{"@type":"ReadAction","target":["https:\/\/www.mymsd.ch\/fr\/succinctstatement\/information-professionnelle-pneumovax\/"]}]},{"@type":"BreadcrumbList","@id":"https:\/\/www.mymsd.ch\/fr\/succinctstatement\/information-professionnelle-pneumovax\/#breadcrumb","itemListElement":[{"@type":"ListItem","position":1,"name":"Home","item":"https:\/\/www.mymsd.ch\/fr\/"},{"@type":"ListItem","position":2,"name":"Product Succinct Statement","item":"https:\/\/www.mymsd.ch\/fr\/succinctstatement\/"},{"@type":"ListItem","position":3,"name":"Information professionnelle PNEUMOVAX\u00ae"}]},{"@type":"WebSite","@id":"https:\/\/www.mymsd.ch\/fr\/#website","url":"https:\/\/www.mymsd.ch\/fr\/","name":"MyMSD.ch FR","description":"","publisher":{"@id":"https:\/\/www.mymsd.ch\/fr\/#organization"},"potentialAction":[{"@type":"SearchAction","target":{"@type":"EntryPoint","urlTemplate":"https:\/\/www.mymsd.ch\/fr\/?s={search_term_string}"},"query-input":{"@type":"PropertyValueSpecification","valueRequired":true,"valueName":"search_term_string"}}],"inLanguage":"fr-FR"},{"@type":"Organization","@id":"https:\/\/www.mymsd.ch\/fr\/#organization","name":"MSD Switzerland","url":"https:\/\/www.mymsd.ch\/fr\/","logo":{"@type":"ImageObject","inLanguage":"fr-FR","@id":"https:\/\/www.mymsd.ch\/fr\/#\/schema\/logo\/image\/","url":"https:\/\/www.mymsd.ch\/fr\/wp-content\/uploads\/sites\/30\/2023\/10\/cropped-myMSD-logo.png","contentUrl":"https:\/\/www.mymsd.ch\/fr\/wp-content\/uploads\/sites\/30\/2023\/10\/cropped-myMSD-logo.png","width":4084,"height":692,"caption":"MSD Switzerland"},"image":{"@id":"https:\/\/www.mymsd.ch\/fr\/#\/schema\/logo\/image\/"}}]}},"_links":{"self":[{"href":"https:\/\/www.mymsd.ch\/fr\/wp-json\/wp\/v2\/pages\/96825","targetHints":{"allow":["GET"]}}],"collection":[{"href":"https:\/\/www.mymsd.ch\/fr\/wp-json\/wp\/v2\/pages"}],"about":[{"href":"https:\/\/www.mymsd.ch\/fr\/wp-json\/wp\/v2\/types\/page"}],"author":[{"embeddable":true,"href":"https:\/\/www.mymsd.ch\/fr\/wp-json\/wp\/v2\/users\/115978"}],"replies":[{"embeddable":true,"href":"https:\/\/www.mymsd.ch\/fr\/wp-json\/wp\/v2\/comments?post=96825"}],"version-history":[{"count":5,"href":"https:\/\/www.mymsd.ch\/fr\/wp-json\/wp\/v2\/pages\/96825\/revisions"}],"predecessor-version":[{"id":103239,"href":"https:\/\/www.mymsd.ch\/fr\/wp-json\/wp\/v2\/pages\/96825\/revisions\/103239"}],"up":[{"embeddable":true,"href":"https:\/\/www.mymsd.ch\/fr\/wp-json\/wp\/v2\/pages\/96214"}],"wp:attachment":[{"href":"https:\/\/www.mymsd.ch\/fr\/wp-json\/wp\/v2\/media?parent=96825"}],"wp:term":[{"taxonomy":"category","embeddable":true,"href":"https:\/\/www.mymsd.ch\/fr\/wp-json\/wp\/v2\/categories?post=96825"},{"taxonomy":"post_tag","embeddable":true,"href":"https:\/\/www.mymsd.ch\/fr\/wp-json\/wp\/v2\/tags?post=96825"},{"taxonomy":"ga4_page_audience","embeddable":true,"href":"https:\/\/www.mymsd.ch\/fr\/wp-json\/wp\/v2\/ga4_page_audience?post=96825"},{"taxonomy":"ga4_page_birn_id","embeddable":true,"href":"https:\/\/www.mymsd.ch\/fr\/wp-json\/wp\/v2\/ga4_page_birn_id?post=96825"},{"taxonomy":"ga4_page_branding","embeddable":true,"href":"https:\/\/www.mymsd.ch\/fr\/wp-json\/wp\/v2\/ga4_page_branding?post=96825"},{"taxonomy":"ga4_page_businessunit","embeddable":true,"href":"https:\/\/www.mymsd.ch\/fr\/wp-json\/wp\/v2\/ga4_page_businessunit?post=96825"},{"taxonomy":"ga4_page_campaign","embeddable":true,"href":"https:\/\/www.mymsd.ch\/fr\/wp-json\/wp\/v2\/ga4_page_campaign?post=96825"},{"taxonomy":"ga4_page_content_purpose","embeddable":true,"href":"https:\/\/www.mymsd.ch\/fr\/wp-json\/wp\/v2\/ga4_page_content_purpose?post=96825"},{"taxonomy":"ga4_page_customer_journey_stage","embeddable":true,"href":"https:\/\/www.mymsd.ch\/fr\/wp-json\/wp\/v2\/ga4_page_customer_journey_stage?post=96825"},{"taxonomy":"ga4_page_customer_specialty","embeddable":true,"href":"https:\/\/www.mymsd.ch\/fr\/wp-json\/wp\/v2\/ga4_page_customer_specialty?post=96825"},{"taxonomy":"ga4_page_experience","embeddable":true,"href":"https:\/\/www.mymsd.ch\/fr\/wp-json\/wp\/v2\/ga4_page_experience?post=96825"},{"taxonomy":"ga4_page_indication","embeddable":true,"href":"https:\/\/www.mymsd.ch\/fr\/wp-json\/wp\/v2\/ga4_page_indication?post=96825"},{"taxonomy":"ga4_page_material_intent","embeddable":true,"href":"https:\/\/www.mymsd.ch\/fr\/wp-json\/wp\/v2\/ga4_page_material_intent?post=96825"},{"taxonomy":"ga4_page_product","embeddable":true,"href":"https:\/\/www.mymsd.ch\/fr\/wp-json\/wp\/v2\/ga4_page_product?post=96825"},{"taxonomy":"ga4_page_region","embeddable":true,"href":"https:\/\/www.mymsd.ch\/fr\/wp-json\/wp\/v2\/ga4_page_region?post=96825"},{"taxonomy":"ga4_page_therapeuticarea","embeddable":true,"href":"https:\/\/www.mymsd.ch\/fr\/wp-json\/wp\/v2\/ga4_page_therapeuticarea?post=96825"},{"taxonomy":"tx-therapeutic-area","embeddable":true,"href":"https:\/\/www.mymsd.ch\/fr\/wp-json\/wp\/v2\/tx-therapeutic-area?post=96825"},{"taxonomy":"tx-product","embeddable":true,"href":"https:\/\/www.mymsd.ch\/fr\/wp-json\/wp\/v2\/tx-product?post=96825"},{"taxonomy":"tx-pathology","embeddable":true,"href":"https:\/\/www.mymsd.ch\/fr\/wp-json\/wp\/v2\/tx-pathology?post=96825"},{"taxonomy":"tx-content-type","embeddable":true,"href":"https:\/\/www.mymsd.ch\/fr\/wp-json\/wp\/v2\/tx-content-type?post=96825"},{"taxonomy":"tx-active-ingredient","embeddable":true,"href":"https:\/\/www.mymsd.ch\/fr\/wp-json\/wp\/v2\/tx-active-ingredient?post=96825"},{"taxonomy":"access","embeddable":true,"href":"https:\/\/www.mymsd.ch\/fr\/wp-json\/wp\/v2\/access?post=96825"},{"taxonomy":"user_status","embeddable":true,"href":"https:\/\/www.mymsd.ch\/fr\/wp-json\/wp\/v2\/user_status?post=96825"},{"taxonomy":"user_role","embeddable":true,"href":"https:\/\/www.mymsd.ch\/fr\/wp-json\/wp\/v2\/user_role?post=96825"}],"curies":[{"name":"wp","href":"https:\/\/api.w.org\/{rel}","templated":true}]}}