{"id":96217,"date":"2024-08-07T11:46:05","date_gmt":"2024-08-07T11:46:05","guid":{"rendered":"https:\/\/www.mymsd.ch\/fr\/?page_id=96217"},"modified":"2026-02-05T15:18:51","modified_gmt":"2026-02-05T15:18:51","slug":"gardasil9","status":"publish","type":"page","link":"https:\/\/www.mymsd.ch\/fr\/succinctstatement\/gardasil9\/","title":{"rendered":"Information professionnelle GARDASIL\u00ae 9"},"content":{"rendered":"\n<h1 class=\"wp-block-heading  has-border-color has-has-red-border-color-border-color has-teal-500-color has-text-color mhh-mcn-v1-heading--left mhh-mcn-v1-heading mhh-mcn-v1-heading--ee451c3ec0924e63823532b81d8ea8eb\">Information professionnelle abr\u00e9g\u00e9e de GARDASIL<sup>\u00ae<\/sup> 9 (vaccin nonavalent anti-HPV)<\/h1>\n\n\n\n<p class=\"has-border-color has-has-red-border-color-border-color   mhh-mcn-v1-paragraph mhh-mcn-v1-paragraph--af294a726abd7a117fa72c87bf4c117f\"><strong>GARDASIL<sup>\u00ae<\/sup> 9:<\/strong> <strong>C: <\/strong>Prot\u00e9ine L1 de papillomavirus humain des types 6,11,16,18,31,33,45,52,58. <strong>I:<\/strong> Pour la pr\u00e9vention des maladies suivantes dues aux papillomavirus humains (HPV) de types 6, 11, 16, 18, 31, 33, 45, 52 et 58:<em> Chez les filles et les femmes \u00e2g\u00e9es de 9 \u00e0 45 ans: <\/em>Carcinomes du col de l\u2019ut\u00e9rus, de la vulve, du vagin et de l\u2019anus, l\u00e9sions pr\u00e9canc\u00e9reuses dans la r\u00e9gion ano-g\u00e9nitale (du col de l\u2019ut\u00e9rus, de la vulve, du vagin et de l\u2019anus) et verrues g\u00e9nitales; <em>Chez les gar\u00e7ons et les hommes \u00e2g\u00e9s de 9 \u00e0 26 ans:<\/em> Carcinome anal, l\u00e9sions anales pr\u00e9canc\u00e9reuses et verrues g\u00e9nitales.<strong> Po: <\/strong>La primovaccination se compose de 3 doses de 0,5 ml chacune \u00e0 administrer selon le sch\u00e9ma suivant: 0, 2, 6 mois. Alternativement \u00e0 l&rsquo;\u00e2ge 9-14 ans: 2 doses aux mois 0 et 5-13. Administrer par voie intramusculaire. <strong>CI: <\/strong>Hypersensibilit\u00e9 aux principes actifs ou excipients. D\u00e9placement en cas d&rsquo;une maladie f\u00e9brile aigu\u00eb s\u00e9v\u00e8re. <strong>Pr: <\/strong>Rarement des r\u00e9actions anaphylactiques, possibilit\u00e9 de syncopes, pas d&rsquo;effet th\u00e9rapeutique, ne remplace pas les tests de d\u00e9pistage de routine du cancer du col de l&rsquo;ut\u00e9rus, potentiellement pas de r\u00e9ponse immunitaire en cas d\u2019une fonction immunitaire alt\u00e9r\u00e9e, prudence en cas d\u2019une thrombocytop\u00e9nie ou tout trouble de la coagulation. <strong>IA: <\/strong>Aucune interaction connue ou non examin\u00e9s. <strong>G\/A:<\/strong> Aucun signe d&rsquo;effets ind\u00e9sirables, mais d\u00e9conseill\u00e9 pendant la grossesse; administration possible pendant la p\u00e9riode d&rsquo;allaitement. <strong>EI: <\/strong><em>Tr\u00e8s fr\u00e9quents:<\/em> c\u00e9phal\u00e9es, <em>au site d&rsquo;injection:<\/em> douleur, gonflement, \u00e9ryth\u00e8me. <strong>P: <\/strong>Seringue pr\u00eate \u00e0 l\u2019emploi 0.5 ml. <strong>CR: <\/strong>B. <strong>Td\u2019a:<\/strong> Merck Sharp &amp; Dohme AG, Werftestrasse 4, 6005 CH-Lucerne; (V5.0); CH-GSL-00015.<\/p>\n\n\n\n<hr class=\"wp-block-separator has-text-color has-gray-300-color has-alpha-channel-opacity has-gray-300-background-color has-background\" \/>\n\n\n\n<p class=\"has-border-color has-has-red-border-color-border-color has-object-object-font-size   mhh-mcn-v1-paragraph mhh-mcn-v1-paragraph--41fe441ea3ce291e9e5f350e21da23ac\"><em>Avant de prescrire, veuillez consulter les indications d\u00e9taill\u00e9es de l&rsquo;information professionnelle publi\u00e9e \u00e0 la page d&rsquo;accueil de Swissmedic\u00a0<a href=\"https:\/\/www.swissmedicinfo-pro.ch\/ShowText.aspx?textType=FI&amp;lang=FR&amp;authNr=65387\" target=\"_blank\" rel=\"noreferrer noopener\">www.swissmedicinfo-pro.ch<\/a>.<\/em><\/p>\n","protected":false},"excerpt":{"rendered":"<p>Information professionnelle abr\u00e9g\u00e9e de GARDASIL\u00ae 9 (vaccin nonavalent anti-HPV) GARDASIL\u00ae 9: C: Prot\u00e9ine L1 de papillomavirus humain des types 6,11,16,18,31,33,45,52,58. [&hellip;]<\/p>\n","protected":false},"author":73173,"featured_media":0,"parent":96214,"menu_order":0,"comment_status":"closed","ping_status":"closed","template":"","meta":{"_mhh_sticky_footer_settings":{"entityId":0},"_mhh_sticky_footer_posts":"","_mhh_sticky_footer_expanded":false,"_mhh_mcn_text_direction":"","_mhh_mcn_language":"","_mhh_mcn_left_sidebar_settings":{"entityId":0},"_mhh_mcn_sidebar_settings":{"entityId":0},"mhh_mcn_side_navigation_style":{"fontSize":{"l":"","m":"","s":""},"lineHeight":{"l":1.5,"m":1.5,"s":1.5},"itemColor":"","hoverItemColor":"","currentItemColor":"","borderItemColor":"","backgroundItemHoverColor":"","themeColor":""},"_mhh_mcn_child_page_navigation":{"isActive":false,"isSticky":false},"hide_header":false,"show_top_bar":false,"hide_footer":false,"full_width_layout":false,"icon":null,"job_code":"","primary_tag":1608,"editor_notices":[],"mconnectHideShareThis":false,"footnotes":"","mconnectIsArchiveTemplate":false,"mconnectArchiveFiltersDisabled":false,"mconnectArchiveLockAllPresetFilters":false,"mconnectArchiveHidePageSubmenu":false,"mconnectArchiveShowParentPageOnly":false,"mconnectArchiveDefaultOrder":"DESC","mconnectArchiveDefaultOrderBy":"date","mconnectArchivePostsPerPage":12,"mconnectArchivePostTypes":[],"mconnectArchiveAllowFilterBy":["category","tx-content-type","tx-product","tx-pathology","tx-active-ingredient","tx-therapeutic-area"],"mconnectArchiveTaxonomyOrder":[],"mconnectArchiveFilterSorting":["active","is_keyword","is_date"],"mconnectArchiveContentItemStyle":{"showExcerpt":true,"showImage":true,"showIcon":false,"showPrimaryTag":true,"showBorder":false,"showDates":false,"showCta":true,"isCard":false,"hasBackground":false,"showMetadata":true},"mconnectArchiveLayout":{"type":"list","hasFeatured":false},"mconnectDynamicTaxonomyEntities":[],"mconnectArchiveTerms_category":[],"mconnectArchiveAllowTerms_category":[],"mconnectArchiveTerms_tx-content-type":[],"mconnectArchiveAllowTerms_tx-content-type":[],"mconnectArchiveTerms_tx-product":[],"mconnectArchiveAllowTerms_tx-product":[],"mconnectArchiveTerms_tx-pathology":[],"mconnectArchiveAllowTerms_tx-pathology":[],"mconnectArchiveTerms_tx-active-ingredient":[],"mconnectArchiveAllowTerms_tx-active-ingredient":[],"mconnectArchiveTerms_tx-therapeutic-area":[],"mconnectArchiveAllowTerms_tx-therapeutic-area":[],"mconnectArchiveAllowTerms_dynamic-taxonomy":[],"mconnectArchiveLegacyDefaultTermsApplied":false,"mconnectContentUpdatesPerPage":10,"mconnectContentUpdatesViewMoreUrl":"","mconnectContentUpdatesTerms_tx-content-type":[],"mconnectContentUpdatesTerms_tx-product":[],"mconnectContentUpdatesTerms_tx-pathology":[],"mconnectContentUpdatesTerms_tx-active-ingredient":[],"mconnectContentUpdatesTerms_tx-therapeutic-area":[],"sidebar_toogle":0,"sidebar_toogle_notification_warning":true,"sidebar_toogle_notification_alert":true,"content_expiration_sidebar_date":"","content_expiration_sidebar_expired_post_status":"","content_expiration_sidebar_redirection":""},"categories":[1607],"tags":[1608],"ga4_page_audience":[],"ga4_page_birn_id":[],"ga4_page_branding":[957],"ga4_page_businessunit":[965],"ga4_page_campaign":[],"ga4_page_content_purpose":[1535],"ga4_page_customer_journey_stage":[],"ga4_page_customer_specialty":[],"ga4_page_experience":[],"ga4_page_indication":[],"ga4_page_material_intent":[1206],"ga4_page_product":[1255],"ga4_page_region":[1462],"ga4_page_therapeuticarea":[1520],"tx-therapeutic-area":[658],"tx-product":[628],"tx-pathology":[],"tx-content-type":[1609],"tx-active-ingredient":[],"access":[],"user_status":[],"user_role":[],"class_list":["post-96217","page","type-page","status-publish","hentry","category-kfi","tag-kfi"],"yoast_head":"<!-- This site is optimized with the Yoast SEO plugin v23.9 - https:\/\/yoast.com\/wordpress\/plugins\/seo\/ -->\n<title>Information professionnelle GARDASIL\u00ae 9 - MyMSD.ch FR<\/title>\n<meta name=\"robots\" content=\"noindex, nofollow\" \/>\n<meta property=\"og:locale\" content=\"fr_FR\" \/>\n<meta property=\"og:type\" content=\"article\" \/>\n<meta property=\"og:title\" content=\"Information professionnelle GARDASIL\u00ae 9 - MyMSD.ch FR\" \/>\n<meta property=\"og:description\" content=\"Information professionnelle abr\u00e9g\u00e9e de GARDASIL\u00ae 9 (vaccin nonavalent anti-HPV) GARDASIL\u00ae 9: C: Prot\u00e9ine L1 de papillomavirus humain des types 6,11,16,18,31,33,45,52,58. [&hellip;]\" \/>\n<meta property=\"og:url\" content=\"https:\/\/www.mymsd.ch\/fr\/succinctstatement\/gardasil9\/\" \/>\n<meta property=\"og:site_name\" content=\"MyMSD.ch FR\" \/>\n<meta property=\"article:modified_time\" content=\"2026-02-05T15:18:51+00:00\" \/>\n<meta property=\"og:image\" content=\"https:\/\/www.mymsd.ch\/fr\/wp-content\/uploads\/sites\/30\/2022\/03\/02852_MSD_Logo_W-Anthem_Vertical_TealGrey_RGB.png\" \/>\n\t<meta property=\"og:image:width\" content=\"2186\" \/>\n\t<meta property=\"og:image:height\" content=\"2134\" \/>\n\t<meta property=\"og:image:type\" content=\"image\/png\" \/>\n<meta name=\"twitter:card\" content=\"summary_large_image\" \/>\n<meta name=\"twitter:label1\" content=\"Dur\u00e9e de lecture estim\u00e9e\" \/>\n\t<meta name=\"twitter:data1\" content=\"2 minutes\" \/>\n<script type=\"application\/ld+json\" class=\"yoast-schema-graph\">{\"@context\":\"https:\/\/schema.org\",\"@graph\":[{\"@type\":\"WebPage\",\"@id\":\"https:\/\/www.mymsd.ch\/fr\/succinctstatement\/gardasil9\/\",\"url\":\"https:\/\/www.mymsd.ch\/fr\/succinctstatement\/gardasil9\/\",\"name\":\"Information professionnelle GARDASIL\u00ae 9 - MyMSD.ch FR\",\"isPartOf\":{\"@id\":\"https:\/\/www.mymsd.ch\/fr\/#website\"},\"datePublished\":\"2024-08-07T11:46:05+00:00\",\"dateModified\":\"2026-02-05T15:18:51+00:00\",\"breadcrumb\":{\"@id\":\"https:\/\/www.mymsd.ch\/fr\/succinctstatement\/gardasil9\/#breadcrumb\"},\"inLanguage\":\"fr-FR\",\"potentialAction\":[{\"@type\":\"ReadAction\",\"target\":[\"https:\/\/www.mymsd.ch\/fr\/succinctstatement\/gardasil9\/\"]}]},{\"@type\":\"BreadcrumbList\",\"@id\":\"https:\/\/www.mymsd.ch\/fr\/succinctstatement\/gardasil9\/#breadcrumb\",\"itemListElement\":[{\"@type\":\"ListItem\",\"position\":1,\"name\":\"Home\",\"item\":\"https:\/\/www.mymsd.ch\/fr\/\"},{\"@type\":\"ListItem\",\"position\":2,\"name\":\"Product Succinct Statement\",\"item\":\"https:\/\/www.mymsd.ch\/fr\/succinctstatement\/\"},{\"@type\":\"ListItem\",\"position\":3,\"name\":\"Information professionnelle GARDASIL\u00ae 9\"}]},{\"@type\":\"WebSite\",\"@id\":\"https:\/\/www.mymsd.ch\/fr\/#website\",\"url\":\"https:\/\/www.mymsd.ch\/fr\/\",\"name\":\"MyMSD.ch FR\",\"description\":\"\",\"publisher\":{\"@id\":\"https:\/\/www.mymsd.ch\/fr\/#organization\"},\"potentialAction\":[{\"@type\":\"SearchAction\",\"target\":{\"@type\":\"EntryPoint\",\"urlTemplate\":\"https:\/\/www.mymsd.ch\/fr\/?s={search_term_string}\"},\"query-input\":{\"@type\":\"PropertyValueSpecification\",\"valueRequired\":true,\"valueName\":\"search_term_string\"}}],\"inLanguage\":\"fr-FR\"},{\"@type\":\"Organization\",\"@id\":\"https:\/\/www.mymsd.ch\/fr\/#organization\",\"name\":\"MSD Switzerland\",\"url\":\"https:\/\/www.mymsd.ch\/fr\/\",\"logo\":{\"@type\":\"ImageObject\",\"inLanguage\":\"fr-FR\",\"@id\":\"https:\/\/www.mymsd.ch\/fr\/#\/schema\/logo\/image\/\",\"url\":\"https:\/\/www.mymsd.ch\/fr\/wp-content\/uploads\/sites\/30\/2023\/10\/cropped-myMSD-logo.png\",\"contentUrl\":\"https:\/\/www.mymsd.ch\/fr\/wp-content\/uploads\/sites\/30\/2023\/10\/cropped-myMSD-logo.png\",\"width\":4084,\"height\":692,\"caption\":\"MSD Switzerland\"},\"image\":{\"@id\":\"https:\/\/www.mymsd.ch\/fr\/#\/schema\/logo\/image\/\"}}]}<\/script>\n<!-- \/ Yoast SEO plugin. -->","yoast_head_json":{"title":"Information professionnelle GARDASIL\u00ae 9 - MyMSD.ch FR","robots":{"index":"noindex","follow":"nofollow"},"og_locale":"fr_FR","og_type":"article","og_title":"Information professionnelle GARDASIL\u00ae 9 - MyMSD.ch FR","og_description":"Information professionnelle abr\u00e9g\u00e9e de GARDASIL\u00ae 9 (vaccin nonavalent anti-HPV) GARDASIL\u00ae 9: C: Prot\u00e9ine L1 de papillomavirus humain des types 6,11,16,18,31,33,45,52,58. [&hellip;]","og_url":"https:\/\/www.mymsd.ch\/fr\/succinctstatement\/gardasil9\/","og_site_name":"MyMSD.ch FR","article_modified_time":"2026-02-05T15:18:51+00:00","og_image":[{"width":2186,"height":2134,"url":"https:\/\/www.mymsd.ch\/fr\/wp-content\/uploads\/sites\/30\/2022\/03\/02852_MSD_Logo_W-Anthem_Vertical_TealGrey_RGB.png","type":"image\/png"}],"twitter_card":"summary_large_image","twitter_misc":{"Dur\u00e9e de lecture estim\u00e9e":"2 minutes"},"schema":{"@context":"https:\/\/schema.org","@graph":[{"@type":"WebPage","@id":"https:\/\/www.mymsd.ch\/fr\/succinctstatement\/gardasil9\/","url":"https:\/\/www.mymsd.ch\/fr\/succinctstatement\/gardasil9\/","name":"Information professionnelle GARDASIL\u00ae 9 - MyMSD.ch FR","isPartOf":{"@id":"https:\/\/www.mymsd.ch\/fr\/#website"},"datePublished":"2024-08-07T11:46:05+00:00","dateModified":"2026-02-05T15:18:51+00:00","breadcrumb":{"@id":"https:\/\/www.mymsd.ch\/fr\/succinctstatement\/gardasil9\/#breadcrumb"},"inLanguage":"fr-FR","potentialAction":[{"@type":"ReadAction","target":["https:\/\/www.mymsd.ch\/fr\/succinctstatement\/gardasil9\/"]}]},{"@type":"BreadcrumbList","@id":"https:\/\/www.mymsd.ch\/fr\/succinctstatement\/gardasil9\/#breadcrumb","itemListElement":[{"@type":"ListItem","position":1,"name":"Home","item":"https:\/\/www.mymsd.ch\/fr\/"},{"@type":"ListItem","position":2,"name":"Product Succinct Statement","item":"https:\/\/www.mymsd.ch\/fr\/succinctstatement\/"},{"@type":"ListItem","position":3,"name":"Information professionnelle GARDASIL\u00ae 9"}]},{"@type":"WebSite","@id":"https:\/\/www.mymsd.ch\/fr\/#website","url":"https:\/\/www.mymsd.ch\/fr\/","name":"MyMSD.ch FR","description":"","publisher":{"@id":"https:\/\/www.mymsd.ch\/fr\/#organization"},"potentialAction":[{"@type":"SearchAction","target":{"@type":"EntryPoint","urlTemplate":"https:\/\/www.mymsd.ch\/fr\/?s={search_term_string}"},"query-input":{"@type":"PropertyValueSpecification","valueRequired":true,"valueName":"search_term_string"}}],"inLanguage":"fr-FR"},{"@type":"Organization","@id":"https:\/\/www.mymsd.ch\/fr\/#organization","name":"MSD Switzerland","url":"https:\/\/www.mymsd.ch\/fr\/","logo":{"@type":"ImageObject","inLanguage":"fr-FR","@id":"https:\/\/www.mymsd.ch\/fr\/#\/schema\/logo\/image\/","url":"https:\/\/www.mymsd.ch\/fr\/wp-content\/uploads\/sites\/30\/2023\/10\/cropped-myMSD-logo.png","contentUrl":"https:\/\/www.mymsd.ch\/fr\/wp-content\/uploads\/sites\/30\/2023\/10\/cropped-myMSD-logo.png","width":4084,"height":692,"caption":"MSD Switzerland"},"image":{"@id":"https:\/\/www.mymsd.ch\/fr\/#\/schema\/logo\/image\/"}}]}},"_links":{"self":[{"href":"https:\/\/www.mymsd.ch\/fr\/wp-json\/wp\/v2\/pages\/96217","targetHints":{"allow":["GET"]}}],"collection":[{"href":"https:\/\/www.mymsd.ch\/fr\/wp-json\/wp\/v2\/pages"}],"about":[{"href":"https:\/\/www.mymsd.ch\/fr\/wp-json\/wp\/v2\/types\/page"}],"author":[{"embeddable":true,"href":"https:\/\/www.mymsd.ch\/fr\/wp-json\/wp\/v2\/users\/73173"}],"replies":[{"embeddable":true,"href":"https:\/\/www.mymsd.ch\/fr\/wp-json\/wp\/v2\/comments?post=96217"}],"version-history":[{"count":13,"href":"https:\/\/www.mymsd.ch\/fr\/wp-json\/wp\/v2\/pages\/96217\/revisions"}],"predecessor-version":[{"id":103275,"href":"https:\/\/www.mymsd.ch\/fr\/wp-json\/wp\/v2\/pages\/96217\/revisions\/103275"}],"up":[{"embeddable":true,"href":"https:\/\/www.mymsd.ch\/fr\/wp-json\/wp\/v2\/pages\/96214"}],"wp:attachment":[{"href":"https:\/\/www.mymsd.ch\/fr\/wp-json\/wp\/v2\/media?parent=96217"}],"wp:term":[{"taxonomy":"category","embeddable":true,"href":"https:\/\/www.mymsd.ch\/fr\/wp-json\/wp\/v2\/categories?post=96217"},{"taxonomy":"post_tag","embeddable":true,"href":"https:\/\/www.mymsd.ch\/fr\/wp-json\/wp\/v2\/tags?post=96217"},{"taxonomy":"ga4_page_audience","embeddable":true,"href":"https:\/\/www.mymsd.ch\/fr\/wp-json\/wp\/v2\/ga4_page_audience?post=96217"},{"taxonomy":"ga4_page_birn_id","embeddable":true,"href":"https:\/\/www.mymsd.ch\/fr\/wp-json\/wp\/v2\/ga4_page_birn_id?post=96217"},{"taxonomy":"ga4_page_branding","embeddable":true,"href":"https:\/\/www.mymsd.ch\/fr\/wp-json\/wp\/v2\/ga4_page_branding?post=96217"},{"taxonomy":"ga4_page_businessunit","embeddable":true,"href":"https:\/\/www.mymsd.ch\/fr\/wp-json\/wp\/v2\/ga4_page_businessunit?post=96217"},{"taxonomy":"ga4_page_campaign","embeddable":true,"href":"https:\/\/www.mymsd.ch\/fr\/wp-json\/wp\/v2\/ga4_page_campaign?post=96217"},{"taxonomy":"ga4_page_content_purpose","embeddable":true,"href":"https:\/\/www.mymsd.ch\/fr\/wp-json\/wp\/v2\/ga4_page_content_purpose?post=96217"},{"taxonomy":"ga4_page_customer_journey_stage","embeddable":true,"href":"https:\/\/www.mymsd.ch\/fr\/wp-json\/wp\/v2\/ga4_page_customer_journey_stage?post=96217"},{"taxonomy":"ga4_page_customer_specialty","embeddable":true,"href":"https:\/\/www.mymsd.ch\/fr\/wp-json\/wp\/v2\/ga4_page_customer_specialty?post=96217"},{"taxonomy":"ga4_page_experience","embeddable":true,"href":"https:\/\/www.mymsd.ch\/fr\/wp-json\/wp\/v2\/ga4_page_experience?post=96217"},{"taxonomy":"ga4_page_indication","embeddable":true,"href":"https:\/\/www.mymsd.ch\/fr\/wp-json\/wp\/v2\/ga4_page_indication?post=96217"},{"taxonomy":"ga4_page_material_intent","embeddable":true,"href":"https:\/\/www.mymsd.ch\/fr\/wp-json\/wp\/v2\/ga4_page_material_intent?post=96217"},{"taxonomy":"ga4_page_product","embeddable":true,"href":"https:\/\/www.mymsd.ch\/fr\/wp-json\/wp\/v2\/ga4_page_product?post=96217"},{"taxonomy":"ga4_page_region","embeddable":true,"href":"https:\/\/www.mymsd.ch\/fr\/wp-json\/wp\/v2\/ga4_page_region?post=96217"},{"taxonomy":"ga4_page_therapeuticarea","embeddable":true,"href":"https:\/\/www.mymsd.ch\/fr\/wp-json\/wp\/v2\/ga4_page_therapeuticarea?post=96217"},{"taxonomy":"tx-therapeutic-area","embeddable":true,"href":"https:\/\/www.mymsd.ch\/fr\/wp-json\/wp\/v2\/tx-therapeutic-area?post=96217"},{"taxonomy":"tx-product","embeddable":true,"href":"https:\/\/www.mymsd.ch\/fr\/wp-json\/wp\/v2\/tx-product?post=96217"},{"taxonomy":"tx-pathology","embeddable":true,"href":"https:\/\/www.mymsd.ch\/fr\/wp-json\/wp\/v2\/tx-pathology?post=96217"},{"taxonomy":"tx-content-type","embeddable":true,"href":"https:\/\/www.mymsd.ch\/fr\/wp-json\/wp\/v2\/tx-content-type?post=96217"},{"taxonomy":"tx-active-ingredient","embeddable":true,"href":"https:\/\/www.mymsd.ch\/fr\/wp-json\/wp\/v2\/tx-active-ingredient?post=96217"},{"taxonomy":"access","embeddable":true,"href":"https:\/\/www.mymsd.ch\/fr\/wp-json\/wp\/v2\/access?post=96217"},{"taxonomy":"user_status","embeddable":true,"href":"https:\/\/www.mymsd.ch\/fr\/wp-json\/wp\/v2\/user_status?post=96217"},{"taxonomy":"user_role","embeddable":true,"href":"https:\/\/www.mymsd.ch\/fr\/wp-json\/wp\/v2\/user_role?post=96217"}],"curies":[{"name":"wp","href":"https:\/\/api.w.org\/{rel}","templated":true}]}}