{"id":103363,"date":"2026-02-27T12:14:28","date_gmt":"2026-02-27T12:14:28","guid":{"rendered":"https:\/\/www.mymsd.ch\/fr\/?page_id=103363"},"modified":"2026-03-10T12:11:29","modified_gmt":"2026-03-10T12:11:29","slug":"enflonsia","status":"publish","type":"page","link":"https:\/\/www.mymsd.ch\/fr\/succinctstatement\/enflonsia\/","title":{"rendered":"Information professionnelle abr\u00e9g\u00e9e de ENFLONSIA\u00ae (Clesrovimab)"},"content":{"rendered":"\n<h1 dir=\"ltr\" lang=\"fr-FR\" class=\"wp-block-heading has-border-color has-has-red-border-color-border-color has-teal-500-color has-text-color has-link-color wp-elements-c8ccba4cef7b567bed22b903027d402b  mhh-mcn-v1-heading mhh-mcn-v1-heading--0e90f6cf4c6290e724bc61de42aaddea\">Information professionnelle abr\u00e9g\u00e9e de Enflonsia\u00ae (Clesrovimab)<\/h1>\n\n\n\n<p dir=\"ltr\" lang=\"fr-FR\" class=\"has-border-color has-has-red-border-color-border-color   mhh-mcn-v1-paragraph mhh-mcn-v1-paragraph--7a1d368d2d3fd86c60607bcc95a5d3ee\">\u25bc Ce m\u00e9dicament fait l\u2019objet d\u2019une surveillance suppl\u00e9mentaire. Pour plus d\u2019informations, se r\u00e9f\u00e9rer \u00e0 l&rsquo;information professionnelle (Enflonsia<sup>\u00ae<\/sup>) disponible sous <a href=\"https:\/\/www.swissmedicinfo-pro.ch\/ShowText.aspx?textType=FI&amp;lang=FR&amp;authNr=70145\" target=\"_blank\" rel=\"noreferrer noopener\">www.swissmedicinfo-pro.ch<\/a>.<\/p>\n\n\n\n<p dir=\"ltr\" lang=\"fr-FR\" class=\"has-border-color has-has-red-border-color-border-color   mhh-mcn-v1-paragraph mhh-mcn-v1-paragraph--cb7b2b65eabc345ccf5d0f268deb3ab8\"><strong>Enflonsia<sup>\u00ae<\/sup>: C:<\/strong> Clesrovimab<strong>. I:<\/strong> Pour la prophylaxie des affections des voies respiratoires inf\u00e9rieures caus\u00e9es par le virus respiratoire syncytial (VRS) chez les nouveau-n\u00e9s et les nourrissons n\u00e9s avant ou pendant leur premi\u00e8re saison de VRS. <strong>Po:<\/strong> 105 mg sous forme d\u2019injection de 0,7 ml par voie intramusculaire dans la r\u00e9gion ant\u00e9ro-lat\u00e9rale de la cuisse; n\u00e9s pendant la saison du VRS : d\u00e8s la naissance ; n\u00e9s en dehors de la saison du VRS : une dose avant le d\u00e9but de la premi\u00e8re saison du VRS; en cas de chirurgie cardiaque avec circulation extracorporelle: une dose suppl\u00e9mentaire est recommand\u00e9e.<strong> CI: <\/strong>R\u00e9actions d\u2019hypersensibilit\u00e9, y compris anaphylaxie, \u00e0 l\u2019un des composant d\u2019Enflonsia. <strong>Pr:<\/strong> Hypersensibilit\u00e9, y compris anaphylaxie : instaurer un traitement m\u00e9dicamenteux et\/ou une th\u00e9rapie de soutien ; utilisation chez des personnes pr\u00e9sentant des troubles de la coagulation cliniquement pertinents : prudence en cas de thrombop\u00e9nie ou d\u2019autre trouble de la coagulation\/traitement anticoagulant ; effet protecteur : peut ne pas prot\u00e9ger toutes les personnes recevant cet anticorps monoclonal contre une affection des voies respiratoires inf\u00e9rieures caus\u00e9e par le VRS.&nbsp;<strong>IA:<\/strong> \u00c9limin\u00e9 par catabolisme, aucune interaction m\u00e9dicamenteuse m\u00e9tabolique attendue ; peut interf\u00e9rer avec certains tests diagnostiques du VRS bas\u00e9s sur des m\u00e9thodes immunologiques, les tests de r\u00e9action de polym\u00e9rase en chaine par transcriptase inverse (RT\u2011PCR) sont recommand\u00e9s ; Enflonsia peut \u00eatre administr\u00e9 en m\u00eame temps que des vaccins p\u00e9diatriques; dans ce cas, l\u2019injection doit \u00eatre r\u00e9alis\u00e9e avec une seringue distincte et en un site d\u2019injection diff\u00e9rent. <strong>G\/A:<\/strong> Sans objet. <strong>EI (fr\u00e9quents):<\/strong> \u00e9ruption, \u00e9ryth\u00e8me au site d\u2019injection, gonflement au site d\u2019injection. <strong>P:<\/strong> Bo\u00eetes contenant 1 seringue pr\u00e9remplie et 2 aiguilles s\u00e9par\u00e9es ou 10 seringues pr\u00e9remplies sans aiguilles. <strong>CR:<\/strong> A. <strong>Td\u2019a:<\/strong> MSD Merck Sharp &amp; Dohme AG, Werftestrasse 4, 6005 Lucerne, Suisse. (V1.0); CH-RSM-00005.<\/p>\n\n\n\n<p dir=\"ltr\" lang=\"fr-FR\" class=\"has-border-color has-has-red-border-color-border-color has-object-object-font-size   mhh-mcn-v1-paragraph mhh-mcn-v1-paragraph--5122adf1728d0e43d994137ac705269c\"><em>Avant de prescrire, veuillez consulter l\u2019information professionnelle compl\u00e8te publi\u00e9e sur la page d&rsquo;accueil de Swissmedic (<a href=\"https:\/\/www.swissmedicinfo-pro.ch\/ShowText.aspx?textType=FI&amp;lang=FR&amp;authNr=70145\" target=\"_blank\" rel=\"noreferrer noopener\">www.swissmedicinfo-pro.ch<\/a>).<\/em><\/p>\n\n\n\n<p dir=\"ltr\" lang=\"fr-FR\" class=\"has-border-color has-has-red-border-color-border-color has-object-object-font-size   mhh-mcn-v1-paragraph mhh-mcn-v1-paragraph--4cca2c7f5590ee29d6bdbc23b8c0256e\">Copyright \u00a9 2026 Merck &amp; Co., Inc., Rahway, NJ, USA et ses filiales. Tous droits r\u00e9serv\u00e9s.<\/p>\n","protected":false},"excerpt":{"rendered":"<p>Information professionnelle abr\u00e9g\u00e9e de Enflonsia\u00ae (Clesrovimab) \u25bc Ce m\u00e9dicament fait l\u2019objet d\u2019une surveillance suppl\u00e9mentaire. Pour plus d\u2019informations, se r\u00e9f\u00e9rer \u00e0 [&hellip;]<\/p>\n","protected":false},"author":54748,"featured_media":0,"parent":96214,"menu_order":0,"comment_status":"closed","ping_status":"closed","template":"","meta":{"_mhh_sticky_footer_settings":{"entityId":0},"_mhh_sticky_footer_posts":"","_mhh_sticky_footer_expanded":false,"_mhh_mcn_text_direction":"ltr","_mhh_mcn_language":"fr_FR","_mhh_mcn_left_sidebar_settings":{"entityId":0},"_mhh_mcn_sidebar_settings":{"entityId":0},"mhh_mcn_side_navigation_style":{"fontSize":{"l":"","m":"","s":""},"lineHeight":{"l":1.5,"m":1.5,"s":1.5},"itemColor":"","hoverItemColor":"","currentItemColor":"","borderItemColor":"","backgroundItemHoverColor":"","themeColor":""},"_mhh_mcn_child_page_navigation":{"isActive":false,"isSticky":false},"hide_header":false,"show_top_bar":false,"hide_footer":false,"full_width_layout":false,"icon":null,"job_code":"","primary_tag":1608,"editor_notices":[],"mconnectHideShareThis":false,"footnotes":"","mconnectIsArchiveTemplate":false,"mconnectArchiveFiltersDisabled":false,"mconnectArchiveLockAllPresetFilters":false,"mconnectArchiveHidePageSubmenu":false,"mconnectArchiveShowParentPageOnly":false,"mconnectArchiveDefaultOrder":"DESC","mconnectArchiveDefaultOrderBy":"date","mconnectArchivePostsPerPage":12,"mconnectArchivePostTypes":[],"mconnectArchiveAllowFilterBy":["category","tx-content-type","tx-product","tx-pathology","tx-active-ingredient","tx-therapeutic-area"],"mconnectArchiveTaxonomyOrder":[],"mconnectArchiveFilterSorting":["active","is_keyword","is_date"],"mconnectArchiveContentItemStyle":{"showExcerpt":true,"showImage":true,"showIcon":false,"showPrimaryTag":true,"showBorder":false,"showDates":false,"showCta":true,"isCard":false,"hasBackground":false,"showMetadata":true},"mconnectArchiveLayout":{"type":"list","hasFeatured":false},"mconnectDynamicTaxonomyEntities":[],"mconnectArchiveTerms_category":[],"mconnectArchiveAllowTerms_category":[],"mconnectArchiveTerms_tx-content-type":[],"mconnectArchiveAllowTerms_tx-content-type":[],"mconnectArchiveTerms_tx-product":[],"mconnectArchiveAllowTerms_tx-product":[],"mconnectArchiveTerms_tx-pathology":[],"mconnectArchiveAllowTerms_tx-pathology":[],"mconnectArchiveTerms_tx-active-ingredient":[],"mconnectArchiveAllowTerms_tx-active-ingredient":[],"mconnectArchiveTerms_tx-therapeutic-area":[],"mconnectArchiveAllowTerms_tx-therapeutic-area":[],"mconnectArchiveAllowTerms_dynamic-taxonomy":[],"mconnectArchiveLegacyDefaultTermsApplied":false,"mconnectContentUpdatesPerPage":10,"mconnectContentUpdatesViewMoreUrl":"","mconnectContentUpdatesTerms_tx-content-type":[],"mconnectContentUpdatesTerms_tx-product":[],"mconnectContentUpdatesTerms_tx-pathology":[],"mconnectContentUpdatesTerms_tx-active-ingredient":[],"mconnectContentUpdatesTerms_tx-therapeutic-area":[],"sidebar_toogle":0,"sidebar_toogle_notification_warning":true,"sidebar_toogle_notification_alert":true,"content_expiration_sidebar_date":"","content_expiration_sidebar_expired_post_status":"","content_expiration_sidebar_redirection":""},"categories":[1607],"tags":[1608],"ga4_page_audience":[],"ga4_page_birn_id":[],"ga4_page_branding":[957],"ga4_page_businessunit":[965],"ga4_page_campaign":[],"ga4_page_content_purpose":[],"ga4_page_customer_journey_stage":[],"ga4_page_customer_specialty":[],"ga4_page_experience":[],"ga4_page_indication":[],"ga4_page_material_intent":[1207],"ga4_page_product":[2292],"ga4_page_region":[],"ga4_page_therapeuticarea":[],"tx-therapeutic-area":[],"tx-product":[2306],"tx-pathology":[],"tx-content-type":[1609],"tx-active-ingredient":[],"access":[],"user_status":[4],"user_role":[],"class_list":["post-103363","page","type-page","status-publish","hentry","category-kfi","tag-kfi"],"yoast_head":"<!-- This site is optimized with the Yoast SEO plugin v23.9 - https:\/\/yoast.com\/wordpress\/plugins\/seo\/ -->\n<title>Information professionnelle abr\u00e9g\u00e9e de ENFLONSIA\u00ae (Clesrovimab) - MyMSD.ch FR<\/title>\n<meta name=\"robots\" content=\"index, follow, max-snippet:-1, max-image-preview:large, max-video-preview:-1\" \/>\n<link rel=\"canonical\" href=\"https:\/\/www.mymsd.ch\/fr\/succinctstatement\/enflonsia\/\" \/>\n<meta property=\"og:locale\" content=\"fr_FR\" \/>\n<meta property=\"og:type\" content=\"article\" \/>\n<meta property=\"og:title\" content=\"Information professionnelle abr\u00e9g\u00e9e de ENFLONSIA\u00ae (Clesrovimab) - MyMSD.ch FR\" \/>\n<meta property=\"og:description\" content=\"Information professionnelle abr\u00e9g\u00e9e de Enflonsia\u00ae (Clesrovimab) \u25bc Ce m\u00e9dicament fait l\u2019objet d\u2019une surveillance suppl\u00e9mentaire. Pour plus d\u2019informations, se r\u00e9f\u00e9rer \u00e0 [&hellip;]\" \/>\n<meta property=\"og:url\" content=\"https:\/\/www.mymsd.ch\/fr\/succinctstatement\/enflonsia\/\" \/>\n<meta property=\"og:site_name\" content=\"MyMSD.ch FR\" \/>\n<meta property=\"article:modified_time\" content=\"2026-03-10T12:11:29+00:00\" \/>\n<meta property=\"og:image\" content=\"https:\/\/www.mymsd.ch\/fr\/wp-content\/uploads\/sites\/30\/2022\/03\/02852_MSD_Logo_W-Anthem_Vertical_TealGrey_RGB.png\" \/>\n\t<meta property=\"og:image:width\" content=\"2186\" \/>\n\t<meta property=\"og:image:height\" content=\"2134\" \/>\n\t<meta property=\"og:image:type\" content=\"image\/png\" \/>\n<meta name=\"twitter:card\" content=\"summary_large_image\" \/>\n<meta name=\"twitter:label1\" content=\"Dur\u00e9e de lecture estim\u00e9e\" \/>\n\t<meta name=\"twitter:data1\" content=\"2 minutes\" \/>\n<script type=\"application\/ld+json\" class=\"yoast-schema-graph\">{\"@context\":\"https:\/\/schema.org\",\"@graph\":[{\"@type\":\"WebPage\",\"@id\":\"https:\/\/www.mymsd.ch\/fr\/succinctstatement\/enflonsia\/\",\"url\":\"https:\/\/www.mymsd.ch\/fr\/succinctstatement\/enflonsia\/\",\"name\":\"Information professionnelle abr\u00e9g\u00e9e de ENFLONSIA\u00ae (Clesrovimab) - MyMSD.ch FR\",\"isPartOf\":{\"@id\":\"https:\/\/www.mymsd.ch\/fr\/#website\"},\"datePublished\":\"2026-02-27T12:14:28+00:00\",\"dateModified\":\"2026-03-10T12:11:29+00:00\",\"breadcrumb\":{\"@id\":\"https:\/\/www.mymsd.ch\/fr\/succinctstatement\/enflonsia\/#breadcrumb\"},\"inLanguage\":\"fr-FR\",\"potentialAction\":[{\"@type\":\"ReadAction\",\"target\":[\"https:\/\/www.mymsd.ch\/fr\/succinctstatement\/enflonsia\/\"]}]},{\"@type\":\"BreadcrumbList\",\"@id\":\"https:\/\/www.mymsd.ch\/fr\/succinctstatement\/enflonsia\/#breadcrumb\",\"itemListElement\":[{\"@type\":\"ListItem\",\"position\":1,\"name\":\"Home\",\"item\":\"https:\/\/www.mymsd.ch\/fr\/\"},{\"@type\":\"ListItem\",\"position\":2,\"name\":\"Product Succinct Statement\",\"item\":\"https:\/\/www.mymsd.ch\/fr\/succinctstatement\/\"},{\"@type\":\"ListItem\",\"position\":3,\"name\":\"Information professionnelle abr\u00e9g\u00e9e de ENFLONSIA\u00ae (Clesrovimab)\"}]},{\"@type\":\"WebSite\",\"@id\":\"https:\/\/www.mymsd.ch\/fr\/#website\",\"url\":\"https:\/\/www.mymsd.ch\/fr\/\",\"name\":\"MyMSD.ch FR\",\"description\":\"\",\"publisher\":{\"@id\":\"https:\/\/www.mymsd.ch\/fr\/#organization\"},\"potentialAction\":[{\"@type\":\"SearchAction\",\"target\":{\"@type\":\"EntryPoint\",\"urlTemplate\":\"https:\/\/www.mymsd.ch\/fr\/?s={search_term_string}\"},\"query-input\":{\"@type\":\"PropertyValueSpecification\",\"valueRequired\":true,\"valueName\":\"search_term_string\"}}],\"inLanguage\":\"fr-FR\"},{\"@type\":\"Organization\",\"@id\":\"https:\/\/www.mymsd.ch\/fr\/#organization\",\"name\":\"MSD Switzerland\",\"url\":\"https:\/\/www.mymsd.ch\/fr\/\",\"logo\":{\"@type\":\"ImageObject\",\"inLanguage\":\"fr-FR\",\"@id\":\"https:\/\/www.mymsd.ch\/fr\/#\/schema\/logo\/image\/\",\"url\":\"https:\/\/www.mymsd.ch\/fr\/wp-content\/uploads\/sites\/30\/2023\/10\/cropped-myMSD-logo.png\",\"contentUrl\":\"https:\/\/www.mymsd.ch\/fr\/wp-content\/uploads\/sites\/30\/2023\/10\/cropped-myMSD-logo.png\",\"width\":4084,\"height\":692,\"caption\":\"MSD Switzerland\"},\"image\":{\"@id\":\"https:\/\/www.mymsd.ch\/fr\/#\/schema\/logo\/image\/\"}}]}<\/script>\n<!-- \/ Yoast SEO plugin. -->","yoast_head_json":{"title":"Information professionnelle abr\u00e9g\u00e9e de ENFLONSIA\u00ae (Clesrovimab) - MyMSD.ch FR","robots":{"index":"index","follow":"follow","max-snippet":"max-snippet:-1","max-image-preview":"max-image-preview:large","max-video-preview":"max-video-preview:-1"},"canonical":"https:\/\/www.mymsd.ch\/fr\/succinctstatement\/enflonsia\/","og_locale":"fr_FR","og_type":"article","og_title":"Information professionnelle abr\u00e9g\u00e9e de ENFLONSIA\u00ae (Clesrovimab) - MyMSD.ch FR","og_description":"Information professionnelle abr\u00e9g\u00e9e de Enflonsia\u00ae (Clesrovimab) \u25bc Ce m\u00e9dicament fait l\u2019objet d\u2019une surveillance suppl\u00e9mentaire. Pour plus d\u2019informations, se r\u00e9f\u00e9rer \u00e0 [&hellip;]","og_url":"https:\/\/www.mymsd.ch\/fr\/succinctstatement\/enflonsia\/","og_site_name":"MyMSD.ch FR","article_modified_time":"2026-03-10T12:11:29+00:00","og_image":[{"width":2186,"height":2134,"url":"https:\/\/www.mymsd.ch\/fr\/wp-content\/uploads\/sites\/30\/2022\/03\/02852_MSD_Logo_W-Anthem_Vertical_TealGrey_RGB.png","type":"image\/png"}],"twitter_card":"summary_large_image","twitter_misc":{"Dur\u00e9e de lecture estim\u00e9e":"2 minutes"},"schema":{"@context":"https:\/\/schema.org","@graph":[{"@type":"WebPage","@id":"https:\/\/www.mymsd.ch\/fr\/succinctstatement\/enflonsia\/","url":"https:\/\/www.mymsd.ch\/fr\/succinctstatement\/enflonsia\/","name":"Information professionnelle abr\u00e9g\u00e9e de ENFLONSIA\u00ae (Clesrovimab) - MyMSD.ch FR","isPartOf":{"@id":"https:\/\/www.mymsd.ch\/fr\/#website"},"datePublished":"2026-02-27T12:14:28+00:00","dateModified":"2026-03-10T12:11:29+00:00","breadcrumb":{"@id":"https:\/\/www.mymsd.ch\/fr\/succinctstatement\/enflonsia\/#breadcrumb"},"inLanguage":"fr-FR","potentialAction":[{"@type":"ReadAction","target":["https:\/\/www.mymsd.ch\/fr\/succinctstatement\/enflonsia\/"]}]},{"@type":"BreadcrumbList","@id":"https:\/\/www.mymsd.ch\/fr\/succinctstatement\/enflonsia\/#breadcrumb","itemListElement":[{"@type":"ListItem","position":1,"name":"Home","item":"https:\/\/www.mymsd.ch\/fr\/"},{"@type":"ListItem","position":2,"name":"Product Succinct Statement","item":"https:\/\/www.mymsd.ch\/fr\/succinctstatement\/"},{"@type":"ListItem","position":3,"name":"Information professionnelle abr\u00e9g\u00e9e de ENFLONSIA\u00ae (Clesrovimab)"}]},{"@type":"WebSite","@id":"https:\/\/www.mymsd.ch\/fr\/#website","url":"https:\/\/www.mymsd.ch\/fr\/","name":"MyMSD.ch FR","description":"","publisher":{"@id":"https:\/\/www.mymsd.ch\/fr\/#organization"},"potentialAction":[{"@type":"SearchAction","target":{"@type":"EntryPoint","urlTemplate":"https:\/\/www.mymsd.ch\/fr\/?s={search_term_string}"},"query-input":{"@type":"PropertyValueSpecification","valueRequired":true,"valueName":"search_term_string"}}],"inLanguage":"fr-FR"},{"@type":"Organization","@id":"https:\/\/www.mymsd.ch\/fr\/#organization","name":"MSD Switzerland","url":"https:\/\/www.mymsd.ch\/fr\/","logo":{"@type":"ImageObject","inLanguage":"fr-FR","@id":"https:\/\/www.mymsd.ch\/fr\/#\/schema\/logo\/image\/","url":"https:\/\/www.mymsd.ch\/fr\/wp-content\/uploads\/sites\/30\/2023\/10\/cropped-myMSD-logo.png","contentUrl":"https:\/\/www.mymsd.ch\/fr\/wp-content\/uploads\/sites\/30\/2023\/10\/cropped-myMSD-logo.png","width":4084,"height":692,"caption":"MSD Switzerland"},"image":{"@id":"https:\/\/www.mymsd.ch\/fr\/#\/schema\/logo\/image\/"}}]}},"_links":{"self":[{"href":"https:\/\/www.mymsd.ch\/fr\/wp-json\/wp\/v2\/pages\/103363","targetHints":{"allow":["GET"]}}],"collection":[{"href":"https:\/\/www.mymsd.ch\/fr\/wp-json\/wp\/v2\/pages"}],"about":[{"href":"https:\/\/www.mymsd.ch\/fr\/wp-json\/wp\/v2\/types\/page"}],"author":[{"embeddable":true,"href":"https:\/\/www.mymsd.ch\/fr\/wp-json\/wp\/v2\/users\/54748"}],"replies":[{"embeddable":true,"href":"https:\/\/www.mymsd.ch\/fr\/wp-json\/wp\/v2\/comments?post=103363"}],"version-history":[{"count":12,"href":"https:\/\/www.mymsd.ch\/fr\/wp-json\/wp\/v2\/pages\/103363\/revisions"}],"predecessor-version":[{"id":103814,"href":"https:\/\/www.mymsd.ch\/fr\/wp-json\/wp\/v2\/pages\/103363\/revisions\/103814"}],"up":[{"embeddable":true,"href":"https:\/\/www.mymsd.ch\/fr\/wp-json\/wp\/v2\/pages\/96214"}],"wp:attachment":[{"href":"https:\/\/www.mymsd.ch\/fr\/wp-json\/wp\/v2\/media?parent=103363"}],"wp:term":[{"taxonomy":"category","embeddable":true,"href":"https:\/\/www.mymsd.ch\/fr\/wp-json\/wp\/v2\/categories?post=103363"},{"taxonomy":"post_tag","embeddable":true,"href":"https:\/\/www.mymsd.ch\/fr\/wp-json\/wp\/v2\/tags?post=103363"},{"taxonomy":"ga4_page_audience","embeddable":true,"href":"https:\/\/www.mymsd.ch\/fr\/wp-json\/wp\/v2\/ga4_page_audience?post=103363"},{"taxonomy":"ga4_page_birn_id","embeddable":true,"href":"https:\/\/www.mymsd.ch\/fr\/wp-json\/wp\/v2\/ga4_page_birn_id?post=103363"},{"taxonomy":"ga4_page_branding","embeddable":true,"href":"https:\/\/www.mymsd.ch\/fr\/wp-json\/wp\/v2\/ga4_page_branding?post=103363"},{"taxonomy":"ga4_page_businessunit","embeddable":true,"href":"https:\/\/www.mymsd.ch\/fr\/wp-json\/wp\/v2\/ga4_page_businessunit?post=103363"},{"taxonomy":"ga4_page_campaign","embeddable":true,"href":"https:\/\/www.mymsd.ch\/fr\/wp-json\/wp\/v2\/ga4_page_campaign?post=103363"},{"taxonomy":"ga4_page_content_purpose","embeddable":true,"href":"https:\/\/www.mymsd.ch\/fr\/wp-json\/wp\/v2\/ga4_page_content_purpose?post=103363"},{"taxonomy":"ga4_page_customer_journey_stage","embeddable":true,"href":"https:\/\/www.mymsd.ch\/fr\/wp-json\/wp\/v2\/ga4_page_customer_journey_stage?post=103363"},{"taxonomy":"ga4_page_customer_specialty","embeddable":true,"href":"https:\/\/www.mymsd.ch\/fr\/wp-json\/wp\/v2\/ga4_page_customer_specialty?post=103363"},{"taxonomy":"ga4_page_experience","embeddable":true,"href":"https:\/\/www.mymsd.ch\/fr\/wp-json\/wp\/v2\/ga4_page_experience?post=103363"},{"taxonomy":"ga4_page_indication","embeddable":true,"href":"https:\/\/www.mymsd.ch\/fr\/wp-json\/wp\/v2\/ga4_page_indication?post=103363"},{"taxonomy":"ga4_page_material_intent","embeddable":true,"href":"https:\/\/www.mymsd.ch\/fr\/wp-json\/wp\/v2\/ga4_page_material_intent?post=103363"},{"taxonomy":"ga4_page_product","embeddable":true,"href":"https:\/\/www.mymsd.ch\/fr\/wp-json\/wp\/v2\/ga4_page_product?post=103363"},{"taxonomy":"ga4_page_region","embeddable":true,"href":"https:\/\/www.mymsd.ch\/fr\/wp-json\/wp\/v2\/ga4_page_region?post=103363"},{"taxonomy":"ga4_page_therapeuticarea","embeddable":true,"href":"https:\/\/www.mymsd.ch\/fr\/wp-json\/wp\/v2\/ga4_page_therapeuticarea?post=103363"},{"taxonomy":"tx-therapeutic-area","embeddable":true,"href":"https:\/\/www.mymsd.ch\/fr\/wp-json\/wp\/v2\/tx-therapeutic-area?post=103363"},{"taxonomy":"tx-product","embeddable":true,"href":"https:\/\/www.mymsd.ch\/fr\/wp-json\/wp\/v2\/tx-product?post=103363"},{"taxonomy":"tx-pathology","embeddable":true,"href":"https:\/\/www.mymsd.ch\/fr\/wp-json\/wp\/v2\/tx-pathology?post=103363"},{"taxonomy":"tx-content-type","embeddable":true,"href":"https:\/\/www.mymsd.ch\/fr\/wp-json\/wp\/v2\/tx-content-type?post=103363"},{"taxonomy":"tx-active-ingredient","embeddable":true,"href":"https:\/\/www.mymsd.ch\/fr\/wp-json\/wp\/v2\/tx-active-ingredient?post=103363"},{"taxonomy":"access","embeddable":true,"href":"https:\/\/www.mymsd.ch\/fr\/wp-json\/wp\/v2\/access?post=103363"},{"taxonomy":"user_status","embeddable":true,"href":"https:\/\/www.mymsd.ch\/fr\/wp-json\/wp\/v2\/user_status?post=103363"},{"taxonomy":"user_role","embeddable":true,"href":"https:\/\/www.mymsd.ch\/fr\/wp-json\/wp\/v2\/user_role?post=103363"}],"curies":[{"name":"wp","href":"https:\/\/api.w.org\/{rel}","templated":true}]}}