{"id":101296,"date":"2025-10-01T11:48:09","date_gmt":"2025-10-01T11:48:09","guid":{"rendered":"https:\/\/www.mymsd.ch\/fr\/?page_id=101296"},"modified":"2026-02-17T09:18:09","modified_gmt":"2026-02-17T09:18:09","slug":"capvaxive","status":"publish","type":"page","link":"https:\/\/www.mymsd.ch\/fr\/succinctstatement\/capvaxive\/","title":{"rendered":"Information professionnelle abr\u00e9g\u00e9e de CAPVAXIVE \u00ae"},"content":{"rendered":"\n<h2 dir=\"ltr\" lang=\"en-US\" class=\"wp-block-heading has-border-color has-has-red-border-color-border-color  mhh-mcn-v1-heading mhh-mcn-v1-heading--b4f67b02e6aa28d209a02d742b7e6c30\"><mark class=\"has-inline-color has-teal-500-color\">Information professionnelle abr\u00e9g\u00e9e de CAPVAXIVE \u00ae (Vaccin pneumococcique polyosidique conjugu\u00e9 (21-valent))<\/mark><\/h2>\n\n\n\n<p dir=\"ltr\" lang=\"en-US\" class=\"has-border-color has-has-red-border-color-border-color   mhh-mcn-v1-paragraph mhh-mcn-v1-paragraph--39690cbd10cd429af61744a29b07a695\"><em>\u25bc<\/em> Ce m\u00e9dicament fait l\u2019objet d\u2019une surveillance suppl\u00e9mentaire. Pour plus d\u2019informations, se r\u00e9f\u00e9rer \u00e0 l&rsquo;information professionnelle (CAPVAXIVE\u00ae) disponible sous <a href=\"https:\/\/www.swissmedicinfo-pro.ch\/ShowText.aspx?textType=FI&amp;lang=FR&amp;authNr=69781\">www.swissmedicinfo-pro.ch<\/a>.<\/p>\n\n\n\n<p dir=\"ltr\" lang=\"en-US\" class=\"has-border-color has-has-red-border-color-border-color   mhh-mcn-v1-paragraph mhh-mcn-v1-paragraph--1facc170a2793cd43fc8fb01253a0a42\"><strong>CAPVAXIVE\u00ae: C: <\/strong>Vaccin pneumococcique polyosidique conjugu\u00e9 (21-valent). <strong>I: <\/strong><em>Adultes de 18 ans: <\/em>indiqu\u00e9 pour l\u2019immunisation active en vue de la pr\u00e9vention des infections invasives et des pneumonies caus\u00e9es par<em> Streptococcus pneumoniae.<\/em> <strong>Po:<\/strong> <em>Adultes: <\/em>1 dose, i.m. <strong>CI:<\/strong> Hypersensibilit\u00e9 aux principes actifs, dont l\u2019anatoxine dipht\u00e9rique, ou aux excipients. <strong>Pr:<\/strong> Anaphylaxie: prendre des pr\u00e9cautions; maladies concomitantes: reporter la vaccination en cas de maladie f\u00e9brile s\u00e9v\u00e8re aigu\u00eb ou d\u2019infection aigu\u00eb; thrombop\u00e9nie et troubles de la coagulation: prudence chez les personnes recevant anticoagulants ou souffrant de thrombop\u00e9nie ou d\u2019un autre trouble de la coagulation; personnes immunod\u00e9prim\u00e9es: r\u00e9ponse immunitaire r\u00e9duite \u00e0 CAPVAXIVE; effet protecteur: ne prot\u00e8ge que contre les s\u00e9rotypes de <em>Streptococcus pneumoniae<\/em> contenus dans le vaccin et r\u00e9ponse OPA crois\u00e9e au s\u00e9rotype 15B. <strong>IA:<\/strong> Administrer diff\u00e9rents vaccins \u00e0 des sites d\u2019injection diff\u00e9rents; CAPVAXIVE a \u00e9t\u00e9 \u00e9tudi\u00e9 en co-administration avec un vaccin antigrippal inactiv\u00e9 quadrivalent (vaccin \u00e0 virion fragment\u00e9, inactiv\u00e9); pas de donn\u00e9es concernant l\u2019administration concomitante avec d\u2019autres vaccins. <strong>G\/A: <\/strong>Aucune exp\u00e9rience pendant la grossesse; \u00e9valuer le rapport b\u00e9n\u00e9fice\/risque; on ne sait pas si CAPVAXIVE est excr\u00e9t\u00e9 dans le lait maternel; pas de donn\u00e9es concernant la fertilit\u00e9 humaine. <strong>EI (tr\u00e8s fr\u00e9quents): <\/strong>Douleur au site d\u2019injection, fatigue, \u00e9ryth\u00e8me au site d\u2019injection, gonflement au site d\u2019injection, myalgie, c\u00e9phal\u00e9e. <strong>P:<\/strong> 1 ou 10 seringues pr\u00e9remplies avec 1 ou 10 aiguilles s\u00e9par\u00e9es. <strong>CR:<\/strong> B. <strong>Td\u2019a:<\/strong> MSD Merck Sharp &amp; Dohme AG, Werftestrasse 4, 6005 Lucerne, Suisse. (V1.0); CH-PCN-00004.<\/p>\n\n\n\n<hr class=\"wp-block-separator has-text-color has-gray-500-color has-alpha-channel-opacity has-gray-500-background-color has-background\" \/>\n\n\n\n<p dir=\"ltr\" lang=\"en-US\" class=\"has-border-color has-has-red-border-color-border-color has-object-object-font-size   mhh-mcn-v1-paragraph mhh-mcn-v1-paragraph--f178337ffc7a30f9885e89a831ade652\"><em><mark class=\"has-inline-color has-gray-700-color\">Avant de prescrire, veuillez consulter l\u2019information professionnelle compl\u00e8te publi\u00e9e sur la page d&rsquo;accueil de Swissmedic (<a href=\"https:\/\/www.swissmedicinfo-pro.ch\/ShowText.aspx?textType=FI&amp;lang=FR&amp;authNr=69781\" target=\"_blank\" rel=\"noreferrer noopener\">www.swissmedicinfo-pro.ch<\/a>).<\/mark><\/em><\/p>\n","protected":false},"excerpt":{"rendered":"<p>Information professionnelle abr\u00e9g\u00e9e de CAPVAXIVE \u00ae (Vaccin pneumococcique polyosidique conjugu\u00e9 (21-valent)) \u25bc Ce m\u00e9dicament fait l\u2019objet d\u2019une surveillance suppl\u00e9mentaire. Pour [&hellip;]<\/p>\n","protected":false},"author":73172,"featured_media":0,"parent":96214,"menu_order":0,"comment_status":"closed","ping_status":"closed","template":"","meta":{"_mhh_sticky_footer_settings":{"entityId":0},"_mhh_sticky_footer_posts":"","_mhh_sticky_footer_expanded":false,"_mhh_mcn_text_direction":"","_mhh_mcn_language":"","_mhh_mcn_left_sidebar_settings":{"entityId":0},"_mhh_mcn_sidebar_settings":{"entityId":0},"mhh_mcn_side_navigation_style":{"fontSize":{"l":"","m":"","s":""},"lineHeight":{"l":1.5,"m":1.5,"s":1.5},"itemColor":"","hoverItemColor":"","currentItemColor":"","borderItemColor":"","backgroundItemHoverColor":"","themeColor":""},"_mhh_mcn_child_page_navigation":{"isActive":false,"isSticky":false},"hide_header":false,"show_top_bar":false,"hide_footer":false,"full_width_layout":false,"icon":null,"job_code":"","primary_tag":1608,"editor_notices":[],"mconnectHideShareThis":false,"footnotes":"","mconnectIsArchiveTemplate":false,"mconnectArchiveFiltersDisabled":false,"mconnectArchiveLockAllPresetFilters":false,"mconnectArchiveHidePageSubmenu":false,"mconnectArchiveShowParentPageOnly":false,"mconnectArchiveDefaultOrder":"DESC","mconnectArchiveDefaultOrderBy":"date","mconnectArchivePostsPerPage":12,"mconnectArchivePostTypes":[],"mconnectArchiveAllowFilterBy":["category","tx-content-type","tx-product","tx-pathology","tx-active-ingredient","tx-therapeutic-area"],"mconnectArchiveTaxonomyOrder":[],"mconnectArchiveFilterSorting":["active","is_keyword","is_date"],"mconnectArchiveContentItemStyle":{"showExcerpt":true,"showImage":true,"showIcon":false,"showPrimaryTag":true,"showBorder":false,"showDates":false,"showCta":true,"isCard":false,"hasBackground":false,"showMetadata":true},"mconnectArchiveLayout":{"type":"list","hasFeatured":false},"mconnectDynamicTaxonomyEntities":[],"mconnectArchiveTerms_category":[],"mconnectArchiveAllowTerms_category":[],"mconnectArchiveTerms_tx-content-type":[],"mconnectArchiveAllowTerms_tx-content-type":[],"mconnectArchiveTerms_tx-product":[],"mconnectArchiveAllowTerms_tx-product":[],"mconnectArchiveTerms_tx-pathology":[],"mconnectArchiveAllowTerms_tx-pathology":[],"mconnectArchiveTerms_tx-active-ingredient":[],"mconnectArchiveAllowTerms_tx-active-ingredient":[],"mconnectArchiveTerms_tx-therapeutic-area":[],"mconnectArchiveAllowTerms_tx-therapeutic-area":[],"mconnectArchiveAllowTerms_dynamic-taxonomy":[],"mconnectArchiveLegacyDefaultTermsApplied":false,"mconnectContentUpdatesPerPage":10,"mconnectContentUpdatesViewMoreUrl":"","mconnectContentUpdatesTerms_tx-content-type":[],"mconnectContentUpdatesTerms_tx-product":[],"mconnectContentUpdatesTerms_tx-pathology":[],"mconnectContentUpdatesTerms_tx-active-ingredient":[],"mconnectContentUpdatesTerms_tx-therapeutic-area":[],"sidebar_toogle":0,"sidebar_toogle_notification_warning":true,"sidebar_toogle_notification_alert":true,"content_expiration_sidebar_date":"","content_expiration_sidebar_expired_post_status":"","content_expiration_sidebar_redirection":""},"categories":[1607],"tags":[1608],"ga4_page_audience":[],"ga4_page_birn_id":[],"ga4_page_branding":[957],"ga4_page_businessunit":[965],"ga4_page_campaign":[],"ga4_page_content_purpose":[1535],"ga4_page_customer_journey_stage":[],"ga4_page_customer_specialty":[],"ga4_page_experience":[],"ga4_page_indication":[],"ga4_page_material_intent":[1206],"ga4_page_product":[2264],"ga4_page_region":[1462],"ga4_page_therapeuticarea":[1520],"tx-therapeutic-area":[658],"tx-product":[2274],"tx-pathology":[],"tx-content-type":[1609],"tx-active-ingredient":[],"access":[],"user_status":[],"user_role":[],"class_list":["post-101296","page","type-page","status-publish","hentry","category-kfi","tag-kfi"],"yoast_head":"<!-- This site is optimized with the Yoast SEO plugin v23.9 - https:\/\/yoast.com\/wordpress\/plugins\/seo\/ -->\n<title>Information professionnelle abr\u00e9g\u00e9e de CAPVAXIVE \u00ae - MyMSD.ch FR<\/title>\n<meta name=\"robots\" content=\"index, follow, max-snippet:-1, max-image-preview:large, max-video-preview:-1\" \/>\n<link rel=\"canonical\" href=\"https:\/\/www.mymsd.ch\/fr\/succinctstatement\/capvaxive\/\" \/>\n<meta property=\"og:locale\" content=\"fr_FR\" \/>\n<meta property=\"og:type\" content=\"article\" \/>\n<meta property=\"og:title\" content=\"Information professionnelle abr\u00e9g\u00e9e de CAPVAXIVE \u00ae - MyMSD.ch FR\" \/>\n<meta property=\"og:description\" content=\"Information professionnelle abr\u00e9g\u00e9e de CAPVAXIVE \u00ae (Vaccin pneumococcique polyosidique conjugu\u00e9 (21-valent)) \u25bc Ce m\u00e9dicament fait l\u2019objet d\u2019une surveillance suppl\u00e9mentaire. Pour [&hellip;]\" \/>\n<meta property=\"og:url\" content=\"https:\/\/www.mymsd.ch\/fr\/succinctstatement\/capvaxive\/\" \/>\n<meta property=\"og:site_name\" content=\"MyMSD.ch FR\" \/>\n<meta property=\"article:modified_time\" content=\"2026-02-17T09:18:09+00:00\" \/>\n<meta property=\"og:image\" content=\"https:\/\/www.mymsd.ch\/fr\/wp-content\/uploads\/sites\/30\/2022\/03\/02852_MSD_Logo_W-Anthem_Vertical_TealGrey_RGB.png\" \/>\n\t<meta property=\"og:image:width\" content=\"2186\" \/>\n\t<meta property=\"og:image:height\" content=\"2134\" \/>\n\t<meta property=\"og:image:type\" content=\"image\/png\" \/>\n<meta name=\"twitter:card\" content=\"summary_large_image\" \/>\n<meta name=\"twitter:label1\" content=\"Dur\u00e9e de lecture estim\u00e9e\" \/>\n\t<meta name=\"twitter:data1\" content=\"2 minutes\" \/>\n<script type=\"application\/ld+json\" class=\"yoast-schema-graph\">{\"@context\":\"https:\/\/schema.org\",\"@graph\":[{\"@type\":\"WebPage\",\"@id\":\"https:\/\/www.mymsd.ch\/fr\/succinctstatement\/capvaxive\/\",\"url\":\"https:\/\/www.mymsd.ch\/fr\/succinctstatement\/capvaxive\/\",\"name\":\"Information professionnelle abr\u00e9g\u00e9e de CAPVAXIVE \u00ae - MyMSD.ch FR\",\"isPartOf\":{\"@id\":\"https:\/\/www.mymsd.ch\/fr\/#website\"},\"datePublished\":\"2025-10-01T11:48:09+00:00\",\"dateModified\":\"2026-02-17T09:18:09+00:00\",\"breadcrumb\":{\"@id\":\"https:\/\/www.mymsd.ch\/fr\/succinctstatement\/capvaxive\/#breadcrumb\"},\"inLanguage\":\"fr-FR\",\"potentialAction\":[{\"@type\":\"ReadAction\",\"target\":[\"https:\/\/www.mymsd.ch\/fr\/succinctstatement\/capvaxive\/\"]}]},{\"@type\":\"BreadcrumbList\",\"@id\":\"https:\/\/www.mymsd.ch\/fr\/succinctstatement\/capvaxive\/#breadcrumb\",\"itemListElement\":[{\"@type\":\"ListItem\",\"position\":1,\"name\":\"Home\",\"item\":\"https:\/\/www.mymsd.ch\/fr\/\"},{\"@type\":\"ListItem\",\"position\":2,\"name\":\"Product Succinct Statement\",\"item\":\"https:\/\/www.mymsd.ch\/fr\/succinctstatement\/\"},{\"@type\":\"ListItem\",\"position\":3,\"name\":\"Information professionnelle abr\u00e9g\u00e9e de CAPVAXIVE \u00ae\"}]},{\"@type\":\"WebSite\",\"@id\":\"https:\/\/www.mymsd.ch\/fr\/#website\",\"url\":\"https:\/\/www.mymsd.ch\/fr\/\",\"name\":\"MyMSD.ch FR\",\"description\":\"\",\"publisher\":{\"@id\":\"https:\/\/www.mymsd.ch\/fr\/#organization\"},\"potentialAction\":[{\"@type\":\"SearchAction\",\"target\":{\"@type\":\"EntryPoint\",\"urlTemplate\":\"https:\/\/www.mymsd.ch\/fr\/?s={search_term_string}\"},\"query-input\":{\"@type\":\"PropertyValueSpecification\",\"valueRequired\":true,\"valueName\":\"search_term_string\"}}],\"inLanguage\":\"fr-FR\"},{\"@type\":\"Organization\",\"@id\":\"https:\/\/www.mymsd.ch\/fr\/#organization\",\"name\":\"MSD Switzerland\",\"url\":\"https:\/\/www.mymsd.ch\/fr\/\",\"logo\":{\"@type\":\"ImageObject\",\"inLanguage\":\"fr-FR\",\"@id\":\"https:\/\/www.mymsd.ch\/fr\/#\/schema\/logo\/image\/\",\"url\":\"https:\/\/www.mymsd.ch\/fr\/wp-content\/uploads\/sites\/30\/2023\/10\/cropped-myMSD-logo.png\",\"contentUrl\":\"https:\/\/www.mymsd.ch\/fr\/wp-content\/uploads\/sites\/30\/2023\/10\/cropped-myMSD-logo.png\",\"width\":4084,\"height\":692,\"caption\":\"MSD Switzerland\"},\"image\":{\"@id\":\"https:\/\/www.mymsd.ch\/fr\/#\/schema\/logo\/image\/\"}}]}<\/script>\n<!-- \/ Yoast SEO plugin. -->","yoast_head_json":{"title":"Information professionnelle abr\u00e9g\u00e9e de CAPVAXIVE \u00ae - MyMSD.ch FR","robots":{"index":"index","follow":"follow","max-snippet":"max-snippet:-1","max-image-preview":"max-image-preview:large","max-video-preview":"max-video-preview:-1"},"canonical":"https:\/\/www.mymsd.ch\/fr\/succinctstatement\/capvaxive\/","og_locale":"fr_FR","og_type":"article","og_title":"Information professionnelle abr\u00e9g\u00e9e de CAPVAXIVE \u00ae - MyMSD.ch FR","og_description":"Information professionnelle abr\u00e9g\u00e9e de CAPVAXIVE \u00ae (Vaccin pneumococcique polyosidique conjugu\u00e9 (21-valent)) \u25bc Ce m\u00e9dicament fait l\u2019objet d\u2019une surveillance suppl\u00e9mentaire. Pour [&hellip;]","og_url":"https:\/\/www.mymsd.ch\/fr\/succinctstatement\/capvaxive\/","og_site_name":"MyMSD.ch FR","article_modified_time":"2026-02-17T09:18:09+00:00","og_image":[{"width":2186,"height":2134,"url":"https:\/\/www.mymsd.ch\/fr\/wp-content\/uploads\/sites\/30\/2022\/03\/02852_MSD_Logo_W-Anthem_Vertical_TealGrey_RGB.png","type":"image\/png"}],"twitter_card":"summary_large_image","twitter_misc":{"Dur\u00e9e de lecture estim\u00e9e":"2 minutes"},"schema":{"@context":"https:\/\/schema.org","@graph":[{"@type":"WebPage","@id":"https:\/\/www.mymsd.ch\/fr\/succinctstatement\/capvaxive\/","url":"https:\/\/www.mymsd.ch\/fr\/succinctstatement\/capvaxive\/","name":"Information professionnelle abr\u00e9g\u00e9e de CAPVAXIVE \u00ae - MyMSD.ch FR","isPartOf":{"@id":"https:\/\/www.mymsd.ch\/fr\/#website"},"datePublished":"2025-10-01T11:48:09+00:00","dateModified":"2026-02-17T09:18:09+00:00","breadcrumb":{"@id":"https:\/\/www.mymsd.ch\/fr\/succinctstatement\/capvaxive\/#breadcrumb"},"inLanguage":"fr-FR","potentialAction":[{"@type":"ReadAction","target":["https:\/\/www.mymsd.ch\/fr\/succinctstatement\/capvaxive\/"]}]},{"@type":"BreadcrumbList","@id":"https:\/\/www.mymsd.ch\/fr\/succinctstatement\/capvaxive\/#breadcrumb","itemListElement":[{"@type":"ListItem","position":1,"name":"Home","item":"https:\/\/www.mymsd.ch\/fr\/"},{"@type":"ListItem","position":2,"name":"Product Succinct Statement","item":"https:\/\/www.mymsd.ch\/fr\/succinctstatement\/"},{"@type":"ListItem","position":3,"name":"Information professionnelle abr\u00e9g\u00e9e de CAPVAXIVE \u00ae"}]},{"@type":"WebSite","@id":"https:\/\/www.mymsd.ch\/fr\/#website","url":"https:\/\/www.mymsd.ch\/fr\/","name":"MyMSD.ch FR","description":"","publisher":{"@id":"https:\/\/www.mymsd.ch\/fr\/#organization"},"potentialAction":[{"@type":"SearchAction","target":{"@type":"EntryPoint","urlTemplate":"https:\/\/www.mymsd.ch\/fr\/?s={search_term_string}"},"query-input":{"@type":"PropertyValueSpecification","valueRequired":true,"valueName":"search_term_string"}}],"inLanguage":"fr-FR"},{"@type":"Organization","@id":"https:\/\/www.mymsd.ch\/fr\/#organization","name":"MSD Switzerland","url":"https:\/\/www.mymsd.ch\/fr\/","logo":{"@type":"ImageObject","inLanguage":"fr-FR","@id":"https:\/\/www.mymsd.ch\/fr\/#\/schema\/logo\/image\/","url":"https:\/\/www.mymsd.ch\/fr\/wp-content\/uploads\/sites\/30\/2023\/10\/cropped-myMSD-logo.png","contentUrl":"https:\/\/www.mymsd.ch\/fr\/wp-content\/uploads\/sites\/30\/2023\/10\/cropped-myMSD-logo.png","width":4084,"height":692,"caption":"MSD Switzerland"},"image":{"@id":"https:\/\/www.mymsd.ch\/fr\/#\/schema\/logo\/image\/"}}]}},"_links":{"self":[{"href":"https:\/\/www.mymsd.ch\/fr\/wp-json\/wp\/v2\/pages\/101296","targetHints":{"allow":["GET"]}}],"collection":[{"href":"https:\/\/www.mymsd.ch\/fr\/wp-json\/wp\/v2\/pages"}],"about":[{"href":"https:\/\/www.mymsd.ch\/fr\/wp-json\/wp\/v2\/types\/page"}],"author":[{"embeddable":true,"href":"https:\/\/www.mymsd.ch\/fr\/wp-json\/wp\/v2\/users\/73172"}],"replies":[{"embeddable":true,"href":"https:\/\/www.mymsd.ch\/fr\/wp-json\/wp\/v2\/comments?post=101296"}],"version-history":[{"count":7,"href":"https:\/\/www.mymsd.ch\/fr\/wp-json\/wp\/v2\/pages\/101296\/revisions"}],"predecessor-version":[{"id":103327,"href":"https:\/\/www.mymsd.ch\/fr\/wp-json\/wp\/v2\/pages\/101296\/revisions\/103327"}],"up":[{"embeddable":true,"href":"https:\/\/www.mymsd.ch\/fr\/wp-json\/wp\/v2\/pages\/96214"}],"wp:attachment":[{"href":"https:\/\/www.mymsd.ch\/fr\/wp-json\/wp\/v2\/media?parent=101296"}],"wp:term":[{"taxonomy":"category","embeddable":true,"href":"https:\/\/www.mymsd.ch\/fr\/wp-json\/wp\/v2\/categories?post=101296"},{"taxonomy":"post_tag","embeddable":true,"href":"https:\/\/www.mymsd.ch\/fr\/wp-json\/wp\/v2\/tags?post=101296"},{"taxonomy":"ga4_page_audience","embeddable":true,"href":"https:\/\/www.mymsd.ch\/fr\/wp-json\/wp\/v2\/ga4_page_audience?post=101296"},{"taxonomy":"ga4_page_birn_id","embeddable":true,"href":"https:\/\/www.mymsd.ch\/fr\/wp-json\/wp\/v2\/ga4_page_birn_id?post=101296"},{"taxonomy":"ga4_page_branding","embeddable":true,"href":"https:\/\/www.mymsd.ch\/fr\/wp-json\/wp\/v2\/ga4_page_branding?post=101296"},{"taxonomy":"ga4_page_businessunit","embeddable":true,"href":"https:\/\/www.mymsd.ch\/fr\/wp-json\/wp\/v2\/ga4_page_businessunit?post=101296"},{"taxonomy":"ga4_page_campaign","embeddable":true,"href":"https:\/\/www.mymsd.ch\/fr\/wp-json\/wp\/v2\/ga4_page_campaign?post=101296"},{"taxonomy":"ga4_page_content_purpose","embeddable":true,"href":"https:\/\/www.mymsd.ch\/fr\/wp-json\/wp\/v2\/ga4_page_content_purpose?post=101296"},{"taxonomy":"ga4_page_customer_journey_stage","embeddable":true,"href":"https:\/\/www.mymsd.ch\/fr\/wp-json\/wp\/v2\/ga4_page_customer_journey_stage?post=101296"},{"taxonomy":"ga4_page_customer_specialty","embeddable":true,"href":"https:\/\/www.mymsd.ch\/fr\/wp-json\/wp\/v2\/ga4_page_customer_specialty?post=101296"},{"taxonomy":"ga4_page_experience","embeddable":true,"href":"https:\/\/www.mymsd.ch\/fr\/wp-json\/wp\/v2\/ga4_page_experience?post=101296"},{"taxonomy":"ga4_page_indication","embeddable":true,"href":"https:\/\/www.mymsd.ch\/fr\/wp-json\/wp\/v2\/ga4_page_indication?post=101296"},{"taxonomy":"ga4_page_material_intent","embeddable":true,"href":"https:\/\/www.mymsd.ch\/fr\/wp-json\/wp\/v2\/ga4_page_material_intent?post=101296"},{"taxonomy":"ga4_page_product","embeddable":true,"href":"https:\/\/www.mymsd.ch\/fr\/wp-json\/wp\/v2\/ga4_page_product?post=101296"},{"taxonomy":"ga4_page_region","embeddable":true,"href":"https:\/\/www.mymsd.ch\/fr\/wp-json\/wp\/v2\/ga4_page_region?post=101296"},{"taxonomy":"ga4_page_therapeuticarea","embeddable":true,"href":"https:\/\/www.mymsd.ch\/fr\/wp-json\/wp\/v2\/ga4_page_therapeuticarea?post=101296"},{"taxonomy":"tx-therapeutic-area","embeddable":true,"href":"https:\/\/www.mymsd.ch\/fr\/wp-json\/wp\/v2\/tx-therapeutic-area?post=101296"},{"taxonomy":"tx-product","embeddable":true,"href":"https:\/\/www.mymsd.ch\/fr\/wp-json\/wp\/v2\/tx-product?post=101296"},{"taxonomy":"tx-pathology","embeddable":true,"href":"https:\/\/www.mymsd.ch\/fr\/wp-json\/wp\/v2\/tx-pathology?post=101296"},{"taxonomy":"tx-content-type","embeddable":true,"href":"https:\/\/www.mymsd.ch\/fr\/wp-json\/wp\/v2\/tx-content-type?post=101296"},{"taxonomy":"tx-active-ingredient","embeddable":true,"href":"https:\/\/www.mymsd.ch\/fr\/wp-json\/wp\/v2\/tx-active-ingredient?post=101296"},{"taxonomy":"access","embeddable":true,"href":"https:\/\/www.mymsd.ch\/fr\/wp-json\/wp\/v2\/access?post=101296"},{"taxonomy":"user_status","embeddable":true,"href":"https:\/\/www.mymsd.ch\/fr\/wp-json\/wp\/v2\/user_status?post=101296"},{"taxonomy":"user_role","embeddable":true,"href":"https:\/\/www.mymsd.ch\/fr\/wp-json\/wp\/v2\/user_role?post=101296"}],"curies":[{"name":"wp","href":"https:\/\/api.w.org\/{rel}","templated":true}]}}