{"id":101225,"date":"2025-09-23T11:27:37","date_gmt":"2025-09-23T11:27:37","guid":{"rendered":"https:\/\/www.mymsd.ch\/fr\/?page_id=101225"},"modified":"2025-09-23T11:43:16","modified_gmt":"2025-09-23T11:43:16","slug":"elearning","status":"publish","type":"page","link":"https:\/\/www.mymsd.ch\/fr\/elearning\/","title":{"rendered":"eLearning"},"content":{"rendered":"\n<p dir=\"ltr\" lang=\"en-US\" class=\"has-border-color has-has-red-border-color-border-color   mhh-mcn-v1-paragraph mhh-mcn-v1-paragraph--e76a9ad073c79191ec27d89503b716b3\">Bienvenue sur notre plateforme d&rsquo;apprentissage en ligne destin\u00e9e au personnel m\u00e9dical. Nos cours offrent des connaissances approfondies et des perspectives pratiques dans divers domaines th\u00e9rapeutiques. Ils vous aident ainsi \u00e0 d\u00e9velopper cibl\u00e9ment vos comp\u00e9tences professionnelles afin de prendre en charge au mieux les patient\u00b7e\u00b7s.<br><br><\/p>\n\n\n<div class=\"mhh-mcn-v1-content-items mhh-mcn-v1-content-items--da7d6b06f526e2bf53a129b718608899 wp-block-mconnect-theme-curated-content mhh-mcn-layout--columns mhh-mcn-columns mhh-mcn-v1-columns--3b55438b10586a634ca4cf97fb3c25c9 mhh-mcn-v1-columns mhh-mcn-columns--gutter-m\" dir=\"ltr\" lang=\"en-US\">\n    <div class=\"mhh-mcn-columns-inner\">\n        <div\n    class=\"mhh-mcn-column mhh-mcn-column--12 mhh-mcn-column--m-6 mhh-mcn-column--l-4 mhh-mcn-v1-content-item mhh-mcn-v1-content-item--0158a11897b86b907fba9430559fd672 mhh-mcn-v1-content-item--type-ecme-course mhh-mcn-v1-content-item--display-media-style mhh-mcn-v1-content-item--has-featured-image\" dir=\"ltr\" lang=\"en-US\">\n    <div class=\"mhh-mcn-v1-content-item-featured-image\">\n    <figure class=\"mhh-mcn-v1-image mhh-mcn-v1-image--b3acf1cc304cb69adf5bde73871aa486 with-aspect-ratio with-aspect-ratio--content-grid\">\n    <div class=\"figure-outer\">\n    <div class=\"figure-inner\">\n                            <img loading=\"lazy\" decoding=\"async\"\n        class=\"mhh-mcn-image mhh-mcn-image--2048x2048 wp-image-101479\"\n        src=\"https:\/\/www.mymsd.ch\/fr\/wp-content\/uploads\/sites\/30\/2025\/10\/originalimg_e6c7f146-788f-4ea0-8d76-5d7cb65bfb7f.jpg?w=800&#038;quality=80&#038;lossy=1\"\n        width=\"800\"\n        height=\"800\"\n                alt=\"\"\n            \/>\n                <\/div>\n    <\/div>\n    <\/figure>\n<\/div>\n\n<article class=\"mhh-mcn-v1-content-item-content\">\n    <section class=\"mhh-mcn-v1-content-item-content-body\">\n        \n<span class=\"mhh-mcn-v1-content-item-primary-tag mhh-mcn-v1-content-item-primary-tag--c06ec76831703497d2b89abb588910eb\" title=\"This item has been tagged as: Sans accr\u00e9ditation\">\n    Sans accr\u00e9ditation<\/span>\n        <header class=\"mhh-mcn-v1-content-item-header\">\n    \n    <span class=\"mhh-mcn-v1-content-item-icon-type mhh-mcn-v1-content-item-icon-type--ecme-course\">\n    <span class=\"mhh-mcn-v1-content-item-icon-type__icon\">\n    \n<svg width=\"1em\" height=\"1em\" class=\"mh-icon mh-icon--kind-generic mh-icon--name-book mh-icon--book\" role=\"img\" aria-hidden=\"true\">\n    \n    \n    <use xlink:href=\"https:\/\/www.mymsd.ch\/fr\/wp-content\/themes\/cex-wpvip-mhh-mconnect-theme-new-3.0\/modules\/icons\/resources\/icons\/svg\/generic\/book.svg#book\"><\/use>\n<\/svg>\n    <\/span>\n    <\/span>\n    <h2 class=\"mhh-mcn-v1-content-item-title mhh-mcn-v1-content-item-title--c06ec76831703497d2b89abb588910eb\">\n    \n    <a class=\"mhh-mcn-v1-content-item-title__link\" href=\"https:\/\/www.mymsd.ch\/fr\/courses\/ecme-98018848\/\" target=\"_self\">\n        Papillomavirus humain (HPV) et vaccination des adultes contre le HPV (Module 1)    <\/a>\n    <\/h2>\n\n    <\/header>\n\n        <p class=\"mhh-mcn-v1-content-item-excerpt mhh-mcn-v1-content-item-excerpt--c06ec76831703497d2b89abb588910eb\">\n    Papillomavirus humain (HPV) et vaccination des adultes contre le HPV<\/p>\n        \n<div class=\"mhh-mcn-v1-content-item-meta mhh-mcn-badge-container\">\n    <span class=\"mhh-mcn-badge--course-status mhh-mcn-badge--course-status-not-planned\">\n        Non planifi\u00e9<\/span>\n\n    \n    <span class=\"mhh-mcn-badge mhh-mcn-badge--flat\">\n    \n<svg width=\"1em\" height=\"1em\" class=\"mh-icon mh-icon--kind-generic mh-icon--name-watch mh-icon--watch\" role=\"img\" aria-hidden=\"true\">\n    \n    \n    <use xlink:href=\"https:\/\/www.mymsd.ch\/fr\/wp-content\/themes\/cex-wpvip-mhh-mconnect-theme-new-3.0\/modules\/icons\/resources\/icons\/svg\/generic\/watch.svg#watch\"><\/use>\n<\/svg>\n    30 min<\/span>\n<\/div>\n    <\/section>\n    <div class=\"mhh-mcn-v1-content-item-footer\">\n    \n    \n    <\/div>\n<\/article>\n<\/div>\n<div\n    class=\"mhh-mcn-column mhh-mcn-column--12 mhh-mcn-column--m-6 mhh-mcn-column--l-4 mhh-mcn-v1-content-item mhh-mcn-v1-content-item--bdcddd7197520a3cde212c38dd5fe2a7 mhh-mcn-v1-content-item--type-ecme-course mhh-mcn-v1-content-item--display-media-style mhh-mcn-v1-content-item--has-featured-image\" dir=\"ltr\" lang=\"en-US\">\n    <div class=\"mhh-mcn-v1-content-item-featured-image\">\n    <figure class=\"mhh-mcn-v1-image mhh-mcn-v1-image--4fa0f6171b7b0cefdb489e019472c62c with-aspect-ratio with-aspect-ratio--content-grid\">\n    <div class=\"figure-outer\">\n    <div class=\"figure-inner\">\n                            <img decoding=\"async\"\n        class=\"mhh-mcn-image mhh-mcn-image--2048x2048 wp-image-101477\"\n        src=\"https:\/\/www.mymsd.ch\/fr\/wp-content\/uploads\/sites\/30\/2025\/10\/originalimg_22dfbae6-0dcf-482c-9041-4f70d4cd8191.jpg?w=1156&#038;quality=80&#038;lossy=1\"\n        width=\"1156\"\n        height=\"1306\"\n        loading=\"lazy\"        alt=\"\"\n            \/>\n                <\/div>\n    <\/div>\n    <\/figure>\n<\/div>\n\n<article class=\"mhh-mcn-v1-content-item-content\">\n    <section class=\"mhh-mcn-v1-content-item-content-body\">\n        \n<span class=\"mhh-mcn-v1-content-item-primary-tag mhh-mcn-v1-content-item-primary-tag--c06ec76831703497d2b89abb588910eb\" title=\"This item has been tagged as: Sans accr\u00e9ditation\">\n    Sans accr\u00e9ditation<\/span>\n        <header class=\"mhh-mcn-v1-content-item-header\">\n    \n    <span class=\"mhh-mcn-v1-content-item-icon-type mhh-mcn-v1-content-item-icon-type--ecme-course\">\n    <span class=\"mhh-mcn-v1-content-item-icon-type__icon\">\n    \n<svg width=\"1em\" height=\"1em\" class=\"mh-icon mh-icon--kind-generic mh-icon--name-book mh-icon--book\" role=\"img\" aria-hidden=\"true\">\n    \n    \n    <use xlink:href=\"https:\/\/www.mymsd.ch\/fr\/wp-content\/themes\/cex-wpvip-mhh-mconnect-theme-new-3.0\/modules\/icons\/resources\/icons\/svg\/generic\/book.svg#book\"><\/use>\n<\/svg>\n    <\/span>\n    <\/span>\n    <h2 class=\"mhh-mcn-v1-content-item-title mhh-mcn-v1-content-item-title--c06ec76831703497d2b89abb588910eb\">\n    \n    <a class=\"mhh-mcn-v1-content-item-title__link\" href=\"https:\/\/www.mymsd.ch\/fr\/courses\/ecme-98018847\/\" target=\"_self\">\n        Papillomavirus humain (HPV) et vaccination des adultes contre le HPV (Module 2)    <\/a>\n    <\/h2>\n\n    <\/header>\n\n        <p class=\"mhh-mcn-v1-content-item-excerpt mhh-mcn-v1-content-item-excerpt--c06ec76831703497d2b89abb588910eb\">\n    Papillomavirus humain (HPV) et vaccination des adultes contre le HPV<\/p>\n        \n<div class=\"mhh-mcn-v1-content-item-meta mhh-mcn-badge-container\">\n    <span class=\"mhh-mcn-badge--course-status mhh-mcn-badge--course-status-not-planned\">\n        Non planifi\u00e9<\/span>\n\n    \n    <span class=\"mhh-mcn-badge mhh-mcn-badge--flat\">\n    \n<svg width=\"1em\" height=\"1em\" class=\"mh-icon mh-icon--kind-generic mh-icon--name-watch mh-icon--watch\" role=\"img\" aria-hidden=\"true\">\n    \n    \n    <use xlink:href=\"https:\/\/www.mymsd.ch\/fr\/wp-content\/themes\/cex-wpvip-mhh-mconnect-theme-new-3.0\/modules\/icons\/resources\/icons\/svg\/generic\/watch.svg#watch\"><\/use>\n<\/svg>\n    30 min<\/span>\n<\/div>\n    <\/section>\n    <div class=\"mhh-mcn-v1-content-item-footer\">\n    \n    \n    <\/div>\n<\/article>\n<\/div>\n<div\n    class=\"mhh-mcn-column mhh-mcn-column--12 mhh-mcn-column--m-6 mhh-mcn-column--l-4 mhh-mcn-v1-content-item mhh-mcn-v1-content-item--e8553c8ddef8bb1bf264866f4838ee09 mhh-mcn-v1-content-item--type-ecme-course mhh-mcn-v1-content-item--display-media-style mhh-mcn-v1-content-item--has-featured-image\" dir=\"ltr\" lang=\"en-US\">\n    <div class=\"mhh-mcn-v1-content-item-featured-image\">\n    <figure class=\"mhh-mcn-v1-image mhh-mcn-v1-image--909c9fdebb0fbe9b3320755a21a53303 with-aspect-ratio with-aspect-ratio--content-grid\">\n    <div class=\"figure-outer\">\n    <div class=\"figure-inner\">\n                            <img decoding=\"async\"\n        class=\"mhh-mcn-image mhh-mcn-image--2048x2048 wp-image-101475\"\n        src=\"https:\/\/www.mymsd.ch\/fr\/wp-content\/uploads\/sites\/30\/2025\/10\/originalimg_4b76bb19-b98a-45aa-ae06-69fa67c95198.jpg?w=1155&#038;quality=80&#038;lossy=1\"\n        width=\"1155\"\n        height=\"1307\"\n        loading=\"lazy\"        alt=\"\"\n            \/>\n                <\/div>\n    <\/div>\n    <\/figure>\n<\/div>\n\n<article class=\"mhh-mcn-v1-content-item-content\">\n    <section class=\"mhh-mcn-v1-content-item-content-body\">\n        \n<span class=\"mhh-mcn-v1-content-item-primary-tag mhh-mcn-v1-content-item-primary-tag--c06ec76831703497d2b89abb588910eb\" title=\"This item has been tagged as: Sans accr\u00e9ditation\">\n    Sans accr\u00e9ditation<\/span>\n        <header class=\"mhh-mcn-v1-content-item-header\">\n    \n    <span class=\"mhh-mcn-v1-content-item-icon-type mhh-mcn-v1-content-item-icon-type--ecme-course\">\n    <span class=\"mhh-mcn-v1-content-item-icon-type__icon\">\n    \n<svg width=\"1em\" height=\"1em\" class=\"mh-icon mh-icon--kind-generic mh-icon--name-book mh-icon--book\" role=\"img\" aria-hidden=\"true\">\n    \n    \n    <use xlink:href=\"https:\/\/www.mymsd.ch\/fr\/wp-content\/themes\/cex-wpvip-mhh-mconnect-theme-new-3.0\/modules\/icons\/resources\/icons\/svg\/generic\/book.svg#book\"><\/use>\n<\/svg>\n    <\/span>\n    <\/span>\n    <h2 class=\"mhh-mcn-v1-content-item-title mhh-mcn-v1-content-item-title--c06ec76831703497d2b89abb588910eb\">\n    \n    <a class=\"mhh-mcn-v1-content-item-title__link\" href=\"https:\/\/www.mymsd.ch\/fr\/courses\/ecme-98018846\/\" target=\"_self\">\n        Papillomavirus humain (HPV) et vaccination contre le HPV pour les femmes adultes (\u00e2ge 27\u201345) (Module 3)    <\/a>\n    <\/h2>\n\n    <\/header>\n\n        <p class=\"mhh-mcn-v1-content-item-excerpt mhh-mcn-v1-content-item-excerpt--c06ec76831703497d2b89abb588910eb\">\n    Papillomavirus humain (HPV) et vaccination contre le HPV pour les femmes adultes (\u00e2ge 27\u201345)<\/p>\n        \n<div class=\"mhh-mcn-v1-content-item-meta mhh-mcn-badge-container\">\n    <span class=\"mhh-mcn-badge--course-status mhh-mcn-badge--course-status-not-planned\">\n        Non planifi\u00e9<\/span>\n\n    \n    <span class=\"mhh-mcn-badge mhh-mcn-badge--flat\">\n    \n<svg width=\"1em\" height=\"1em\" class=\"mh-icon mh-icon--kind-generic mh-icon--name-watch mh-icon--watch\" role=\"img\" aria-hidden=\"true\">\n    \n    \n    <use xlink:href=\"https:\/\/www.mymsd.ch\/fr\/wp-content\/themes\/cex-wpvip-mhh-mconnect-theme-new-3.0\/modules\/icons\/resources\/icons\/svg\/generic\/watch.svg#watch\"><\/use>\n<\/svg>\n    30 min<\/span>\n<\/div>\n    <\/section>\n    <div class=\"mhh-mcn-v1-content-item-footer\">\n    \n    \n    <\/div>\n<\/article>\n<\/div>\n    <\/div>\n\n    <\/div>\n","protected":false},"excerpt":{"rendered":"<p>Bienvenue sur notre plateforme d&rsquo;apprentissage en ligne destin\u00e9e au personnel m\u00e9dical. Nos cours offrent des connaissances approfondies et des perspectives [&hellip;]<\/p>\n","protected":false},"author":385,"featured_media":0,"parent":0,"menu_order":0,"comment_status":"closed","ping_status":"closed","template":"","meta":{"_mhh_sticky_footer_settings":{"entityId":0},"_mhh_sticky_footer_posts":"","_mhh_sticky_footer_expanded":false,"_mhh_mcn_text_direction":"","_mhh_mcn_language":"","_mhh_mcn_left_sidebar_settings":{"entityId":0},"_mhh_mcn_sidebar_settings":{"entityId":0},"mhh_mcn_side_navigation_style":{"fontSize":{"l":"","m":"","s":""},"lineHeight":{"l":1.5,"m":1.5,"s":1.5},"itemColor":"","hoverItemColor":"","currentItemColor":"","borderItemColor":"","backgroundItemHoverColor":"","themeColor":""},"_mhh_mcn_child_page_navigation":{"isActive":true,"isSticky":true},"hide_header":false,"show_top_bar":false,"hide_footer":false,"full_width_layout":false,"icon":null,"job_code":"","primary_tag":0,"editor_notices":[],"mconnectHideShareThis":false,"footnotes":"","mconnectIsArchiveTemplate":false,"mconnectArchiveFiltersDisabled":false,"mconnectArchiveLockAllPresetFilters":false,"mconnectArchiveHidePageSubmenu":false,"mconnectArchiveShowParentPageOnly":false,"mconnectArchiveDefaultOrder":"DESC","mconnectArchiveDefaultOrderBy":"date","mconnectArchivePostsPerPage":12,"mconnectArchivePostTypes":[],"mconnectArchiveAllowFilterBy":["category","tx-content-type","tx-product","tx-pathology","tx-active-ingredient","tx-therapeutic-area"],"mconnectArchiveFilterSorting":["active","is_keyword","is_date"],"mconnectArchiveContentItemStyle":{"showExcerpt":true,"showImage":true,"showIcon":false,"showPrimaryTag":true,"showBorder":false,"showDates":false,"showCta":true,"isCard":false,"hasBackground":false,"showMetadata":true},"mconnectArchiveLayout":{"type":"list","hasFeatured":false},"mconnectDynamicTaxonomyEntities":[],"mconnectArchiveTerms_category":[],"mconnectArchiveAllowTerms_category":[],"mconnectArchiveTerms_tx-content-type":[],"mconnectArchiveAllowTerms_tx-content-type":[],"mconnectArchiveTerms_tx-product":[],"mconnectArchiveAllowTerms_tx-product":[],"mconnectArchiveTerms_tx-pathology":[],"mconnectArchiveAllowTerms_tx-pathology":[],"mconnectArchiveTerms_tx-active-ingredient":[],"mconnectArchiveAllowTerms_tx-active-ingredient":[],"mconnectArchiveTerms_tx-therapeutic-area":[],"mconnectArchiveAllowTerms_tx-therapeutic-area":[],"mconnectArchiveAllowTerms_dynamic-taxonomy":[],"mconnectArchiveLegacyDefaultTermsApplied":false,"mconnectContentUpdatesPerPage":10,"mconnectContentUpdatesViewMoreUrl":"","mconnectContentUpdatesTerms_tx-content-type":[],"mconnectContentUpdatesTerms_tx-product":[],"mconnectContentUpdatesTerms_tx-pathology":[],"mconnectContentUpdatesTerms_tx-active-ingredient":[],"mconnectContentUpdatesTerms_tx-therapeutic-area":[],"sidebar_toogle":0,"sidebar_toogle_notification_warning":true,"sidebar_toogle_notification_alert":true,"content_expiration_sidebar_date":"","content_expiration_sidebar_expired_post_status":"","content_expiration_sidebar_redirection":""},"categories":[],"tags":[],"ga4_page_audience":[],"ga4_page_birn_id":[],"ga4_page_branding":[957],"ga4_page_businessunit":[960],"ga4_page_campaign":[],"ga4_page_content_purpose":[],"ga4_page_customer_journey_stage":[],"ga4_page_customer_specialty":[],"ga4_page_experience":[],"ga4_page_indication":[],"ga4_page_material_intent":[1206],"ga4_page_product":[],"ga4_page_region":[],"ga4_page_therapeuticarea":[],"tx-therapeutic-area":[],"tx-product":[],"tx-pathology":[],"tx-content-type":[],"tx-active-ingredient":[],"access":[],"user_status":[],"user_role":[],"class_list":["post-101225","page","type-page","status-publish","hentry"],"yoast_head":"<!-- This site is optimized with the Yoast SEO plugin v23.9 - https:\/\/yoast.com\/wordpress\/plugins\/seo\/ -->\n<title>eLearning - MyMSD.ch FR<\/title>\n<meta name=\"robots\" content=\"index, follow, max-snippet:-1, max-image-preview:large, max-video-preview:-1\" \/>\n<link rel=\"canonical\" href=\"https:\/\/www.mymsd.ch\/fr\/elearning\/\" \/>\n<meta property=\"og:locale\" content=\"fr_FR\" \/>\n<meta property=\"og:type\" content=\"article\" \/>\n<meta property=\"og:title\" content=\"eLearning - MyMSD.ch FR\" \/>\n<meta property=\"og:description\" content=\"Bienvenue sur notre plateforme d&rsquo;apprentissage en ligne destin\u00e9e au personnel m\u00e9dical. Nos cours offrent des connaissances approfondies et des perspectives [&hellip;]\" \/>\n<meta property=\"og:url\" content=\"https:\/\/www.mymsd.ch\/fr\/elearning\/\" \/>\n<meta property=\"og:site_name\" content=\"MyMSD.ch FR\" \/>\n<meta property=\"article:modified_time\" content=\"2025-09-23T11:43:16+00:00\" \/>\n<meta property=\"og:image\" content=\"https:\/\/www.mymsd.ch\/fr\/wp-content\/uploads\/sites\/30\/2022\/03\/02852_MSD_Logo_W-Anthem_Vertical_TealGrey_RGB.png\" \/>\n\t<meta property=\"og:image:width\" content=\"2186\" \/>\n\t<meta property=\"og:image:height\" content=\"2134\" \/>\n\t<meta property=\"og:image:type\" content=\"image\/png\" \/>\n<meta name=\"twitter:card\" content=\"summary_large_image\" \/>\n<meta name=\"twitter:label1\" content=\"Dur\u00e9e de lecture estim\u00e9e\" \/>\n\t<meta name=\"twitter:data1\" content=\"1 minute\" \/>\n<script type=\"application\/ld+json\" class=\"yoast-schema-graph\">{\"@context\":\"https:\/\/schema.org\",\"@graph\":[{\"@type\":\"WebPage\",\"@id\":\"https:\/\/www.mymsd.ch\/fr\/elearning\/\",\"url\":\"https:\/\/www.mymsd.ch\/fr\/elearning\/\",\"name\":\"eLearning - MyMSD.ch FR\",\"isPartOf\":{\"@id\":\"https:\/\/www.mymsd.ch\/fr\/#website\"},\"datePublished\":\"2025-09-23T11:27:37+00:00\",\"dateModified\":\"2025-09-23T11:43:16+00:00\",\"breadcrumb\":{\"@id\":\"https:\/\/www.mymsd.ch\/fr\/elearning\/#breadcrumb\"},\"inLanguage\":\"fr-FR\",\"potentialAction\":[{\"@type\":\"ReadAction\",\"target\":[\"https:\/\/www.mymsd.ch\/fr\/elearning\/\"]}]},{\"@type\":\"BreadcrumbList\",\"@id\":\"https:\/\/www.mymsd.ch\/fr\/elearning\/#breadcrumb\",\"itemListElement\":[{\"@type\":\"ListItem\",\"position\":1,\"name\":\"Home\",\"item\":\"https:\/\/www.mymsd.ch\/fr\/\"},{\"@type\":\"ListItem\",\"position\":2,\"name\":\"eLearning\"}]},{\"@type\":\"WebSite\",\"@id\":\"https:\/\/www.mymsd.ch\/fr\/#website\",\"url\":\"https:\/\/www.mymsd.ch\/fr\/\",\"name\":\"MyMSD.ch FR\",\"description\":\"\",\"publisher\":{\"@id\":\"https:\/\/www.mymsd.ch\/fr\/#organization\"},\"potentialAction\":[{\"@type\":\"SearchAction\",\"target\":{\"@type\":\"EntryPoint\",\"urlTemplate\":\"https:\/\/www.mymsd.ch\/fr\/?s={search_term_string}\"},\"query-input\":{\"@type\":\"PropertyValueSpecification\",\"valueRequired\":true,\"valueName\":\"search_term_string\"}}],\"inLanguage\":\"fr-FR\"},{\"@type\":\"Organization\",\"@id\":\"https:\/\/www.mymsd.ch\/fr\/#organization\",\"name\":\"MSD Switzerland\",\"url\":\"https:\/\/www.mymsd.ch\/fr\/\",\"logo\":{\"@type\":\"ImageObject\",\"inLanguage\":\"fr-FR\",\"@id\":\"https:\/\/www.mymsd.ch\/fr\/#\/schema\/logo\/image\/\",\"url\":\"https:\/\/www.mymsd.ch\/fr\/wp-content\/uploads\/sites\/30\/2023\/10\/cropped-myMSD-logo.png\",\"contentUrl\":\"https:\/\/www.mymsd.ch\/fr\/wp-content\/uploads\/sites\/30\/2023\/10\/cropped-myMSD-logo.png\",\"width\":4084,\"height\":692,\"caption\":\"MSD Switzerland\"},\"image\":{\"@id\":\"https:\/\/www.mymsd.ch\/fr\/#\/schema\/logo\/image\/\"}}]}<\/script>\n<!-- \/ Yoast SEO plugin. -->","yoast_head_json":{"title":"eLearning - MyMSD.ch FR","robots":{"index":"index","follow":"follow","max-snippet":"max-snippet:-1","max-image-preview":"max-image-preview:large","max-video-preview":"max-video-preview:-1"},"canonical":"https:\/\/www.mymsd.ch\/fr\/elearning\/","og_locale":"fr_FR","og_type":"article","og_title":"eLearning - MyMSD.ch FR","og_description":"Bienvenue sur notre plateforme d&rsquo;apprentissage en ligne destin\u00e9e au personnel m\u00e9dical. Nos cours offrent des connaissances approfondies et des perspectives [&hellip;]","og_url":"https:\/\/www.mymsd.ch\/fr\/elearning\/","og_site_name":"MyMSD.ch FR","article_modified_time":"2025-09-23T11:43:16+00:00","og_image":[{"width":2186,"height":2134,"url":"https:\/\/www.mymsd.ch\/fr\/wp-content\/uploads\/sites\/30\/2022\/03\/02852_MSD_Logo_W-Anthem_Vertical_TealGrey_RGB.png","type":"image\/png"}],"twitter_card":"summary_large_image","twitter_misc":{"Dur\u00e9e de lecture estim\u00e9e":"1 minute"},"schema":{"@context":"https:\/\/schema.org","@graph":[{"@type":"WebPage","@id":"https:\/\/www.mymsd.ch\/fr\/elearning\/","url":"https:\/\/www.mymsd.ch\/fr\/elearning\/","name":"eLearning - MyMSD.ch FR","isPartOf":{"@id":"https:\/\/www.mymsd.ch\/fr\/#website"},"datePublished":"2025-09-23T11:27:37+00:00","dateModified":"2025-09-23T11:43:16+00:00","breadcrumb":{"@id":"https:\/\/www.mymsd.ch\/fr\/elearning\/#breadcrumb"},"inLanguage":"fr-FR","potentialAction":[{"@type":"ReadAction","target":["https:\/\/www.mymsd.ch\/fr\/elearning\/"]}]},{"@type":"BreadcrumbList","@id":"https:\/\/www.mymsd.ch\/fr\/elearning\/#breadcrumb","itemListElement":[{"@type":"ListItem","position":1,"name":"Home","item":"https:\/\/www.mymsd.ch\/fr\/"},{"@type":"ListItem","position":2,"name":"eLearning"}]},{"@type":"WebSite","@id":"https:\/\/www.mymsd.ch\/fr\/#website","url":"https:\/\/www.mymsd.ch\/fr\/","name":"MyMSD.ch FR","description":"","publisher":{"@id":"https:\/\/www.mymsd.ch\/fr\/#organization"},"potentialAction":[{"@type":"SearchAction","target":{"@type":"EntryPoint","urlTemplate":"https:\/\/www.mymsd.ch\/fr\/?s={search_term_string}"},"query-input":{"@type":"PropertyValueSpecification","valueRequired":true,"valueName":"search_term_string"}}],"inLanguage":"fr-FR"},{"@type":"Organization","@id":"https:\/\/www.mymsd.ch\/fr\/#organization","name":"MSD Switzerland","url":"https:\/\/www.mymsd.ch\/fr\/","logo":{"@type":"ImageObject","inLanguage":"fr-FR","@id":"https:\/\/www.mymsd.ch\/fr\/#\/schema\/logo\/image\/","url":"https:\/\/www.mymsd.ch\/fr\/wp-content\/uploads\/sites\/30\/2023\/10\/cropped-myMSD-logo.png","contentUrl":"https:\/\/www.mymsd.ch\/fr\/wp-content\/uploads\/sites\/30\/2023\/10\/cropped-myMSD-logo.png","width":4084,"height":692,"caption":"MSD Switzerland"},"image":{"@id":"https:\/\/www.mymsd.ch\/fr\/#\/schema\/logo\/image\/"}}]}},"_links":{"self":[{"href":"https:\/\/www.mymsd.ch\/fr\/wp-json\/wp\/v2\/pages\/101225","targetHints":{"allow":["GET"]}}],"collection":[{"href":"https:\/\/www.mymsd.ch\/fr\/wp-json\/wp\/v2\/pages"}],"about":[{"href":"https:\/\/www.mymsd.ch\/fr\/wp-json\/wp\/v2\/types\/page"}],"author":[{"embeddable":true,"href":"https:\/\/www.mymsd.ch\/fr\/wp-json\/wp\/v2\/users\/385"}],"replies":[{"embeddable":true,"href":"https:\/\/www.mymsd.ch\/fr\/wp-json\/wp\/v2\/comments?post=101225"}],"version-history":[{"count":4,"href":"https:\/\/www.mymsd.ch\/fr\/wp-json\/wp\/v2\/pages\/101225\/revisions"}],"predecessor-version":[{"id":101234,"href":"https:\/\/www.mymsd.ch\/fr\/wp-json\/wp\/v2\/pages\/101225\/revisions\/101234"}],"wp:attachment":[{"href":"https:\/\/www.mymsd.ch\/fr\/wp-json\/wp\/v2\/media?parent=101225"}],"wp:term":[{"taxonomy":"category","embeddable":true,"href":"https:\/\/www.mymsd.ch\/fr\/wp-json\/wp\/v2\/categories?post=101225"},{"taxonomy":"post_tag","embeddable":true,"href":"https:\/\/www.mymsd.ch\/fr\/wp-json\/wp\/v2\/tags?post=101225"},{"taxonomy":"ga4_page_audience","embeddable":true,"href":"https:\/\/www.mymsd.ch\/fr\/wp-json\/wp\/v2\/ga4_page_audience?post=101225"},{"taxonomy":"ga4_page_birn_id","embeddable":true,"href":"https:\/\/www.mymsd.ch\/fr\/wp-json\/wp\/v2\/ga4_page_birn_id?post=101225"},{"taxonomy":"ga4_page_branding","embeddable":true,"href":"https:\/\/www.mymsd.ch\/fr\/wp-json\/wp\/v2\/ga4_page_branding?post=101225"},{"taxonomy":"ga4_page_businessunit","embeddable":true,"href":"https:\/\/www.mymsd.ch\/fr\/wp-json\/wp\/v2\/ga4_page_businessunit?post=101225"},{"taxonomy":"ga4_page_campaign","embeddable":true,"href":"https:\/\/www.mymsd.ch\/fr\/wp-json\/wp\/v2\/ga4_page_campaign?post=101225"},{"taxonomy":"ga4_page_content_purpose","embeddable":true,"href":"https:\/\/www.mymsd.ch\/fr\/wp-json\/wp\/v2\/ga4_page_content_purpose?post=101225"},{"taxonomy":"ga4_page_customer_journey_stage","embeddable":true,"href":"https:\/\/www.mymsd.ch\/fr\/wp-json\/wp\/v2\/ga4_page_customer_journey_stage?post=101225"},{"taxonomy":"ga4_page_customer_specialty","embeddable":true,"href":"https:\/\/www.mymsd.ch\/fr\/wp-json\/wp\/v2\/ga4_page_customer_specialty?post=101225"},{"taxonomy":"ga4_page_experience","embeddable":true,"href":"https:\/\/www.mymsd.ch\/fr\/wp-json\/wp\/v2\/ga4_page_experience?post=101225"},{"taxonomy":"ga4_page_indication","embeddable":true,"href":"https:\/\/www.mymsd.ch\/fr\/wp-json\/wp\/v2\/ga4_page_indication?post=101225"},{"taxonomy":"ga4_page_material_intent","embeddable":true,"href":"https:\/\/www.mymsd.ch\/fr\/wp-json\/wp\/v2\/ga4_page_material_intent?post=101225"},{"taxonomy":"ga4_page_product","embeddable":true,"href":"https:\/\/www.mymsd.ch\/fr\/wp-json\/wp\/v2\/ga4_page_product?post=101225"},{"taxonomy":"ga4_page_region","embeddable":true,"href":"https:\/\/www.mymsd.ch\/fr\/wp-json\/wp\/v2\/ga4_page_region?post=101225"},{"taxonomy":"ga4_page_therapeuticarea","embeddable":true,"href":"https:\/\/www.mymsd.ch\/fr\/wp-json\/wp\/v2\/ga4_page_therapeuticarea?post=101225"},{"taxonomy":"tx-therapeutic-area","embeddable":true,"href":"https:\/\/www.mymsd.ch\/fr\/wp-json\/wp\/v2\/tx-therapeutic-area?post=101225"},{"taxonomy":"tx-product","embeddable":true,"href":"https:\/\/www.mymsd.ch\/fr\/wp-json\/wp\/v2\/tx-product?post=101225"},{"taxonomy":"tx-pathology","embeddable":true,"href":"https:\/\/www.mymsd.ch\/fr\/wp-json\/wp\/v2\/tx-pathology?post=101225"},{"taxonomy":"tx-content-type","embeddable":true,"href":"https:\/\/www.mymsd.ch\/fr\/wp-json\/wp\/v2\/tx-content-type?post=101225"},{"taxonomy":"tx-active-ingredient","embeddable":true,"href":"https:\/\/www.mymsd.ch\/fr\/wp-json\/wp\/v2\/tx-active-ingredient?post=101225"},{"taxonomy":"access","embeddable":true,"href":"https:\/\/www.mymsd.ch\/fr\/wp-json\/wp\/v2\/access?post=101225"},{"taxonomy":"user_status","embeddable":true,"href":"https:\/\/www.mymsd.ch\/fr\/wp-json\/wp\/v2\/user_status?post=101225"},{"taxonomy":"user_role","embeddable":true,"href":"https:\/\/www.mymsd.ch\/fr\/wp-json\/wp\/v2\/user_role?post=101225"}],"curies":[{"name":"wp","href":"https:\/\/api.w.org\/{rel}","templated":true}]}}