{"id":124358,"date":"2025-10-01T11:47:31","date_gmt":"2025-10-01T11:47:31","guid":{"rendered":"https:\/\/www.mymsd.ch\/de\/?page_id=124358"},"modified":"2026-02-17T09:16:07","modified_gmt":"2026-02-17T09:16:07","slug":"capvaxive","status":"publish","type":"page","link":"https:\/\/www.mymsd.ch\/de\/succinctstatement\/capvaxive\/","title":{"rendered":"KFI CAPVAXIVE\u00ae"},"content":{"rendered":"\n<h2 dir=\"ltr\" lang=\"en-US\" class=\"wp-block-heading has-border-color has-has-red-border-color-border-color  mhh-mcn-v1-heading mhh-mcn-v1-heading--66f7de0552f7873d70f70f5f711a241f\"><mark class=\"has-inline-color has-teal-500-color\">Kurzfachinformation CAPVAXIVE<sup>\u00ae<\/sup> (Pneumokokken-Polysaccharid-Konjugatimpfstoff (21-valent))<\/mark><\/h2>\n\n\n\n<p dir=\"ltr\" lang=\"en-US\" class=\"has-border-color has-has-red-border-color-border-color   mhh-mcn-v1-paragraph mhh-mcn-v1-paragraph--76f2c53be6ca69c3691380cc90500120\"><em>\u25bc<\/em> Dieses Arzneimittel unterliegt einer zus\u00e4tzlichen \u00dcberwachung. F\u00fcr weitere Informationen, siehe Fachinformation (CAPVAXIVE\u00ae) auf <a href=\"https:\/\/www.swissmedicinfo-pro.ch\/ShowText.aspx?textType=FI&amp;lang=DE&amp;authNr=69781\">www.swissmedicinfo-pro.ch<\/a>.<\/p>\n\n\n\n<p dir=\"ltr\" lang=\"en-US\" class=\"has-border-color has-has-red-border-color-border-color   mhh-mcn-v1-paragraph mhh-mcn-v1-paragraph--8fa8466aa30966bf8ee2dae111d7b1a4\"><strong>CAPVAXIVE \u00ae: W: <\/strong>Pneumokokken-Polysaccharid-Konjugatimpfstoff (21-valent). <strong>I: <\/strong><em>Erwachsene ab 18 Jahren:<\/em> Indiziert f\u00fcr die aktive Immunisierung zur Pr\u00e4vention von invasiven Erkrankungen und Pneumonien, die durch <em>Streptococcus pneumoniae<\/em> verursacht werden. <strong>D:<\/strong> <em>Erwachsene:<\/em> 1 Dosis; i.m. <strong>KI:<\/strong> \u00dcberempfindlichkeit gegen\u00fcber Wirkstoffen, einschliesslich Diphtherie-Toxoid oder Hilfsstoffen. <strong>WH: <\/strong>Anaphylaxie: Vorkehrungen treffen; Zeitgleiche Erkrankungen: Impfung verschieben bei akuten schweren febrilen Erkrankungen oder akuten Infektionen; Thrombozytopenie und Blutgerinnungsst\u00f6rungen: Vorsicht bei Personen, die Antikoagulanzien erhalten oder Personen mit Thrombozytopenie oder anderer Gerinnungsst\u00f6rung; Immungeschw\u00e4chte Personen: verminderte Immunantwort auf CAPVAXIVE; Schutzwirkung: sch\u00fctzt nur gegen die im Impfstoff enthaltenen <em>Streptococcus-pneumoniae<\/em>-Serotypen und kreuzreaktive OPA-Antwort auf Serotyp 15B. <strong>DDI: <\/strong>Verschiedene Impfstoffe an verschiedenen Injektionsstellen verabreichen; CAPVAXIVE mit gleichzeitigem quadrivalentem inaktivierten Grippeimpfstoff (Spaltimpfstoff, inaktiviert) untersucht; keine Daten zur gleichzeitigen Anwendung mit anderen Impfstoffen. <strong>S\/S: <\/strong>Keine Erfahrungen in Schwangerschaft; Nutzen-Risiko abw\u00e4gen; nicht bekannt, ob CAPVAXIVE in die Muttermilch \u00fcbergeht; keine Fertilit\u00e4tsdaten f\u00fcr Menschen. <strong>UAW (sehr h\u00e4ufig): <\/strong>Schmerzen an der Injektionsstelle, Erm\u00fcdung, Erythem an der Injektionsstelle, Schwellung an der Injektionsstelle, Myalgie, Kopfschmerzen. <strong>P:<\/strong> 1 oder 10 Fertigspritzen mit 1 oder 10 separaten Nadeln. <strong>AK:<\/strong> B. <strong>Z:<\/strong> MSD Merck Sharp &amp; Dohme AG, Werftestrasse 4, 6005 Luzern, Schweiz. (V1.0); CH-PCN-00004.<\/p>\n\n\n\n<hr class=\"wp-block-separator has-text-color has-gray-500-color has-alpha-channel-opacity has-gray-500-background-color has-background\" \/>\n\n\n\n<p dir=\"ltr\" lang=\"en-US\" class=\"has-border-color has-has-red-border-color-border-color has-object-object-font-size   mhh-mcn-v1-paragraph mhh-mcn-v1-paragraph--93cfee7a984541b52368aaff6c2b16ac\"><em><mark class=\"has-inline-color has-gray-700-color\">Konsultieren Sie bitte vor einer Verschreibung die vollst\u00e4ndige Fachinformation publiziert auf <a href=\"https:\/\/www.swissmedicinfo-pro.ch\/ShowText.aspx?textType=FI&amp;lang=DE&amp;authNr=69781\" target=\"_blank\" rel=\"noreferrer noopener\">www.swissmedicinfo-pro.ch<\/a>.<\/mark><\/em><\/p>\n\n\n\n<p dir=\"ltr\" lang=\"en-US\" class=\"has-border-color has-has-red-border-color-border-color   mhh-mcn-v1-paragraph mhh-mcn-v1-paragraph--f279dcf193b60e355df99dd9cbefba61\"><\/p>\n","protected":false},"excerpt":{"rendered":"<p>Kurzfachinformation CAPVAXIVE\u00ae (Pneumokokken-Polysaccharid-Konjugatimpfstoff (21-valent)) \u25bc Dieses Arzneimittel unterliegt einer zus\u00e4tzlichen \u00dcberwachung. F\u00fcr weitere Informationen, siehe Fachinformation (CAPVAXIVE\u00ae) auf www.swissmedicinfo-pro.ch. CAPVAXIVE [&hellip;]<\/p>\n","protected":false},"author":73172,"featured_media":0,"parent":114174,"menu_order":0,"comment_status":"closed","ping_status":"closed","template":"","meta":{"_mhh_sticky_footer_settings":{"entityId":0},"_mhh_sticky_footer_posts":"","_mhh_sticky_footer_expanded":false,"_mhh_mcn_text_direction":"ltr","_mhh_mcn_language":"en_US","_mhh_mcn_left_sidebar_settings":{"entityId":0},"_mhh_mcn_sidebar_settings":{"entityId":0},"mhh_mcn_side_navigation_style":{"fontSize":{"l":"","m":"","s":""},"lineHeight":{"l":1.5,"m":1.5,"s":1.5},"itemColor":"","hoverItemColor":"","currentItemColor":"","borderItemColor":"","backgroundItemHoverColor":"","themeColor":""},"_mhh_mcn_child_page_navigation":{"isActive":false,"isSticky":false},"hide_header":false,"show_top_bar":false,"hide_footer":false,"full_width_layout":false,"icon":null,"job_code":"","primary_tag":1711,"editor_notices":[],"mconnectHideShareThis":false,"footnotes":"","mconnectIsArchiveTemplate":false,"mconnectArchiveFiltersDisabled":false,"mconnectArchiveLockAllPresetFilters":false,"mconnectArchiveHidePageSubmenu":false,"mconnectArchiveShowParentPageOnly":false,"mconnectArchiveDefaultOrder":"DESC","mconnectArchiveDefaultOrderBy":"date","mconnectArchivePostsPerPage":12,"mconnectArchivePostTypes":[],"mconnectArchiveAllowFilterBy":["category","tx-content-type","tx-product","tx-pathology","tx-active-ingredient","tx-therapeutic-area"],"mconnectArchiveTaxonomyOrder":[],"mconnectArchiveFilterSorting":["active","is_keyword","is_date"],"mconnectArchiveContentItemStyle":{"showExcerpt":true,"showImage":true,"showIcon":false,"showPrimaryTag":true,"showBorder":false,"showDates":false,"showCta":true,"isCard":false,"hasBackground":false,"showMetadata":true},"mconnectArchiveLayout":{"type":"list","hasFeatured":false},"mconnectDynamicTaxonomyEntities":[],"mconnectArchiveTerms_category":[],"mconnectArchiveAllowTerms_category":[],"mconnectArchiveTerms_tx-content-type":[],"mconnectArchiveAllowTerms_tx-content-type":[],"mconnectArchiveTerms_tx-product":[],"mconnectArchiveAllowTerms_tx-product":[],"mconnectArchiveTerms_tx-pathology":[],"mconnectArchiveAllowTerms_tx-pathology":[],"mconnectArchiveTerms_tx-active-ingredient":[],"mconnectArchiveAllowTerms_tx-active-ingredient":[],"mconnectArchiveTerms_tx-therapeutic-area":[],"mconnectArchiveAllowTerms_tx-therapeutic-area":[],"mconnectArchiveAllowTerms_dynamic-taxonomy":[],"mconnectArchiveLegacyDefaultTermsApplied":false,"mconnectContentUpdatesPerPage":10,"mconnectContentUpdatesViewMoreUrl":"","mconnectContentUpdatesTerms_tx-content-type":[],"mconnectContentUpdatesTerms_tx-product":[],"mconnectContentUpdatesTerms_tx-pathology":[],"mconnectContentUpdatesTerms_tx-active-ingredient":[],"mconnectContentUpdatesTerms_tx-therapeutic-area":[],"sidebar_toogle":0,"sidebar_toogle_notification_warning":true,"sidebar_toogle_notification_alert":true,"content_expiration_sidebar_date":"","content_expiration_sidebar_expired_post_status":"","content_expiration_sidebar_redirection":""},"categories":[1710],"tags":[1711],"ga4_page_audience":[],"ga4_page_birn_id":[],"ga4_page_branding":[989],"ga4_page_businessunit":[997],"ga4_page_campaign":[],"ga4_page_content_purpose":[1636],"ga4_page_customer_journey_stage":[],"ga4_page_customer_specialty":[],"ga4_page_experience":[],"ga4_page_indication":[],"ga4_page_material_intent":[1208],"ga4_page_product":[2313],"ga4_page_region":[1563],"ga4_page_therapeuticarea":[1615],"tx-therapeutic-area":[610],"tx-product":[2323],"tx-pathology":[],"tx-content-type":[1712],"tx-active-ingredient":[],"access":[],"user_status":[],"user_role":[],"class_list":["post-124358","page","type-page","status-publish","hentry","category-kfi","tag-kfi"],"yoast_head":"<!-- This site is optimized with the Yoast SEO plugin v23.9 - https:\/\/yoast.com\/wordpress\/plugins\/seo\/ -->\n<title>KFI CAPVAXIVE\u00ae - MyMSD.ch DE<\/title>\n<meta name=\"robots\" content=\"index, follow, max-snippet:-1, max-image-preview:large, max-video-preview:-1\" \/>\n<link rel=\"canonical\" href=\"https:\/\/www.mymsd.ch\/de\/succinctstatement\/capvaxive\/\" \/>\n<meta property=\"og:locale\" content=\"de_DE\" \/>\n<meta property=\"og:type\" content=\"article\" \/>\n<meta property=\"og:title\" content=\"KFI CAPVAXIVE\u00ae - MyMSD.ch DE\" \/>\n<meta property=\"og:description\" content=\"Kurzfachinformation CAPVAXIVE\u00ae (Pneumokokken-Polysaccharid-Konjugatimpfstoff (21-valent)) \u25bc Dieses Arzneimittel unterliegt einer zus\u00e4tzlichen \u00dcberwachung. F\u00fcr weitere Informationen, siehe Fachinformation (CAPVAXIVE\u00ae) auf www.swissmedicinfo-pro.ch. CAPVAXIVE [&hellip;]\" \/>\n<meta property=\"og:url\" content=\"https:\/\/www.mymsd.ch\/de\/succinctstatement\/capvaxive\/\" \/>\n<meta property=\"og:site_name\" content=\"MyMSD.ch DE\" \/>\n<meta property=\"article:modified_time\" content=\"2026-02-17T09:16:07+00:00\" \/>\n<meta property=\"og:image\" content=\"https:\/\/www.mymsd.ch\/de\/wp-content\/uploads\/sites\/13\/2022\/03\/02852_MSD_Logo_W-Anthem_Vertical_TealGrey_RGB.png\" \/>\n\t<meta property=\"og:image:width\" content=\"2186\" \/>\n\t<meta property=\"og:image:height\" content=\"2134\" \/>\n\t<meta property=\"og:image:type\" content=\"image\/png\" \/>\n<meta name=\"twitter:card\" content=\"summary_large_image\" \/>\n<meta name=\"twitter:label1\" content=\"Gesch\u00e4tzte Lesezeit\" \/>\n\t<meta name=\"twitter:data1\" content=\"1 minute\" \/>\n<script type=\"application\/ld+json\" class=\"yoast-schema-graph\">{\"@context\":\"https:\/\/schema.org\",\"@graph\":[{\"@type\":\"WebPage\",\"@id\":\"https:\/\/www.mymsd.ch\/de\/succinctstatement\/capvaxive\/\",\"url\":\"https:\/\/www.mymsd.ch\/de\/succinctstatement\/capvaxive\/\",\"name\":\"KFI CAPVAXIVE\u00ae - MyMSD.ch DE\",\"isPartOf\":{\"@id\":\"https:\/\/www.mymsd.ch\/de\/#website\"},\"datePublished\":\"2025-10-01T11:47:31+00:00\",\"dateModified\":\"2026-02-17T09:16:07+00:00\",\"breadcrumb\":{\"@id\":\"https:\/\/www.mymsd.ch\/de\/succinctstatement\/capvaxive\/#breadcrumb\"},\"inLanguage\":\"de-CH\",\"potentialAction\":[{\"@type\":\"ReadAction\",\"target\":[\"https:\/\/www.mymsd.ch\/de\/succinctstatement\/capvaxive\/\"]}]},{\"@type\":\"BreadcrumbList\",\"@id\":\"https:\/\/www.mymsd.ch\/de\/succinctstatement\/capvaxive\/#breadcrumb\",\"itemListElement\":[{\"@type\":\"ListItem\",\"position\":1,\"name\":\"Home\",\"item\":\"https:\/\/www.mymsd.ch\/de\/\"},{\"@type\":\"ListItem\",\"position\":2,\"name\":\"Product Succinct Statement\",\"item\":\"https:\/\/www.mymsd.ch\/de\/succinctstatement\/\"},{\"@type\":\"ListItem\",\"position\":3,\"name\":\"KFI CAPVAXIVE\u00ae\"}]},{\"@type\":\"WebSite\",\"@id\":\"https:\/\/www.mymsd.ch\/de\/#website\",\"url\":\"https:\/\/www.mymsd.ch\/de\/\",\"name\":\"MyMSD.ch DE\",\"description\":\"\",\"publisher\":{\"@id\":\"https:\/\/www.mymsd.ch\/de\/#organization\"},\"potentialAction\":[{\"@type\":\"SearchAction\",\"target\":{\"@type\":\"EntryPoint\",\"urlTemplate\":\"https:\/\/www.mymsd.ch\/de\/?s={search_term_string}\"},\"query-input\":{\"@type\":\"PropertyValueSpecification\",\"valueRequired\":true,\"valueName\":\"search_term_string\"}}],\"inLanguage\":\"de-CH\"},{\"@type\":\"Organization\",\"@id\":\"https:\/\/www.mymsd.ch\/de\/#organization\",\"name\":\"MSD Switzerland\",\"url\":\"https:\/\/www.mymsd.ch\/de\/\",\"logo\":{\"@type\":\"ImageObject\",\"inLanguage\":\"de-CH\",\"@id\":\"https:\/\/www.mymsd.ch\/de\/#\/schema\/logo\/image\/\",\"url\":\"https:\/\/www.mymsd.ch\/de\/wp-content\/uploads\/sites\/13\/2022\/03\/02852_MSD_Logo_W-Anthem_Vertical_TealGrey_RGB.png\",\"contentUrl\":\"https:\/\/www.mymsd.ch\/de\/wp-content\/uploads\/sites\/13\/2022\/03\/02852_MSD_Logo_W-Anthem_Vertical_TealGrey_RGB.png\",\"width\":2186,\"height\":2134,\"caption\":\"MSD Switzerland\"},\"image\":{\"@id\":\"https:\/\/www.mymsd.ch\/de\/#\/schema\/logo\/image\/\"}}]}<\/script>\n<!-- \/ Yoast SEO plugin. -->","yoast_head_json":{"title":"KFI CAPVAXIVE\u00ae - MyMSD.ch DE","robots":{"index":"index","follow":"follow","max-snippet":"max-snippet:-1","max-image-preview":"max-image-preview:large","max-video-preview":"max-video-preview:-1"},"canonical":"https:\/\/www.mymsd.ch\/de\/succinctstatement\/capvaxive\/","og_locale":"de_DE","og_type":"article","og_title":"KFI CAPVAXIVE\u00ae - MyMSD.ch DE","og_description":"Kurzfachinformation CAPVAXIVE\u00ae (Pneumokokken-Polysaccharid-Konjugatimpfstoff (21-valent)) \u25bc Dieses Arzneimittel unterliegt einer zus\u00e4tzlichen \u00dcberwachung. F\u00fcr weitere Informationen, siehe Fachinformation (CAPVAXIVE\u00ae) auf www.swissmedicinfo-pro.ch. CAPVAXIVE [&hellip;]","og_url":"https:\/\/www.mymsd.ch\/de\/succinctstatement\/capvaxive\/","og_site_name":"MyMSD.ch DE","article_modified_time":"2026-02-17T09:16:07+00:00","og_image":[{"width":2186,"height":2134,"url":"https:\/\/www.mymsd.ch\/de\/wp-content\/uploads\/sites\/13\/2022\/03\/02852_MSD_Logo_W-Anthem_Vertical_TealGrey_RGB.png","type":"image\/png"}],"twitter_card":"summary_large_image","twitter_misc":{"Gesch\u00e4tzte Lesezeit":"1 minute"},"schema":{"@context":"https:\/\/schema.org","@graph":[{"@type":"WebPage","@id":"https:\/\/www.mymsd.ch\/de\/succinctstatement\/capvaxive\/","url":"https:\/\/www.mymsd.ch\/de\/succinctstatement\/capvaxive\/","name":"KFI CAPVAXIVE\u00ae - MyMSD.ch DE","isPartOf":{"@id":"https:\/\/www.mymsd.ch\/de\/#website"},"datePublished":"2025-10-01T11:47:31+00:00","dateModified":"2026-02-17T09:16:07+00:00","breadcrumb":{"@id":"https:\/\/www.mymsd.ch\/de\/succinctstatement\/capvaxive\/#breadcrumb"},"inLanguage":"de-CH","potentialAction":[{"@type":"ReadAction","target":["https:\/\/www.mymsd.ch\/de\/succinctstatement\/capvaxive\/"]}]},{"@type":"BreadcrumbList","@id":"https:\/\/www.mymsd.ch\/de\/succinctstatement\/capvaxive\/#breadcrumb","itemListElement":[{"@type":"ListItem","position":1,"name":"Home","item":"https:\/\/www.mymsd.ch\/de\/"},{"@type":"ListItem","position":2,"name":"Product Succinct Statement","item":"https:\/\/www.mymsd.ch\/de\/succinctstatement\/"},{"@type":"ListItem","position":3,"name":"KFI CAPVAXIVE\u00ae"}]},{"@type":"WebSite","@id":"https:\/\/www.mymsd.ch\/de\/#website","url":"https:\/\/www.mymsd.ch\/de\/","name":"MyMSD.ch DE","description":"","publisher":{"@id":"https:\/\/www.mymsd.ch\/de\/#organization"},"potentialAction":[{"@type":"SearchAction","target":{"@type":"EntryPoint","urlTemplate":"https:\/\/www.mymsd.ch\/de\/?s={search_term_string}"},"query-input":{"@type":"PropertyValueSpecification","valueRequired":true,"valueName":"search_term_string"}}],"inLanguage":"de-CH"},{"@type":"Organization","@id":"https:\/\/www.mymsd.ch\/de\/#organization","name":"MSD Switzerland","url":"https:\/\/www.mymsd.ch\/de\/","logo":{"@type":"ImageObject","inLanguage":"de-CH","@id":"https:\/\/www.mymsd.ch\/de\/#\/schema\/logo\/image\/","url":"https:\/\/www.mymsd.ch\/de\/wp-content\/uploads\/sites\/13\/2022\/03\/02852_MSD_Logo_W-Anthem_Vertical_TealGrey_RGB.png","contentUrl":"https:\/\/www.mymsd.ch\/de\/wp-content\/uploads\/sites\/13\/2022\/03\/02852_MSD_Logo_W-Anthem_Vertical_TealGrey_RGB.png","width":2186,"height":2134,"caption":"MSD Switzerland"},"image":{"@id":"https:\/\/www.mymsd.ch\/de\/#\/schema\/logo\/image\/"}}]}},"_links":{"self":[{"href":"https:\/\/www.mymsd.ch\/de\/wp-json\/wp\/v2\/pages\/124358","targetHints":{"allow":["GET"]}}],"collection":[{"href":"https:\/\/www.mymsd.ch\/de\/wp-json\/wp\/v2\/pages"}],"about":[{"href":"https:\/\/www.mymsd.ch\/de\/wp-json\/wp\/v2\/types\/page"}],"author":[{"embeddable":true,"href":"https:\/\/www.mymsd.ch\/de\/wp-json\/wp\/v2\/users\/73172"}],"replies":[{"embeddable":true,"href":"https:\/\/www.mymsd.ch\/de\/wp-json\/wp\/v2\/comments?post=124358"}],"version-history":[{"count":8,"href":"https:\/\/www.mymsd.ch\/de\/wp-json\/wp\/v2\/pages\/124358\/revisions"}],"predecessor-version":[{"id":128412,"href":"https:\/\/www.mymsd.ch\/de\/wp-json\/wp\/v2\/pages\/124358\/revisions\/128412"}],"up":[{"embeddable":true,"href":"https:\/\/www.mymsd.ch\/de\/wp-json\/wp\/v2\/pages\/114174"}],"wp:attachment":[{"href":"https:\/\/www.mymsd.ch\/de\/wp-json\/wp\/v2\/media?parent=124358"}],"wp:term":[{"taxonomy":"category","embeddable":true,"href":"https:\/\/www.mymsd.ch\/de\/wp-json\/wp\/v2\/categories?post=124358"},{"taxonomy":"post_tag","embeddable":true,"href":"https:\/\/www.mymsd.ch\/de\/wp-json\/wp\/v2\/tags?post=124358"},{"taxonomy":"ga4_page_audience","embeddable":true,"href":"https:\/\/www.mymsd.ch\/de\/wp-json\/wp\/v2\/ga4_page_audience?post=124358"},{"taxonomy":"ga4_page_birn_id","embeddable":true,"href":"https:\/\/www.mymsd.ch\/de\/wp-json\/wp\/v2\/ga4_page_birn_id?post=124358"},{"taxonomy":"ga4_page_branding","embeddable":true,"href":"https:\/\/www.mymsd.ch\/de\/wp-json\/wp\/v2\/ga4_page_branding?post=124358"},{"taxonomy":"ga4_page_businessunit","embeddable":true,"href":"https:\/\/www.mymsd.ch\/de\/wp-json\/wp\/v2\/ga4_page_businessunit?post=124358"},{"taxonomy":"ga4_page_campaign","embeddable":true,"href":"https:\/\/www.mymsd.ch\/de\/wp-json\/wp\/v2\/ga4_page_campaign?post=124358"},{"taxonomy":"ga4_page_content_purpose","embeddable":true,"href":"https:\/\/www.mymsd.ch\/de\/wp-json\/wp\/v2\/ga4_page_content_purpose?post=124358"},{"taxonomy":"ga4_page_customer_journey_stage","embeddable":true,"href":"https:\/\/www.mymsd.ch\/de\/wp-json\/wp\/v2\/ga4_page_customer_journey_stage?post=124358"},{"taxonomy":"ga4_page_customer_specialty","embeddable":true,"href":"https:\/\/www.mymsd.ch\/de\/wp-json\/wp\/v2\/ga4_page_customer_specialty?post=124358"},{"taxonomy":"ga4_page_experience","embeddable":true,"href":"https:\/\/www.mymsd.ch\/de\/wp-json\/wp\/v2\/ga4_page_experience?post=124358"},{"taxonomy":"ga4_page_indication","embeddable":true,"href":"https:\/\/www.mymsd.ch\/de\/wp-json\/wp\/v2\/ga4_page_indication?post=124358"},{"taxonomy":"ga4_page_material_intent","embeddable":true,"href":"https:\/\/www.mymsd.ch\/de\/wp-json\/wp\/v2\/ga4_page_material_intent?post=124358"},{"taxonomy":"ga4_page_product","embeddable":true,"href":"https:\/\/www.mymsd.ch\/de\/wp-json\/wp\/v2\/ga4_page_product?post=124358"},{"taxonomy":"ga4_page_region","embeddable":true,"href":"https:\/\/www.mymsd.ch\/de\/wp-json\/wp\/v2\/ga4_page_region?post=124358"},{"taxonomy":"ga4_page_therapeuticarea","embeddable":true,"href":"https:\/\/www.mymsd.ch\/de\/wp-json\/wp\/v2\/ga4_page_therapeuticarea?post=124358"},{"taxonomy":"tx-therapeutic-area","embeddable":true,"href":"https:\/\/www.mymsd.ch\/de\/wp-json\/wp\/v2\/tx-therapeutic-area?post=124358"},{"taxonomy":"tx-product","embeddable":true,"href":"https:\/\/www.mymsd.ch\/de\/wp-json\/wp\/v2\/tx-product?post=124358"},{"taxonomy":"tx-pathology","embeddable":true,"href":"https:\/\/www.mymsd.ch\/de\/wp-json\/wp\/v2\/tx-pathology?post=124358"},{"taxonomy":"tx-content-type","embeddable":true,"href":"https:\/\/www.mymsd.ch\/de\/wp-json\/wp\/v2\/tx-content-type?post=124358"},{"taxonomy":"tx-active-ingredient","embeddable":true,"href":"https:\/\/www.mymsd.ch\/de\/wp-json\/wp\/v2\/tx-active-ingredient?post=124358"},{"taxonomy":"access","embeddable":true,"href":"https:\/\/www.mymsd.ch\/de\/wp-json\/wp\/v2\/access?post=124358"},{"taxonomy":"user_status","embeddable":true,"href":"https:\/\/www.mymsd.ch\/de\/wp-json\/wp\/v2\/user_status?post=124358"},{"taxonomy":"user_role","embeddable":true,"href":"https:\/\/www.mymsd.ch\/de\/wp-json\/wp\/v2\/user_role?post=124358"}],"curies":[{"name":"wp","href":"https:\/\/api.w.org\/{rel}","templated":true}]}}