{"id":117883,"date":"2024-10-30T11:32:36","date_gmt":"2024-10-30T11:32:36","guid":{"rendered":"https:\/\/www.mymsd.ch\/de\/?page_id=117883"},"modified":"2026-02-17T09:17:30","modified_gmt":"2026-02-17T09:17:30","slug":"lyfnua","status":"publish","type":"page","link":"https:\/\/www.mymsd.ch\/de\/succinctstatement\/lyfnua\/","title":{"rendered":"KFI Lyfnua\u00ae (gefapixant)"},"content":{"rendered":"\n<h1 class=\"wp-block-heading has-object-object-font-size has-border-color has-has-red-border-color-border-color  mhh-mcn-v1-heading mhh-mcn-v1-heading--a3d9ea056c4712d600a0753441fc3411\"><mark class=\"has-inline-color has-teal-500-color\">Kurzfachinformation Lyfnua\u00ae (gefapixant)<\/mark><\/h1>\n\n\n\n<p class=\"has-border-color has-has-red-border-color-border-color   mhh-mcn-v1-paragraph mhh-mcn-v1-paragraph--01adfd06ddee3979b00b28b19d6fde32\">\u25bc Dieses Arzneimittel unterliegt einer zus\u00e4tzlichen \u00dcberwachung. F\u00fcr weitere Informationen, siehe Fachinformation (Lyfnua\u00ae) auf <a href=\"https:\/\/www.swissmedicinfo-pro.ch\/ShowText.aspx?textType=FI&amp;lang=DE&amp;authNr=68065\">www.swissmedicinfo-pro.ch<\/a>.<\/p>\n\n\n\n<p class=\"has-border-color has-has-red-border-color-border-color   mhh-mcn-v1-paragraph mhh-mcn-v1-paragraph--0a46cf660688daef7653c93d25242150\"><strong>Lyfnua\u00ae: W:<\/strong> gefapixant. <strong>I:<\/strong> Erwachsene: indiziert zur Behandlung chronisch refrakt\u00e4rem Husten oder chronischem Husten ohne erkl\u00e4rbare Ursache. <strong>D:<\/strong> Erwachsene: 45 mg 2 x tgl. mit oder ohne Nahrung; Bei nicht dialysepflichtigen Patienten mit Nierenfunktionsst\u00f6rungen (eGFR &lt; 30 ml\/Minute\/1,73 m2) 45 mg 1x tgl. mit oder ohne Nahrung. <strong>KI: <\/strong>Schwere \u00dcberempfindlichkeitsreaktion gegen\u00fcber Inhaltsstoffen. <strong>WH: <\/strong>\u00dcberempfindlichkeit gegen Sulfonamide; Obstruktive Schlafapnoe. <strong>DDI: <\/strong>Nur geringes Potential f\u00fcr klin. bedeutsame Interaktionen mit Inhibitoren oder Induktoren von Cytochrom-P450-(CYP-) oder Uridin-5\u2019-Diphosphoglucurons\u00e4ure-Glucuronosyltransferase-(UGT-) Enzymen. Keine klin. bedeutsamen Interaktionen von\/mit anderen Arzneimitteln. <strong>S\/S: <\/strong>Nicht untersucht; nicht empfohlen. Empf\u00e4ngnisverh\u00fctung bei Patientinnen im geb\u00e4rf\u00e4higem Alter. UAW (sehr h\u00e4ufig): Dysgeusie (41%), Ageusie (15%) und Hypogeusie (11%). <strong>P:<\/strong> 45 mg: 56 und 196 (2x 98) Filmtabletten. <strong>AK:<\/strong> B. <strong>Z:<\/strong> MSD Merck Sharp &amp; Dohme AG, Werftestrasse 4, 6005 Luzern, Schweiz. (V1.0); CH-OGM-00001.<\/p>\n\n\n\n<hr class=\"wp-block-separator has-text-color has-gray-300-color has-alpha-channel-opacity has-gray-300-background-color has-background\" \/>\n\n\n\n<p class=\"has-object-object-font-size has-border-color has-has-red-border-color-border-color   mhh-mcn-v1-paragraph mhh-mcn-v1-paragraph--f28b9d44185d0c05470f8fe5d672fc3c\"><em>Konsultieren Sie bitte vor einer Verschreibung die vollst\u00e4ndige Fachinformation, publiziert auf der Homepage von Swissmedic (<a href=\"https:\/\/www.swissmedicinfo-pro.ch\/ShowText.aspx?textType=FI&amp;lang=DE&amp;authNr=68065\" target=\"_blank\" rel=\"noreferrer noopener\">www.swissmedicinfo-pro.ch<\/a>).<\/em><\/p>\n","protected":false},"excerpt":{"rendered":"<p>Kurzfachinformation Lyfnua\u00ae (gefapixant) \u25bc Dieses Arzneimittel unterliegt einer zus\u00e4tzlichen \u00dcberwachung. F\u00fcr weitere Informationen, siehe Fachinformation (Lyfnua\u00ae) auf www.swissmedicinfo-pro.ch. Lyfnua\u00ae: W: [&hellip;]<\/p>\n","protected":false},"author":73172,"featured_media":0,"parent":114174,"menu_order":0,"comment_status":"closed","ping_status":"closed","template":"","meta":{"_mhh_sticky_footer_settings":{"entityId":0},"_mhh_sticky_footer_posts":"","_mhh_sticky_footer_expanded":false,"_mhh_mcn_text_direction":"ltr","_mhh_mcn_language":"en_US","_mhh_mcn_left_sidebar_settings":{"entityId":0},"_mhh_mcn_sidebar_settings":{"entityId":0},"mhh_mcn_side_navigation_style":{"fontSize":{"l":"","m":"","s":""},"lineHeight":{"l":1.5,"m":1.5,"s":1.5},"itemColor":"","hoverItemColor":"","currentItemColor":"","borderItemColor":"","backgroundItemHoverColor":"","themeColor":""},"_mhh_mcn_child_page_navigation":{"isActive":false,"isSticky":false},"hide_header":false,"show_top_bar":false,"hide_footer":false,"full_width_layout":false,"icon":null,"job_code":"","primary_tag":1711,"editor_notices":[],"mconnectHideShareThis":false,"footnotes":"","mconnectIsArchiveTemplate":false,"mconnectArchiveFiltersDisabled":false,"mconnectArchiveLockAllPresetFilters":false,"mconnectArchiveHidePageSubmenu":false,"mconnectArchiveShowParentPageOnly":false,"mconnectArchiveDefaultOrder":"DESC","mconnectArchiveDefaultOrderBy":"date","mconnectArchivePostsPerPage":12,"mconnectArchivePostTypes":[],"mconnectArchiveAllowFilterBy":["category","tx-content-type","tx-product","tx-pathology","tx-active-ingredient","tx-therapeutic-area"],"mconnectArchiveTaxonomyOrder":[],"mconnectArchiveFilterSorting":["active","is_keyword","is_date"],"mconnectArchiveContentItemStyle":{"showExcerpt":true,"showImage":true,"showIcon":false,"showPrimaryTag":true,"showBorder":false,"showDates":false,"showCta":true,"isCard":false,"hasBackground":false,"showMetadata":true},"mconnectArchiveLayout":{"type":"list","hasFeatured":false},"mconnectDynamicTaxonomyEntities":[],"mconnectArchiveTerms_category":[],"mconnectArchiveAllowTerms_category":[],"mconnectArchiveTerms_tx-content-type":[],"mconnectArchiveAllowTerms_tx-content-type":[],"mconnectArchiveTerms_tx-product":[],"mconnectArchiveAllowTerms_tx-product":[],"mconnectArchiveTerms_tx-pathology":[],"mconnectArchiveAllowTerms_tx-pathology":[],"mconnectArchiveTerms_tx-active-ingredient":[],"mconnectArchiveAllowTerms_tx-active-ingredient":[],"mconnectArchiveTerms_tx-therapeutic-area":[],"mconnectArchiveAllowTerms_tx-therapeutic-area":[],"mconnectArchiveAllowTerms_dynamic-taxonomy":[],"mconnectArchiveLegacyDefaultTermsApplied":false,"mconnectContentUpdatesPerPage":10,"mconnectContentUpdatesViewMoreUrl":"","mconnectContentUpdatesTerms_tx-content-type":[],"mconnectContentUpdatesTerms_tx-product":[],"mconnectContentUpdatesTerms_tx-pathology":[],"mconnectContentUpdatesTerms_tx-active-ingredient":[],"mconnectContentUpdatesTerms_tx-therapeutic-area":[],"sidebar_toogle":0,"sidebar_toogle_notification_warning":true,"sidebar_toogle_notification_alert":true,"content_expiration_sidebar_date":"","content_expiration_sidebar_expired_post_status":"","content_expiration_sidebar_redirection":""},"categories":[1710],"tags":[1711],"ga4_page_audience":[],"ga4_page_birn_id":[],"ga4_page_branding":[989],"ga4_page_businessunit":[994],"ga4_page_campaign":[],"ga4_page_content_purpose":[1636],"ga4_page_customer_journey_stage":[],"ga4_page_customer_specialty":[],"ga4_page_experience":[],"ga4_page_indication":[],"ga4_page_material_intent":[1208],"ga4_page_product":[1378],"ga4_page_region":[1563],"ga4_page_therapeuticarea":[1608],"tx-therapeutic-area":[775],"tx-product":[1719],"tx-pathology":[],"tx-content-type":[1712],"tx-active-ingredient":[],"access":[],"user_status":[],"user_role":[],"class_list":["post-117883","page","type-page","status-publish","hentry","category-kfi","tag-kfi"],"yoast_head":"<!-- This site is optimized with the Yoast SEO plugin v23.9 - https:\/\/yoast.com\/wordpress\/plugins\/seo\/ -->\n<title>KFI Lyfnua\u00ae (gefapixant) - MyMSD.ch DE<\/title>\n<meta name=\"robots\" content=\"noindex, nofollow\" \/>\n<meta property=\"og:locale\" content=\"de_DE\" \/>\n<meta property=\"og:type\" content=\"article\" \/>\n<meta property=\"og:title\" content=\"KFI Lyfnua\u00ae (gefapixant) - MyMSD.ch DE\" \/>\n<meta property=\"og:description\" content=\"Kurzfachinformation Lyfnua\u00ae (gefapixant) \u25bc Dieses Arzneimittel unterliegt einer zus\u00e4tzlichen \u00dcberwachung. F\u00fcr weitere Informationen, siehe Fachinformation (Lyfnua\u00ae) auf www.swissmedicinfo-pro.ch. Lyfnua\u00ae: W: [&hellip;]\" \/>\n<meta property=\"og:url\" content=\"https:\/\/www.mymsd.ch\/de\/succinctstatement\/lyfnua\/\" \/>\n<meta property=\"og:site_name\" content=\"MyMSD.ch DE\" \/>\n<meta property=\"article:modified_time\" content=\"2026-02-17T09:17:30+00:00\" \/>\n<meta property=\"og:image\" content=\"https:\/\/www.mymsd.ch\/de\/wp-content\/uploads\/sites\/13\/2022\/03\/02852_MSD_Logo_W-Anthem_Vertical_TealGrey_RGB.png\" \/>\n\t<meta property=\"og:image:width\" content=\"2186\" \/>\n\t<meta property=\"og:image:height\" content=\"2134\" \/>\n\t<meta property=\"og:image:type\" content=\"image\/png\" \/>\n<meta name=\"twitter:card\" content=\"summary_large_image\" \/>\n<meta name=\"twitter:label1\" content=\"Gesch\u00e4tzte Lesezeit\" \/>\n\t<meta name=\"twitter:data1\" content=\"1 minute\" \/>\n<script type=\"application\/ld+json\" class=\"yoast-schema-graph\">{\"@context\":\"https:\/\/schema.org\",\"@graph\":[{\"@type\":\"WebPage\",\"@id\":\"https:\/\/www.mymsd.ch\/de\/succinctstatement\/lyfnua\/\",\"url\":\"https:\/\/www.mymsd.ch\/de\/succinctstatement\/lyfnua\/\",\"name\":\"KFI Lyfnua\u00ae (gefapixant) - MyMSD.ch DE\",\"isPartOf\":{\"@id\":\"https:\/\/www.mymsd.ch\/de\/#website\"},\"datePublished\":\"2024-10-30T11:32:36+00:00\",\"dateModified\":\"2026-02-17T09:17:30+00:00\",\"breadcrumb\":{\"@id\":\"https:\/\/www.mymsd.ch\/de\/succinctstatement\/lyfnua\/#breadcrumb\"},\"inLanguage\":\"de-CH\",\"potentialAction\":[{\"@type\":\"ReadAction\",\"target\":[\"https:\/\/www.mymsd.ch\/de\/succinctstatement\/lyfnua\/\"]}]},{\"@type\":\"BreadcrumbList\",\"@id\":\"https:\/\/www.mymsd.ch\/de\/succinctstatement\/lyfnua\/#breadcrumb\",\"itemListElement\":[{\"@type\":\"ListItem\",\"position\":1,\"name\":\"Home\",\"item\":\"https:\/\/www.mymsd.ch\/de\/\"},{\"@type\":\"ListItem\",\"position\":2,\"name\":\"Product Succinct Statement\",\"item\":\"https:\/\/www.mymsd.ch\/de\/succinctstatement\/\"},{\"@type\":\"ListItem\",\"position\":3,\"name\":\"KFI Lyfnua\u00ae (gefapixant)\"}]},{\"@type\":\"WebSite\",\"@id\":\"https:\/\/www.mymsd.ch\/de\/#website\",\"url\":\"https:\/\/www.mymsd.ch\/de\/\",\"name\":\"MyMSD.ch DE\",\"description\":\"\",\"publisher\":{\"@id\":\"https:\/\/www.mymsd.ch\/de\/#organization\"},\"potentialAction\":[{\"@type\":\"SearchAction\",\"target\":{\"@type\":\"EntryPoint\",\"urlTemplate\":\"https:\/\/www.mymsd.ch\/de\/?s={search_term_string}\"},\"query-input\":{\"@type\":\"PropertyValueSpecification\",\"valueRequired\":true,\"valueName\":\"search_term_string\"}}],\"inLanguage\":\"de-CH\"},{\"@type\":\"Organization\",\"@id\":\"https:\/\/www.mymsd.ch\/de\/#organization\",\"name\":\"MSD Switzerland\",\"url\":\"https:\/\/www.mymsd.ch\/de\/\",\"logo\":{\"@type\":\"ImageObject\",\"inLanguage\":\"de-CH\",\"@id\":\"https:\/\/www.mymsd.ch\/de\/#\/schema\/logo\/image\/\",\"url\":\"https:\/\/www.mymsd.ch\/de\/wp-content\/uploads\/sites\/13\/2022\/03\/02852_MSD_Logo_W-Anthem_Vertical_TealGrey_RGB.png\",\"contentUrl\":\"https:\/\/www.mymsd.ch\/de\/wp-content\/uploads\/sites\/13\/2022\/03\/02852_MSD_Logo_W-Anthem_Vertical_TealGrey_RGB.png\",\"width\":2186,\"height\":2134,\"caption\":\"MSD Switzerland\"},\"image\":{\"@id\":\"https:\/\/www.mymsd.ch\/de\/#\/schema\/logo\/image\/\"}}]}<\/script>\n<!-- \/ Yoast SEO plugin. -->","yoast_head_json":{"title":"KFI Lyfnua\u00ae (gefapixant) - MyMSD.ch DE","robots":{"index":"noindex","follow":"nofollow"},"og_locale":"de_DE","og_type":"article","og_title":"KFI Lyfnua\u00ae (gefapixant) - MyMSD.ch DE","og_description":"Kurzfachinformation Lyfnua\u00ae (gefapixant) \u25bc Dieses Arzneimittel unterliegt einer zus\u00e4tzlichen \u00dcberwachung. F\u00fcr weitere Informationen, siehe Fachinformation (Lyfnua\u00ae) auf www.swissmedicinfo-pro.ch. Lyfnua\u00ae: W: [&hellip;]","og_url":"https:\/\/www.mymsd.ch\/de\/succinctstatement\/lyfnua\/","og_site_name":"MyMSD.ch DE","article_modified_time":"2026-02-17T09:17:30+00:00","og_image":[{"width":2186,"height":2134,"url":"https:\/\/www.mymsd.ch\/de\/wp-content\/uploads\/sites\/13\/2022\/03\/02852_MSD_Logo_W-Anthem_Vertical_TealGrey_RGB.png","type":"image\/png"}],"twitter_card":"summary_large_image","twitter_misc":{"Gesch\u00e4tzte Lesezeit":"1 minute"},"schema":{"@context":"https:\/\/schema.org","@graph":[{"@type":"WebPage","@id":"https:\/\/www.mymsd.ch\/de\/succinctstatement\/lyfnua\/","url":"https:\/\/www.mymsd.ch\/de\/succinctstatement\/lyfnua\/","name":"KFI Lyfnua\u00ae (gefapixant) - MyMSD.ch DE","isPartOf":{"@id":"https:\/\/www.mymsd.ch\/de\/#website"},"datePublished":"2024-10-30T11:32:36+00:00","dateModified":"2026-02-17T09:17:30+00:00","breadcrumb":{"@id":"https:\/\/www.mymsd.ch\/de\/succinctstatement\/lyfnua\/#breadcrumb"},"inLanguage":"de-CH","potentialAction":[{"@type":"ReadAction","target":["https:\/\/www.mymsd.ch\/de\/succinctstatement\/lyfnua\/"]}]},{"@type":"BreadcrumbList","@id":"https:\/\/www.mymsd.ch\/de\/succinctstatement\/lyfnua\/#breadcrumb","itemListElement":[{"@type":"ListItem","position":1,"name":"Home","item":"https:\/\/www.mymsd.ch\/de\/"},{"@type":"ListItem","position":2,"name":"Product Succinct Statement","item":"https:\/\/www.mymsd.ch\/de\/succinctstatement\/"},{"@type":"ListItem","position":3,"name":"KFI Lyfnua\u00ae (gefapixant)"}]},{"@type":"WebSite","@id":"https:\/\/www.mymsd.ch\/de\/#website","url":"https:\/\/www.mymsd.ch\/de\/","name":"MyMSD.ch DE","description":"","publisher":{"@id":"https:\/\/www.mymsd.ch\/de\/#organization"},"potentialAction":[{"@type":"SearchAction","target":{"@type":"EntryPoint","urlTemplate":"https:\/\/www.mymsd.ch\/de\/?s={search_term_string}"},"query-input":{"@type":"PropertyValueSpecification","valueRequired":true,"valueName":"search_term_string"}}],"inLanguage":"de-CH"},{"@type":"Organization","@id":"https:\/\/www.mymsd.ch\/de\/#organization","name":"MSD Switzerland","url":"https:\/\/www.mymsd.ch\/de\/","logo":{"@type":"ImageObject","inLanguage":"de-CH","@id":"https:\/\/www.mymsd.ch\/de\/#\/schema\/logo\/image\/","url":"https:\/\/www.mymsd.ch\/de\/wp-content\/uploads\/sites\/13\/2022\/03\/02852_MSD_Logo_W-Anthem_Vertical_TealGrey_RGB.png","contentUrl":"https:\/\/www.mymsd.ch\/de\/wp-content\/uploads\/sites\/13\/2022\/03\/02852_MSD_Logo_W-Anthem_Vertical_TealGrey_RGB.png","width":2186,"height":2134,"caption":"MSD Switzerland"},"image":{"@id":"https:\/\/www.mymsd.ch\/de\/#\/schema\/logo\/image\/"}}]}},"_links":{"self":[{"href":"https:\/\/www.mymsd.ch\/de\/wp-json\/wp\/v2\/pages\/117883","targetHints":{"allow":["GET"]}}],"collection":[{"href":"https:\/\/www.mymsd.ch\/de\/wp-json\/wp\/v2\/pages"}],"about":[{"href":"https:\/\/www.mymsd.ch\/de\/wp-json\/wp\/v2\/types\/page"}],"author":[{"embeddable":true,"href":"https:\/\/www.mymsd.ch\/de\/wp-json\/wp\/v2\/users\/73172"}],"replies":[{"embeddable":true,"href":"https:\/\/www.mymsd.ch\/de\/wp-json\/wp\/v2\/comments?post=117883"}],"version-history":[{"count":7,"href":"https:\/\/www.mymsd.ch\/de\/wp-json\/wp\/v2\/pages\/117883\/revisions"}],"predecessor-version":[{"id":128413,"href":"https:\/\/www.mymsd.ch\/de\/wp-json\/wp\/v2\/pages\/117883\/revisions\/128413"}],"up":[{"embeddable":true,"href":"https:\/\/www.mymsd.ch\/de\/wp-json\/wp\/v2\/pages\/114174"}],"wp:attachment":[{"href":"https:\/\/www.mymsd.ch\/de\/wp-json\/wp\/v2\/media?parent=117883"}],"wp:term":[{"taxonomy":"category","embeddable":true,"href":"https:\/\/www.mymsd.ch\/de\/wp-json\/wp\/v2\/categories?post=117883"},{"taxonomy":"post_tag","embeddable":true,"href":"https:\/\/www.mymsd.ch\/de\/wp-json\/wp\/v2\/tags?post=117883"},{"taxonomy":"ga4_page_audience","embeddable":true,"href":"https:\/\/www.mymsd.ch\/de\/wp-json\/wp\/v2\/ga4_page_audience?post=117883"},{"taxonomy":"ga4_page_birn_id","embeddable":true,"href":"https:\/\/www.mymsd.ch\/de\/wp-json\/wp\/v2\/ga4_page_birn_id?post=117883"},{"taxonomy":"ga4_page_branding","embeddable":true,"href":"https:\/\/www.mymsd.ch\/de\/wp-json\/wp\/v2\/ga4_page_branding?post=117883"},{"taxonomy":"ga4_page_businessunit","embeddable":true,"href":"https:\/\/www.mymsd.ch\/de\/wp-json\/wp\/v2\/ga4_page_businessunit?post=117883"},{"taxonomy":"ga4_page_campaign","embeddable":true,"href":"https:\/\/www.mymsd.ch\/de\/wp-json\/wp\/v2\/ga4_page_campaign?post=117883"},{"taxonomy":"ga4_page_content_purpose","embeddable":true,"href":"https:\/\/www.mymsd.ch\/de\/wp-json\/wp\/v2\/ga4_page_content_purpose?post=117883"},{"taxonomy":"ga4_page_customer_journey_stage","embeddable":true,"href":"https:\/\/www.mymsd.ch\/de\/wp-json\/wp\/v2\/ga4_page_customer_journey_stage?post=117883"},{"taxonomy":"ga4_page_customer_specialty","embeddable":true,"href":"https:\/\/www.mymsd.ch\/de\/wp-json\/wp\/v2\/ga4_page_customer_specialty?post=117883"},{"taxonomy":"ga4_page_experience","embeddable":true,"href":"https:\/\/www.mymsd.ch\/de\/wp-json\/wp\/v2\/ga4_page_experience?post=117883"},{"taxonomy":"ga4_page_indication","embeddable":true,"href":"https:\/\/www.mymsd.ch\/de\/wp-json\/wp\/v2\/ga4_page_indication?post=117883"},{"taxonomy":"ga4_page_material_intent","embeddable":true,"href":"https:\/\/www.mymsd.ch\/de\/wp-json\/wp\/v2\/ga4_page_material_intent?post=117883"},{"taxonomy":"ga4_page_product","embeddable":true,"href":"https:\/\/www.mymsd.ch\/de\/wp-json\/wp\/v2\/ga4_page_product?post=117883"},{"taxonomy":"ga4_page_region","embeddable":true,"href":"https:\/\/www.mymsd.ch\/de\/wp-json\/wp\/v2\/ga4_page_region?post=117883"},{"taxonomy":"ga4_page_therapeuticarea","embeddable":true,"href":"https:\/\/www.mymsd.ch\/de\/wp-json\/wp\/v2\/ga4_page_therapeuticarea?post=117883"},{"taxonomy":"tx-therapeutic-area","embeddable":true,"href":"https:\/\/www.mymsd.ch\/de\/wp-json\/wp\/v2\/tx-therapeutic-area?post=117883"},{"taxonomy":"tx-product","embeddable":true,"href":"https:\/\/www.mymsd.ch\/de\/wp-json\/wp\/v2\/tx-product?post=117883"},{"taxonomy":"tx-pathology","embeddable":true,"href":"https:\/\/www.mymsd.ch\/de\/wp-json\/wp\/v2\/tx-pathology?post=117883"},{"taxonomy":"tx-content-type","embeddable":true,"href":"https:\/\/www.mymsd.ch\/de\/wp-json\/wp\/v2\/tx-content-type?post=117883"},{"taxonomy":"tx-active-ingredient","embeddable":true,"href":"https:\/\/www.mymsd.ch\/de\/wp-json\/wp\/v2\/tx-active-ingredient?post=117883"},{"taxonomy":"access","embeddable":true,"href":"https:\/\/www.mymsd.ch\/de\/wp-json\/wp\/v2\/access?post=117883"},{"taxonomy":"user_status","embeddable":true,"href":"https:\/\/www.mymsd.ch\/de\/wp-json\/wp\/v2\/user_status?post=117883"},{"taxonomy":"user_role","embeddable":true,"href":"https:\/\/www.mymsd.ch\/de\/wp-json\/wp\/v2\/user_role?post=117883"}],"curies":[{"name":"wp","href":"https:\/\/api.w.org\/{rel}","templated":true}]}}