{"id":116017,"date":"2024-09-18T07:04:05","date_gmt":"2024-09-18T07:04:05","guid":{"rendered":"https:\/\/www.mymsd.ch\/de\/?page_id=116017"},"modified":"2026-02-04T09:34:09","modified_gmt":"2026-02-04T09:34:09","slug":"hbvaxpro","status":"publish","type":"page","link":"https:\/\/www.mymsd.ch\/de\/succinctstatement\/hbvaxpro\/","title":{"rendered":"KFI HBVAXPRO\u00ae"},"content":{"rendered":"\n<h1 class=\"wp-block-heading has-border-color has-has-red-border-color-border-color has-teal-500-color has-text-color  mhh-mcn-v1-heading mhh-mcn-v1-heading--9c4a1abeda4abd1cee4799e9e9c8241d\">Kurzfachinformation HBVAXPRO<sup>\u00ae<\/sup> (Hepatitis B Impfstoff)<\/h1>\n\n\n\n<p class=\"has-border-color has-has-red-border-color-border-color   mhh-mcn-v1-paragraph mhh-mcn-v1-paragraph--b3e4b90f278f059f4c0756097dc9a200\"><strong>HBVAXPRO<sup>\u00ae<\/sup><\/strong>:<strong> W:<\/strong> Hepatitis B Impfstoff; <strong>I: <\/strong>Immunisierung gegen eine Infektion mit dem Hepatitis B-Virus (alle bekannten Subtypen); <strong>D:<\/strong> Schema I: Initial, nach 1 Monat, nach 6 Monaten; Schema II: Initial, nach 1 Monat, nach 2 Monaten, nach 12 Monaten; Schema III: Initial, nach 4\u20136 Monaten. <em>Erwachsene:<\/em> HBVAXPRO<sup>\u00ae<\/sup> 10, Schema I oder II. <em>Dialyse- und Pr\u00e4dialysepatienten:<\/em>HBVAXPRO<sup>\u00ae<\/sup> 40 Dialyse, Schema I. <em>Adoleszente 11\u201315 Jahre:<\/em>HBVAXPRO<sup>\u00ae<\/sup> 10, Schema III; <strong>KI:<\/strong> \u00dcberempfindlichkeit gegen eine Substanz im Impfstoff; schwere, mit Fieber einhergehende Erkrankungen; <strong>WH:<\/strong> Vorsicht und \u00dcberwachung bei schweren Herz- und\/oder Lungenleiden sowie allgemeinen Krankheitszust\u00e4nden mit und ohne Fieber; bei einer \u00dcberempfindlichkeitsreaktion nach Applikation keine weitere Injektion von HBVAXPRO<sup>\u00ae<\/sup>; <strong>DDI: <\/strong>Bei Immundefizienz oder w\u00e4hrend einer immunsuppressiven Therapie kann der Impferfolg eingeschr\u00e4nkt sein oder ausbleiben; <strong>S\/S: <\/strong>Nur nach sorgf\u00e4ltiger Nutzen-Risiko-Abw\u00e4gung anwenden; <strong>UAW:<\/strong> <em>H\u00e4ufig<\/em>: Lokalreaktionen an der Injektionsstelle: vor\u00fcbergehende Druckempfindlichkeit, R\u00f6tung und Verh\u00e4rtung; <strong>P:<\/strong> HBVAXPRO<sup>\u00ae<\/sup> 10: Inj Susp 10 \u03bcg\/1 ml; HBVAXPRO<sup>\u00ae<\/sup> 40 Dialyse: Inj Susp 40 \u03bcg\/1 ml;<strong> AK: <\/strong>B;<strong> Z: <\/strong>MSD Merck Sharp &amp; Dohme AG, Werftestrasse 4, 6005 CH-Luzern; (V1.0); CH-HBD-00001.<\/p>\n\n\n\n<hr class=\"wp-block-separator has-text-color has-gray-300-color has-alpha-channel-opacity has-gray-300-background-color has-background\" \/>\n\n\n\n<p class=\"has-object-object-font-size has-border-color has-has-red-border-color-border-color   mhh-mcn-v1-paragraph mhh-mcn-v1-paragraph--154ce82fcf3c452969c568f391197463\"><em>Konsultieren Sie bitte vor einer Verschreibung die vollst\u00e4ndige Fachinformation publiziert auf\u00a0<\/em><a href=\"https:\/\/www.swissmedicinfo-pro.ch\/ShowText.aspx?textType=FI&amp;lang=DE&amp;authNr=00663\" target=\"_blank\" rel=\"noreferrer noopener\">www.swissmedicinfo-pro.ch<\/a><em>.<\/em><\/p>\n","protected":false},"excerpt":{"rendered":"<p>Kurzfachinformation HBVAXPRO\u00ae (Hepatitis B Impfstoff) HBVAXPRO\u00ae: W: Hepatitis B Impfstoff; I: Immunisierung gegen eine Infektion mit dem Hepatitis B-Virus (alle [&hellip;]<\/p>\n","protected":false},"author":115978,"featured_media":0,"parent":114174,"menu_order":0,"comment_status":"closed","ping_status":"closed","template":"","meta":{"_mhh_sticky_footer_settings":{"entityId":0},"_mhh_sticky_footer_posts":"","_mhh_sticky_footer_expanded":false,"_mhh_mcn_text_direction":"","_mhh_mcn_language":"","_mhh_mcn_left_sidebar_settings":{"entityId":0},"_mhh_mcn_sidebar_settings":{"entityId":0},"mhh_mcn_side_navigation_style":{"fontSize":{"l":"","m":"","s":""},"lineHeight":{"l":1.5,"m":1.5,"s":1.5},"itemColor":"","hoverItemColor":"","currentItemColor":"","borderItemColor":"","backgroundItemHoverColor":"","themeColor":""},"_mhh_mcn_child_page_navigation":{"isActive":false,"isSticky":false},"hide_header":false,"show_top_bar":false,"hide_footer":false,"full_width_layout":false,"icon":null,"job_code":"","primary_tag":1711,"editor_notices":[],"mconnectHideShareThis":false,"footnotes":"","mconnectIsArchiveTemplate":false,"mconnectArchiveFiltersDisabled":false,"mconnectArchiveLockAllPresetFilters":false,"mconnectArchiveHidePageSubmenu":false,"mconnectArchiveShowParentPageOnly":false,"mconnectArchiveDefaultOrder":"DESC","mconnectArchiveDefaultOrderBy":"date","mconnectArchivePostsPerPage":12,"mconnectArchivePostTypes":[],"mconnectArchiveAllowFilterBy":["category","tx-content-type","tx-product","tx-pathology","tx-active-ingredient","tx-therapeutic-area"],"mconnectArchiveTaxonomyOrder":[],"mconnectArchiveFilterSorting":["active","is_keyword","is_date"],"mconnectArchiveContentItemStyle":{"showExcerpt":true,"showImage":true,"showIcon":false,"showPrimaryTag":true,"showBorder":false,"showDates":false,"showCta":true,"isCard":false,"hasBackground":false,"showMetadata":true},"mconnectArchiveLayout":{"type":"list","hasFeatured":false},"mconnectDynamicTaxonomyEntities":[],"mconnectArchiveTerms_category":[],"mconnectArchiveAllowTerms_category":[],"mconnectArchiveTerms_tx-content-type":[],"mconnectArchiveAllowTerms_tx-content-type":[],"mconnectArchiveTerms_tx-product":[],"mconnectArchiveAllowTerms_tx-product":[],"mconnectArchiveTerms_tx-pathology":[],"mconnectArchiveAllowTerms_tx-pathology":[],"mconnectArchiveTerms_tx-active-ingredient":[],"mconnectArchiveAllowTerms_tx-active-ingredient":[],"mconnectArchiveTerms_tx-therapeutic-area":[],"mconnectArchiveAllowTerms_tx-therapeutic-area":[],"mconnectArchiveAllowTerms_dynamic-taxonomy":[],"mconnectArchiveLegacyDefaultTermsApplied":false,"mconnectContentUpdatesPerPage":10,"mconnectContentUpdatesViewMoreUrl":"","mconnectContentUpdatesTerms_tx-content-type":[],"mconnectContentUpdatesTerms_tx-product":[],"mconnectContentUpdatesTerms_tx-pathology":[],"mconnectContentUpdatesTerms_tx-active-ingredient":[],"mconnectContentUpdatesTerms_tx-therapeutic-area":[],"sidebar_toogle":0,"sidebar_toogle_notification_warning":true,"sidebar_toogle_notification_alert":true,"content_expiration_sidebar_date":"","content_expiration_sidebar_expired_post_status":"","content_expiration_sidebar_redirection":""},"categories":[1710],"tags":[1711],"ga4_page_audience":[],"ga4_page_birn_id":[],"ga4_page_branding":[989],"ga4_page_businessunit":[997],"ga4_page_campaign":[],"ga4_page_content_purpose":[1636],"ga4_page_customer_journey_stage":[],"ga4_page_customer_specialty":[],"ga4_page_experience":[],"ga4_page_indication":[],"ga4_page_material_intent":[1208],"ga4_page_product":[1316],"ga4_page_region":[1563],"ga4_page_therapeuticarea":[1615],"tx-therapeutic-area":[610],"tx-product":[618],"tx-pathology":[],"tx-content-type":[1712],"tx-active-ingredient":[],"access":[],"user_status":[],"user_role":[],"class_list":["post-116017","page","type-page","status-publish","hentry","category-kfi","tag-kfi"],"yoast_head":"<!-- This site is optimized with the Yoast SEO plugin v23.9 - https:\/\/yoast.com\/wordpress\/plugins\/seo\/ -->\n<title>KFI HBVAXPRO\u00ae - MyMSD.ch DE<\/title>\n<meta name=\"robots\" content=\"noindex, nofollow\" \/>\n<meta property=\"og:locale\" content=\"de_DE\" \/>\n<meta property=\"og:type\" content=\"article\" \/>\n<meta property=\"og:title\" content=\"KFI HBVAXPRO\u00ae - MyMSD.ch DE\" \/>\n<meta property=\"og:description\" content=\"Kurzfachinformation HBVAXPRO\u00ae (Hepatitis B Impfstoff) HBVAXPRO\u00ae: W: Hepatitis B Impfstoff; I: Immunisierung gegen eine Infektion mit dem Hepatitis B-Virus (alle [&hellip;]\" \/>\n<meta property=\"og:url\" content=\"https:\/\/www.mymsd.ch\/de\/succinctstatement\/hbvaxpro\/\" \/>\n<meta property=\"og:site_name\" content=\"MyMSD.ch DE\" \/>\n<meta property=\"article:modified_time\" content=\"2026-02-04T09:34:09+00:00\" \/>\n<meta property=\"og:image\" content=\"https:\/\/www.mymsd.ch\/de\/wp-content\/uploads\/sites\/13\/2022\/03\/02852_MSD_Logo_W-Anthem_Vertical_TealGrey_RGB.png\" \/>\n\t<meta property=\"og:image:width\" content=\"2186\" \/>\n\t<meta property=\"og:image:height\" content=\"2134\" \/>\n\t<meta property=\"og:image:type\" content=\"image\/png\" \/>\n<meta name=\"twitter:card\" content=\"summary_large_image\" \/>\n<meta name=\"twitter:label1\" content=\"Gesch\u00e4tzte Lesezeit\" \/>\n\t<meta name=\"twitter:data1\" content=\"1 minute\" \/>\n<script type=\"application\/ld+json\" class=\"yoast-schema-graph\">{\"@context\":\"https:\/\/schema.org\",\"@graph\":[{\"@type\":\"WebPage\",\"@id\":\"https:\/\/www.mymsd.ch\/de\/succinctstatement\/hbvaxpro\/\",\"url\":\"https:\/\/www.mymsd.ch\/de\/succinctstatement\/hbvaxpro\/\",\"name\":\"KFI HBVAXPRO\u00ae - MyMSD.ch DE\",\"isPartOf\":{\"@id\":\"https:\/\/www.mymsd.ch\/de\/#website\"},\"datePublished\":\"2024-09-18T07:04:05+00:00\",\"dateModified\":\"2026-02-04T09:34:09+00:00\",\"breadcrumb\":{\"@id\":\"https:\/\/www.mymsd.ch\/de\/succinctstatement\/hbvaxpro\/#breadcrumb\"},\"inLanguage\":\"de-CH\",\"potentialAction\":[{\"@type\":\"ReadAction\",\"target\":[\"https:\/\/www.mymsd.ch\/de\/succinctstatement\/hbvaxpro\/\"]}]},{\"@type\":\"BreadcrumbList\",\"@id\":\"https:\/\/www.mymsd.ch\/de\/succinctstatement\/hbvaxpro\/#breadcrumb\",\"itemListElement\":[{\"@type\":\"ListItem\",\"position\":1,\"name\":\"Home\",\"item\":\"https:\/\/www.mymsd.ch\/de\/\"},{\"@type\":\"ListItem\",\"position\":2,\"name\":\"Product Succinct Statement\",\"item\":\"https:\/\/www.mymsd.ch\/de\/succinctstatement\/\"},{\"@type\":\"ListItem\",\"position\":3,\"name\":\"KFI HBVAXPRO\u00ae\"}]},{\"@type\":\"WebSite\",\"@id\":\"https:\/\/www.mymsd.ch\/de\/#website\",\"url\":\"https:\/\/www.mymsd.ch\/de\/\",\"name\":\"MyMSD.ch DE\",\"description\":\"\",\"publisher\":{\"@id\":\"https:\/\/www.mymsd.ch\/de\/#organization\"},\"potentialAction\":[{\"@type\":\"SearchAction\",\"target\":{\"@type\":\"EntryPoint\",\"urlTemplate\":\"https:\/\/www.mymsd.ch\/de\/?s={search_term_string}\"},\"query-input\":{\"@type\":\"PropertyValueSpecification\",\"valueRequired\":true,\"valueName\":\"search_term_string\"}}],\"inLanguage\":\"de-CH\"},{\"@type\":\"Organization\",\"@id\":\"https:\/\/www.mymsd.ch\/de\/#organization\",\"name\":\"MSD Switzerland\",\"url\":\"https:\/\/www.mymsd.ch\/de\/\",\"logo\":{\"@type\":\"ImageObject\",\"inLanguage\":\"de-CH\",\"@id\":\"https:\/\/www.mymsd.ch\/de\/#\/schema\/logo\/image\/\",\"url\":\"https:\/\/www.mymsd.ch\/de\/wp-content\/uploads\/sites\/13\/2022\/03\/02852_MSD_Logo_W-Anthem_Vertical_TealGrey_RGB.png\",\"contentUrl\":\"https:\/\/www.mymsd.ch\/de\/wp-content\/uploads\/sites\/13\/2022\/03\/02852_MSD_Logo_W-Anthem_Vertical_TealGrey_RGB.png\",\"width\":2186,\"height\":2134,\"caption\":\"MSD Switzerland\"},\"image\":{\"@id\":\"https:\/\/www.mymsd.ch\/de\/#\/schema\/logo\/image\/\"}}]}<\/script>\n<!-- \/ Yoast SEO plugin. -->","yoast_head_json":{"title":"KFI HBVAXPRO\u00ae - MyMSD.ch DE","robots":{"index":"noindex","follow":"nofollow"},"og_locale":"de_DE","og_type":"article","og_title":"KFI HBVAXPRO\u00ae - MyMSD.ch DE","og_description":"Kurzfachinformation HBVAXPRO\u00ae (Hepatitis B Impfstoff) HBVAXPRO\u00ae: W: Hepatitis B Impfstoff; I: Immunisierung gegen eine Infektion mit dem Hepatitis B-Virus (alle [&hellip;]","og_url":"https:\/\/www.mymsd.ch\/de\/succinctstatement\/hbvaxpro\/","og_site_name":"MyMSD.ch DE","article_modified_time":"2026-02-04T09:34:09+00:00","og_image":[{"width":2186,"height":2134,"url":"https:\/\/www.mymsd.ch\/de\/wp-content\/uploads\/sites\/13\/2022\/03\/02852_MSD_Logo_W-Anthem_Vertical_TealGrey_RGB.png","type":"image\/png"}],"twitter_card":"summary_large_image","twitter_misc":{"Gesch\u00e4tzte Lesezeit":"1 minute"},"schema":{"@context":"https:\/\/schema.org","@graph":[{"@type":"WebPage","@id":"https:\/\/www.mymsd.ch\/de\/succinctstatement\/hbvaxpro\/","url":"https:\/\/www.mymsd.ch\/de\/succinctstatement\/hbvaxpro\/","name":"KFI HBVAXPRO\u00ae - MyMSD.ch DE","isPartOf":{"@id":"https:\/\/www.mymsd.ch\/de\/#website"},"datePublished":"2024-09-18T07:04:05+00:00","dateModified":"2026-02-04T09:34:09+00:00","breadcrumb":{"@id":"https:\/\/www.mymsd.ch\/de\/succinctstatement\/hbvaxpro\/#breadcrumb"},"inLanguage":"de-CH","potentialAction":[{"@type":"ReadAction","target":["https:\/\/www.mymsd.ch\/de\/succinctstatement\/hbvaxpro\/"]}]},{"@type":"BreadcrumbList","@id":"https:\/\/www.mymsd.ch\/de\/succinctstatement\/hbvaxpro\/#breadcrumb","itemListElement":[{"@type":"ListItem","position":1,"name":"Home","item":"https:\/\/www.mymsd.ch\/de\/"},{"@type":"ListItem","position":2,"name":"Product Succinct Statement","item":"https:\/\/www.mymsd.ch\/de\/succinctstatement\/"},{"@type":"ListItem","position":3,"name":"KFI HBVAXPRO\u00ae"}]},{"@type":"WebSite","@id":"https:\/\/www.mymsd.ch\/de\/#website","url":"https:\/\/www.mymsd.ch\/de\/","name":"MyMSD.ch DE","description":"","publisher":{"@id":"https:\/\/www.mymsd.ch\/de\/#organization"},"potentialAction":[{"@type":"SearchAction","target":{"@type":"EntryPoint","urlTemplate":"https:\/\/www.mymsd.ch\/de\/?s={search_term_string}"},"query-input":{"@type":"PropertyValueSpecification","valueRequired":true,"valueName":"search_term_string"}}],"inLanguage":"de-CH"},{"@type":"Organization","@id":"https:\/\/www.mymsd.ch\/de\/#organization","name":"MSD Switzerland","url":"https:\/\/www.mymsd.ch\/de\/","logo":{"@type":"ImageObject","inLanguage":"de-CH","@id":"https:\/\/www.mymsd.ch\/de\/#\/schema\/logo\/image\/","url":"https:\/\/www.mymsd.ch\/de\/wp-content\/uploads\/sites\/13\/2022\/03\/02852_MSD_Logo_W-Anthem_Vertical_TealGrey_RGB.png","contentUrl":"https:\/\/www.mymsd.ch\/de\/wp-content\/uploads\/sites\/13\/2022\/03\/02852_MSD_Logo_W-Anthem_Vertical_TealGrey_RGB.png","width":2186,"height":2134,"caption":"MSD Switzerland"},"image":{"@id":"https:\/\/www.mymsd.ch\/de\/#\/schema\/logo\/image\/"}}]}},"_links":{"self":[{"href":"https:\/\/www.mymsd.ch\/de\/wp-json\/wp\/v2\/pages\/116017","targetHints":{"allow":["GET"]}}],"collection":[{"href":"https:\/\/www.mymsd.ch\/de\/wp-json\/wp\/v2\/pages"}],"about":[{"href":"https:\/\/www.mymsd.ch\/de\/wp-json\/wp\/v2\/types\/page"}],"author":[{"embeddable":true,"href":"https:\/\/www.mymsd.ch\/de\/wp-json\/wp\/v2\/users\/115978"}],"replies":[{"embeddable":true,"href":"https:\/\/www.mymsd.ch\/de\/wp-json\/wp\/v2\/comments?post=116017"}],"version-history":[{"count":5,"href":"https:\/\/www.mymsd.ch\/de\/wp-json\/wp\/v2\/pages\/116017\/revisions"}],"predecessor-version":[{"id":127379,"href":"https:\/\/www.mymsd.ch\/de\/wp-json\/wp\/v2\/pages\/116017\/revisions\/127379"}],"up":[{"embeddable":true,"href":"https:\/\/www.mymsd.ch\/de\/wp-json\/wp\/v2\/pages\/114174"}],"wp:attachment":[{"href":"https:\/\/www.mymsd.ch\/de\/wp-json\/wp\/v2\/media?parent=116017"}],"wp:term":[{"taxonomy":"category","embeddable":true,"href":"https:\/\/www.mymsd.ch\/de\/wp-json\/wp\/v2\/categories?post=116017"},{"taxonomy":"post_tag","embeddable":true,"href":"https:\/\/www.mymsd.ch\/de\/wp-json\/wp\/v2\/tags?post=116017"},{"taxonomy":"ga4_page_audience","embeddable":true,"href":"https:\/\/www.mymsd.ch\/de\/wp-json\/wp\/v2\/ga4_page_audience?post=116017"},{"taxonomy":"ga4_page_birn_id","embeddable":true,"href":"https:\/\/www.mymsd.ch\/de\/wp-json\/wp\/v2\/ga4_page_birn_id?post=116017"},{"taxonomy":"ga4_page_branding","embeddable":true,"href":"https:\/\/www.mymsd.ch\/de\/wp-json\/wp\/v2\/ga4_page_branding?post=116017"},{"taxonomy":"ga4_page_businessunit","embeddable":true,"href":"https:\/\/www.mymsd.ch\/de\/wp-json\/wp\/v2\/ga4_page_businessunit?post=116017"},{"taxonomy":"ga4_page_campaign","embeddable":true,"href":"https:\/\/www.mymsd.ch\/de\/wp-json\/wp\/v2\/ga4_page_campaign?post=116017"},{"taxonomy":"ga4_page_content_purpose","embeddable":true,"href":"https:\/\/www.mymsd.ch\/de\/wp-json\/wp\/v2\/ga4_page_content_purpose?post=116017"},{"taxonomy":"ga4_page_customer_journey_stage","embeddable":true,"href":"https:\/\/www.mymsd.ch\/de\/wp-json\/wp\/v2\/ga4_page_customer_journey_stage?post=116017"},{"taxonomy":"ga4_page_customer_specialty","embeddable":true,"href":"https:\/\/www.mymsd.ch\/de\/wp-json\/wp\/v2\/ga4_page_customer_specialty?post=116017"},{"taxonomy":"ga4_page_experience","embeddable":true,"href":"https:\/\/www.mymsd.ch\/de\/wp-json\/wp\/v2\/ga4_page_experience?post=116017"},{"taxonomy":"ga4_page_indication","embeddable":true,"href":"https:\/\/www.mymsd.ch\/de\/wp-json\/wp\/v2\/ga4_page_indication?post=116017"},{"taxonomy":"ga4_page_material_intent","embeddable":true,"href":"https:\/\/www.mymsd.ch\/de\/wp-json\/wp\/v2\/ga4_page_material_intent?post=116017"},{"taxonomy":"ga4_page_product","embeddable":true,"href":"https:\/\/www.mymsd.ch\/de\/wp-json\/wp\/v2\/ga4_page_product?post=116017"},{"taxonomy":"ga4_page_region","embeddable":true,"href":"https:\/\/www.mymsd.ch\/de\/wp-json\/wp\/v2\/ga4_page_region?post=116017"},{"taxonomy":"ga4_page_therapeuticarea","embeddable":true,"href":"https:\/\/www.mymsd.ch\/de\/wp-json\/wp\/v2\/ga4_page_therapeuticarea?post=116017"},{"taxonomy":"tx-therapeutic-area","embeddable":true,"href":"https:\/\/www.mymsd.ch\/de\/wp-json\/wp\/v2\/tx-therapeutic-area?post=116017"},{"taxonomy":"tx-product","embeddable":true,"href":"https:\/\/www.mymsd.ch\/de\/wp-json\/wp\/v2\/tx-product?post=116017"},{"taxonomy":"tx-pathology","embeddable":true,"href":"https:\/\/www.mymsd.ch\/de\/wp-json\/wp\/v2\/tx-pathology?post=116017"},{"taxonomy":"tx-content-type","embeddable":true,"href":"https:\/\/www.mymsd.ch\/de\/wp-json\/wp\/v2\/tx-content-type?post=116017"},{"taxonomy":"tx-active-ingredient","embeddable":true,"href":"https:\/\/www.mymsd.ch\/de\/wp-json\/wp\/v2\/tx-active-ingredient?post=116017"},{"taxonomy":"access","embeddable":true,"href":"https:\/\/www.mymsd.ch\/de\/wp-json\/wp\/v2\/access?post=116017"},{"taxonomy":"user_status","embeddable":true,"href":"https:\/\/www.mymsd.ch\/de\/wp-json\/wp\/v2\/user_status?post=116017"},{"taxonomy":"user_role","embeddable":true,"href":"https:\/\/www.mymsd.ch\/de\/wp-json\/wp\/v2\/user_role?post=116017"}],"curies":[{"name":"wp","href":"https:\/\/api.w.org\/{rel}","templated":true}]}}