{"id":114245,"date":"2024-08-12T13:52:59","date_gmt":"2024-08-12T13:52:59","guid":{"rendered":"https:\/\/www.mymsd.ch\/de\/?page_id=114245"},"modified":"2026-02-17T09:20:12","modified_gmt":"2026-02-17T09:20:12","slug":"vaxneuvance","status":"publish","type":"page","link":"https:\/\/www.mymsd.ch\/de\/succinctstatement\/vaxneuvance\/","title":{"rendered":"KFI Vaxneuvance\u00ae"},"content":{"rendered":"\n<h1 class=\"wp-block-heading has-border-color has-has-red-border-color-border-color  mhh-mcn-v1-heading mhh-mcn-v1-heading--d7be09d57750332c0a4b5dfb66f0d000\"><mark class=\"has-inline-color has-teal-500-color\">Kurzfachinformation Vaxneuvance\u00ae (Pneumokokken-Polysaccharid-Konjugatimpfstoff (15-valent))<\/mark><\/h1>\n\n\n\n<p class=\"has-border-color has-has-red-border-color-border-color   mhh-mcn-v1-paragraph mhh-mcn-v1-paragraph--ef59abe4725c32d5dc5324c12a114b1b\">\u25bc Dieses Arzneimittel unterliegt einer zus\u00e4tzlichen \u00dcberwachung. F\u00fcr weitere Informationen, siehe Fachinformation (Vaxneuvance\u00ae) auf <a href=\"https:\/\/www.swissmedicinfo-pro.ch\/ShowText.aspx?textType=FI&amp;lang=DE&amp;authNr=68752\">www.swissmedicinfo-pro.ch<\/a>.<\/p>\n\n\n\n<p class=\"has-border-color has-has-red-border-color-border-color   mhh-mcn-v1-paragraph mhh-mcn-v1-paragraph--db0b018eebbb30642d6105b155b785bc\"><strong>Vaxneuvance\u00ae: W: <\/strong>Pneumokokken-Polysaccharid-Konjugatimpfstoff (15-valent).<strong> I:<\/strong> Erwachsene ab 65 Jahren: indiziert zur aktiven Immunisierung\/Pr\u00e4vention von invasiven Erkrankungen und Pneumonien, die durch Streptococcus pneumoniae verursacht werden. <strong>D:<\/strong> Erwachsene ab 65: 1 Dosis (0,5 ml). Intramuskul\u00e4re Injektion. <strong><em>Weitere Indikationen und die dazugeh\u00f6rigen Dosierungen f\u00fcr Erwachsene und p\u00e4diatrische Patienten entnehmen Sie bitte der Fachinformation.<\/em><\/strong> <strong>KI:<\/strong> \u00dcberempfindlichkeit gegen\u00fcber Wirk-\/Hilfsstoffen oder gegen andere Diphtherie-Toxoid-enthaltende Impfstoffe. <strong>WH:<\/strong> nicht intravaskul\u00e4r verabreichen. Anaphylaxie, Vorkehrungen treffen; bei akuten schweren febrilen Erkrankungen\/ Infektionen, Impftermin verschieben; Thrombozytopenie und Blutgerinnungsst\u00f6rungen; Risiko von Apnoe bei Fr\u00fchgeborenen, Atmung \u00fcberwachen; immungeschw\u00e4chte Personen k\u00f6nnen verminderte Antik\u00f6rper-Antwort aufweisen; sch\u00fctzt nur gegen die im Impfstoff enthaltenen Streptococcus-pneumoniae-Serotypen. <strong>DDI:<\/strong> Vaxneuvance mit quadrivalentem inaktivierten Grippeimpfstoff (Spaltimpfstoff, inaktiviert) untersucht. Immunantworten bei gleichzeitiger Gabe im Vergleich nicht unterlegen; keine Daten zur gleichzeitigen Anwendung mit anderen Impfstoffen; immer an unterschiedlichen Injektionsstellen anwenden. <strong>S\/S: <\/strong>nur begrenzte Erfahrungen; Nutzen-Risikoabw\u00e4gung; nicht bekannt, ob Vaxneuvance in die Muttermilch \u00fcbergeht; keine Fertilit\u00e4tsdaten f\u00fcr Menschen. <strong>UAW: <\/strong>Erwachsene: Schmerzen an der Injektionsstelle, Erm\u00fcdung, Myalgie, Kopfschmerzen, Schwellung an der Injektionsstelle, Erythem an der Injektionsstelle, Arthralgie; Kinder: Fieber \u2265 38 \u00b0C, Reizbarkeit, Somnolenz, Schmerzen an der Injektionsstelle, Erythem an der Injektionsstelle, verminderter Appetit, Verh\u00e4rtung an der Injektionsstelle und Schwellung an der Injektionsstelle, Erm\u00fcdung, Myalgie. <strong>P: <\/strong>1 oder 10 gebrauchsfertige Fertigspritzen mit je 2 separaten Nadeln. <strong>AK: <\/strong>B. <strong>Z:<\/strong> MSD Merck Sharp &amp; Dohme AG, Werftestrasse 4, 6005 Luzern, Schweiz. (V2.0); CH-PVC-00001.<\/p>\n\n\n\n<hr class=\"wp-block-separator has-text-color has-gray-300-color has-alpha-channel-opacity has-gray-300-background-color has-background\" \/>\n\n\n\n<p class=\"has-object-object-font-size has-border-color has-has-red-border-color-border-color   mhh-mcn-v1-paragraph mhh-mcn-v1-paragraph--c9f8a5d8ce4c16cd1c35de41b6902bc5\"><em>Konsultieren Sie bitte vor einer Verschreibung die vollst\u00e4ndige Fachinformation, publiziert auf der Homepage von Swissmedic (<a href=\"https:\/\/www.swissmedicinfo-pro.ch\/ShowText.aspx?textType=FI&amp;lang=DE&amp;authNr=68752\" target=\"_blank\" rel=\"noreferrer noopener\">www.swissmedicinfo-pro.ch<\/a>).<\/em><\/p>\n","protected":false},"excerpt":{"rendered":"<p>Kurzfachinformation Vaxneuvance\u00ae (Pneumokokken-Polysaccharid-Konjugatimpfstoff (15-valent)) \u25bc Dieses Arzneimittel unterliegt einer zus\u00e4tzlichen \u00dcberwachung. F\u00fcr weitere Informationen, siehe Fachinformation (Vaxneuvance\u00ae) auf www.swissmedicinfo-pro.ch. Vaxneuvance\u00ae: [&hellip;]<\/p>\n","protected":false},"author":73172,"featured_media":0,"parent":114174,"menu_order":0,"comment_status":"closed","ping_status":"closed","template":"","meta":{"_mhh_sticky_footer_settings":{"entityId":0},"_mhh_sticky_footer_posts":"","_mhh_sticky_footer_expanded":false,"_mhh_mcn_text_direction":"","_mhh_mcn_language":"","_mhh_mcn_left_sidebar_settings":{"entityId":0},"_mhh_mcn_sidebar_settings":{"entityId":0},"mhh_mcn_side_navigation_style":{"fontSize":{"l":"","m":"","s":""},"lineHeight":{"l":1.5,"m":1.5,"s":1.5},"itemColor":"","hoverItemColor":"","currentItemColor":"","borderItemColor":"","backgroundItemHoverColor":"","themeColor":""},"_mhh_mcn_child_page_navigation":{"isActive":false,"isSticky":false},"hide_header":false,"show_top_bar":false,"hide_footer":false,"full_width_layout":false,"icon":null,"job_code":"","primary_tag":1711,"editor_notices":[],"mconnectHideShareThis":false,"footnotes":"","mconnectIsArchiveTemplate":false,"mconnectArchiveFiltersDisabled":false,"mconnectArchiveLockAllPresetFilters":false,"mconnectArchiveHidePageSubmenu":false,"mconnectArchiveShowParentPageOnly":false,"mconnectArchiveDefaultOrder":"DESC","mconnectArchiveDefaultOrderBy":"date","mconnectArchivePostsPerPage":12,"mconnectArchivePostTypes":[],"mconnectArchiveAllowFilterBy":["category","tx-content-type","tx-product","tx-pathology","tx-active-ingredient","tx-therapeutic-area"],"mconnectArchiveTaxonomyOrder":[],"mconnectArchiveFilterSorting":["active","is_keyword","is_date"],"mconnectArchiveContentItemStyle":{"showExcerpt":true,"showImage":true,"showIcon":false,"showPrimaryTag":true,"showBorder":false,"showDates":false,"showCta":true,"isCard":false,"hasBackground":false,"showMetadata":true},"mconnectArchiveLayout":{"type":"list","hasFeatured":false},"mconnectDynamicTaxonomyEntities":[],"mconnectArchiveTerms_category":[],"mconnectArchiveAllowTerms_category":[],"mconnectArchiveTerms_tx-content-type":[],"mconnectArchiveAllowTerms_tx-content-type":[],"mconnectArchiveTerms_tx-product":[],"mconnectArchiveAllowTerms_tx-product":[],"mconnectArchiveTerms_tx-pathology":[],"mconnectArchiveAllowTerms_tx-pathology":[],"mconnectArchiveTerms_tx-active-ingredient":[],"mconnectArchiveAllowTerms_tx-active-ingredient":[],"mconnectArchiveTerms_tx-therapeutic-area":[],"mconnectArchiveAllowTerms_tx-therapeutic-area":[],"mconnectArchiveAllowTerms_dynamic-taxonomy":[],"mconnectArchiveLegacyDefaultTermsApplied":false,"mconnectContentUpdatesPerPage":10,"mconnectContentUpdatesViewMoreUrl":"","mconnectContentUpdatesTerms_tx-content-type":[],"mconnectContentUpdatesTerms_tx-product":[],"mconnectContentUpdatesTerms_tx-pathology":[],"mconnectContentUpdatesTerms_tx-active-ingredient":[],"mconnectContentUpdatesTerms_tx-therapeutic-area":[],"sidebar_toogle":0,"sidebar_toogle_notification_warning":true,"sidebar_toogle_notification_alert":true,"content_expiration_sidebar_date":"","content_expiration_sidebar_expired_post_status":"","content_expiration_sidebar_redirection":""},"categories":[1710],"tags":[1711],"ga4_page_audience":[],"ga4_page_birn_id":[],"ga4_page_branding":[989],"ga4_page_businessunit":[997],"ga4_page_campaign":[],"ga4_page_content_purpose":[1636],"ga4_page_customer_journey_stage":[],"ga4_page_customer_specialty":[],"ga4_page_experience":[],"ga4_page_indication":[],"ga4_page_material_intent":[1208],"ga4_page_product":[1395],"ga4_page_region":[1563],"ga4_page_therapeuticarea":[1615],"tx-therapeutic-area":[610],"tx-product":[950],"tx-pathology":[],"tx-content-type":[1712],"tx-active-ingredient":[],"access":[],"user_status":[],"user_role":[],"class_list":["post-114245","page","type-page","status-publish","hentry","category-kfi","tag-kfi"],"yoast_head":"<!-- This site is optimized with the Yoast SEO plugin v23.9 - https:\/\/yoast.com\/wordpress\/plugins\/seo\/ -->\n<title>KFI Vaxneuvance\u00ae - MyMSD.ch DE<\/title>\n<meta name=\"robots\" content=\"noindex, nofollow\" \/>\n<meta property=\"og:locale\" content=\"de_DE\" \/>\n<meta property=\"og:type\" content=\"article\" \/>\n<meta property=\"og:title\" content=\"KFI Vaxneuvance\u00ae - MyMSD.ch DE\" \/>\n<meta property=\"og:description\" content=\"Kurzfachinformation Vaxneuvance\u00ae (Pneumokokken-Polysaccharid-Konjugatimpfstoff (15-valent)) \u25bc Dieses Arzneimittel unterliegt einer zus\u00e4tzlichen \u00dcberwachung. F\u00fcr weitere Informationen, siehe Fachinformation (Vaxneuvance\u00ae) auf www.swissmedicinfo-pro.ch. Vaxneuvance\u00ae: [&hellip;]\" \/>\n<meta property=\"og:url\" content=\"https:\/\/www.mymsd.ch\/de\/succinctstatement\/vaxneuvance\/\" \/>\n<meta property=\"og:site_name\" content=\"MyMSD.ch DE\" \/>\n<meta property=\"article:modified_time\" content=\"2026-02-17T09:20:12+00:00\" \/>\n<meta property=\"og:image\" content=\"https:\/\/www.mymsd.ch\/de\/wp-content\/uploads\/sites\/13\/2022\/03\/02852_MSD_Logo_W-Anthem_Vertical_TealGrey_RGB.png\" \/>\n\t<meta property=\"og:image:width\" content=\"2186\" \/>\n\t<meta property=\"og:image:height\" content=\"2134\" \/>\n\t<meta property=\"og:image:type\" content=\"image\/png\" \/>\n<meta name=\"twitter:card\" content=\"summary_large_image\" \/>\n<meta name=\"twitter:label1\" content=\"Gesch\u00e4tzte Lesezeit\" \/>\n\t<meta name=\"twitter:data1\" content=\"2 minutes\" \/>\n<script type=\"application\/ld+json\" class=\"yoast-schema-graph\">{\"@context\":\"https:\/\/schema.org\",\"@graph\":[{\"@type\":\"WebPage\",\"@id\":\"https:\/\/www.mymsd.ch\/de\/succinctstatement\/vaxneuvance\/\",\"url\":\"https:\/\/www.mymsd.ch\/de\/succinctstatement\/vaxneuvance\/\",\"name\":\"KFI Vaxneuvance\u00ae - MyMSD.ch DE\",\"isPartOf\":{\"@id\":\"https:\/\/www.mymsd.ch\/de\/#website\"},\"datePublished\":\"2024-08-12T13:52:59+00:00\",\"dateModified\":\"2026-02-17T09:20:12+00:00\",\"breadcrumb\":{\"@id\":\"https:\/\/www.mymsd.ch\/de\/succinctstatement\/vaxneuvance\/#breadcrumb\"},\"inLanguage\":\"de-CH\",\"potentialAction\":[{\"@type\":\"ReadAction\",\"target\":[\"https:\/\/www.mymsd.ch\/de\/succinctstatement\/vaxneuvance\/\"]}]},{\"@type\":\"BreadcrumbList\",\"@id\":\"https:\/\/www.mymsd.ch\/de\/succinctstatement\/vaxneuvance\/#breadcrumb\",\"itemListElement\":[{\"@type\":\"ListItem\",\"position\":1,\"name\":\"Home\",\"item\":\"https:\/\/www.mymsd.ch\/de\/\"},{\"@type\":\"ListItem\",\"position\":2,\"name\":\"Product Succinct Statement\",\"item\":\"https:\/\/www.mymsd.ch\/de\/succinctstatement\/\"},{\"@type\":\"ListItem\",\"position\":3,\"name\":\"KFI Vaxneuvance\u00ae\"}]},{\"@type\":\"WebSite\",\"@id\":\"https:\/\/www.mymsd.ch\/de\/#website\",\"url\":\"https:\/\/www.mymsd.ch\/de\/\",\"name\":\"MyMSD.ch DE\",\"description\":\"\",\"publisher\":{\"@id\":\"https:\/\/www.mymsd.ch\/de\/#organization\"},\"potentialAction\":[{\"@type\":\"SearchAction\",\"target\":{\"@type\":\"EntryPoint\",\"urlTemplate\":\"https:\/\/www.mymsd.ch\/de\/?s={search_term_string}\"},\"query-input\":{\"@type\":\"PropertyValueSpecification\",\"valueRequired\":true,\"valueName\":\"search_term_string\"}}],\"inLanguage\":\"de-CH\"},{\"@type\":\"Organization\",\"@id\":\"https:\/\/www.mymsd.ch\/de\/#organization\",\"name\":\"MSD Switzerland\",\"url\":\"https:\/\/www.mymsd.ch\/de\/\",\"logo\":{\"@type\":\"ImageObject\",\"inLanguage\":\"de-CH\",\"@id\":\"https:\/\/www.mymsd.ch\/de\/#\/schema\/logo\/image\/\",\"url\":\"https:\/\/www.mymsd.ch\/de\/wp-content\/uploads\/sites\/13\/2022\/03\/02852_MSD_Logo_W-Anthem_Vertical_TealGrey_RGB.png\",\"contentUrl\":\"https:\/\/www.mymsd.ch\/de\/wp-content\/uploads\/sites\/13\/2022\/03\/02852_MSD_Logo_W-Anthem_Vertical_TealGrey_RGB.png\",\"width\":2186,\"height\":2134,\"caption\":\"MSD Switzerland\"},\"image\":{\"@id\":\"https:\/\/www.mymsd.ch\/de\/#\/schema\/logo\/image\/\"}}]}<\/script>\n<!-- \/ Yoast SEO plugin. -->","yoast_head_json":{"title":"KFI Vaxneuvance\u00ae - MyMSD.ch DE","robots":{"index":"noindex","follow":"nofollow"},"og_locale":"de_DE","og_type":"article","og_title":"KFI Vaxneuvance\u00ae - MyMSD.ch DE","og_description":"Kurzfachinformation Vaxneuvance\u00ae (Pneumokokken-Polysaccharid-Konjugatimpfstoff (15-valent)) \u25bc Dieses Arzneimittel unterliegt einer zus\u00e4tzlichen \u00dcberwachung. F\u00fcr weitere Informationen, siehe Fachinformation (Vaxneuvance\u00ae) auf www.swissmedicinfo-pro.ch. Vaxneuvance\u00ae: [&hellip;]","og_url":"https:\/\/www.mymsd.ch\/de\/succinctstatement\/vaxneuvance\/","og_site_name":"MyMSD.ch DE","article_modified_time":"2026-02-17T09:20:12+00:00","og_image":[{"width":2186,"height":2134,"url":"https:\/\/www.mymsd.ch\/de\/wp-content\/uploads\/sites\/13\/2022\/03\/02852_MSD_Logo_W-Anthem_Vertical_TealGrey_RGB.png","type":"image\/png"}],"twitter_card":"summary_large_image","twitter_misc":{"Gesch\u00e4tzte Lesezeit":"2 minutes"},"schema":{"@context":"https:\/\/schema.org","@graph":[{"@type":"WebPage","@id":"https:\/\/www.mymsd.ch\/de\/succinctstatement\/vaxneuvance\/","url":"https:\/\/www.mymsd.ch\/de\/succinctstatement\/vaxneuvance\/","name":"KFI Vaxneuvance\u00ae - MyMSD.ch DE","isPartOf":{"@id":"https:\/\/www.mymsd.ch\/de\/#website"},"datePublished":"2024-08-12T13:52:59+00:00","dateModified":"2026-02-17T09:20:12+00:00","breadcrumb":{"@id":"https:\/\/www.mymsd.ch\/de\/succinctstatement\/vaxneuvance\/#breadcrumb"},"inLanguage":"de-CH","potentialAction":[{"@type":"ReadAction","target":["https:\/\/www.mymsd.ch\/de\/succinctstatement\/vaxneuvance\/"]}]},{"@type":"BreadcrumbList","@id":"https:\/\/www.mymsd.ch\/de\/succinctstatement\/vaxneuvance\/#breadcrumb","itemListElement":[{"@type":"ListItem","position":1,"name":"Home","item":"https:\/\/www.mymsd.ch\/de\/"},{"@type":"ListItem","position":2,"name":"Product Succinct Statement","item":"https:\/\/www.mymsd.ch\/de\/succinctstatement\/"},{"@type":"ListItem","position":3,"name":"KFI Vaxneuvance\u00ae"}]},{"@type":"WebSite","@id":"https:\/\/www.mymsd.ch\/de\/#website","url":"https:\/\/www.mymsd.ch\/de\/","name":"MyMSD.ch DE","description":"","publisher":{"@id":"https:\/\/www.mymsd.ch\/de\/#organization"},"potentialAction":[{"@type":"SearchAction","target":{"@type":"EntryPoint","urlTemplate":"https:\/\/www.mymsd.ch\/de\/?s={search_term_string}"},"query-input":{"@type":"PropertyValueSpecification","valueRequired":true,"valueName":"search_term_string"}}],"inLanguage":"de-CH"},{"@type":"Organization","@id":"https:\/\/www.mymsd.ch\/de\/#organization","name":"MSD Switzerland","url":"https:\/\/www.mymsd.ch\/de\/","logo":{"@type":"ImageObject","inLanguage":"de-CH","@id":"https:\/\/www.mymsd.ch\/de\/#\/schema\/logo\/image\/","url":"https:\/\/www.mymsd.ch\/de\/wp-content\/uploads\/sites\/13\/2022\/03\/02852_MSD_Logo_W-Anthem_Vertical_TealGrey_RGB.png","contentUrl":"https:\/\/www.mymsd.ch\/de\/wp-content\/uploads\/sites\/13\/2022\/03\/02852_MSD_Logo_W-Anthem_Vertical_TealGrey_RGB.png","width":2186,"height":2134,"caption":"MSD Switzerland"},"image":{"@id":"https:\/\/www.mymsd.ch\/de\/#\/schema\/logo\/image\/"}}]}},"_links":{"self":[{"href":"https:\/\/www.mymsd.ch\/de\/wp-json\/wp\/v2\/pages\/114245","targetHints":{"allow":["GET"]}}],"collection":[{"href":"https:\/\/www.mymsd.ch\/de\/wp-json\/wp\/v2\/pages"}],"about":[{"href":"https:\/\/www.mymsd.ch\/de\/wp-json\/wp\/v2\/types\/page"}],"author":[{"embeddable":true,"href":"https:\/\/www.mymsd.ch\/de\/wp-json\/wp\/v2\/users\/73172"}],"replies":[{"embeddable":true,"href":"https:\/\/www.mymsd.ch\/de\/wp-json\/wp\/v2\/comments?post=114245"}],"version-history":[{"count":8,"href":"https:\/\/www.mymsd.ch\/de\/wp-json\/wp\/v2\/pages\/114245\/revisions"}],"predecessor-version":[{"id":128414,"href":"https:\/\/www.mymsd.ch\/de\/wp-json\/wp\/v2\/pages\/114245\/revisions\/128414"}],"up":[{"embeddable":true,"href":"https:\/\/www.mymsd.ch\/de\/wp-json\/wp\/v2\/pages\/114174"}],"wp:attachment":[{"href":"https:\/\/www.mymsd.ch\/de\/wp-json\/wp\/v2\/media?parent=114245"}],"wp:term":[{"taxonomy":"category","embeddable":true,"href":"https:\/\/www.mymsd.ch\/de\/wp-json\/wp\/v2\/categories?post=114245"},{"taxonomy":"post_tag","embeddable":true,"href":"https:\/\/www.mymsd.ch\/de\/wp-json\/wp\/v2\/tags?post=114245"},{"taxonomy":"ga4_page_audience","embeddable":true,"href":"https:\/\/www.mymsd.ch\/de\/wp-json\/wp\/v2\/ga4_page_audience?post=114245"},{"taxonomy":"ga4_page_birn_id","embeddable":true,"href":"https:\/\/www.mymsd.ch\/de\/wp-json\/wp\/v2\/ga4_page_birn_id?post=114245"},{"taxonomy":"ga4_page_branding","embeddable":true,"href":"https:\/\/www.mymsd.ch\/de\/wp-json\/wp\/v2\/ga4_page_branding?post=114245"},{"taxonomy":"ga4_page_businessunit","embeddable":true,"href":"https:\/\/www.mymsd.ch\/de\/wp-json\/wp\/v2\/ga4_page_businessunit?post=114245"},{"taxonomy":"ga4_page_campaign","embeddable":true,"href":"https:\/\/www.mymsd.ch\/de\/wp-json\/wp\/v2\/ga4_page_campaign?post=114245"},{"taxonomy":"ga4_page_content_purpose","embeddable":true,"href":"https:\/\/www.mymsd.ch\/de\/wp-json\/wp\/v2\/ga4_page_content_purpose?post=114245"},{"taxonomy":"ga4_page_customer_journey_stage","embeddable":true,"href":"https:\/\/www.mymsd.ch\/de\/wp-json\/wp\/v2\/ga4_page_customer_journey_stage?post=114245"},{"taxonomy":"ga4_page_customer_specialty","embeddable":true,"href":"https:\/\/www.mymsd.ch\/de\/wp-json\/wp\/v2\/ga4_page_customer_specialty?post=114245"},{"taxonomy":"ga4_page_experience","embeddable":true,"href":"https:\/\/www.mymsd.ch\/de\/wp-json\/wp\/v2\/ga4_page_experience?post=114245"},{"taxonomy":"ga4_page_indication","embeddable":true,"href":"https:\/\/www.mymsd.ch\/de\/wp-json\/wp\/v2\/ga4_page_indication?post=114245"},{"taxonomy":"ga4_page_material_intent","embeddable":true,"href":"https:\/\/www.mymsd.ch\/de\/wp-json\/wp\/v2\/ga4_page_material_intent?post=114245"},{"taxonomy":"ga4_page_product","embeddable":true,"href":"https:\/\/www.mymsd.ch\/de\/wp-json\/wp\/v2\/ga4_page_product?post=114245"},{"taxonomy":"ga4_page_region","embeddable":true,"href":"https:\/\/www.mymsd.ch\/de\/wp-json\/wp\/v2\/ga4_page_region?post=114245"},{"taxonomy":"ga4_page_therapeuticarea","embeddable":true,"href":"https:\/\/www.mymsd.ch\/de\/wp-json\/wp\/v2\/ga4_page_therapeuticarea?post=114245"},{"taxonomy":"tx-therapeutic-area","embeddable":true,"href":"https:\/\/www.mymsd.ch\/de\/wp-json\/wp\/v2\/tx-therapeutic-area?post=114245"},{"taxonomy":"tx-product","embeddable":true,"href":"https:\/\/www.mymsd.ch\/de\/wp-json\/wp\/v2\/tx-product?post=114245"},{"taxonomy":"tx-pathology","embeddable":true,"href":"https:\/\/www.mymsd.ch\/de\/wp-json\/wp\/v2\/tx-pathology?post=114245"},{"taxonomy":"tx-content-type","embeddable":true,"href":"https:\/\/www.mymsd.ch\/de\/wp-json\/wp\/v2\/tx-content-type?post=114245"},{"taxonomy":"tx-active-ingredient","embeddable":true,"href":"https:\/\/www.mymsd.ch\/de\/wp-json\/wp\/v2\/tx-active-ingredient?post=114245"},{"taxonomy":"access","embeddable":true,"href":"https:\/\/www.mymsd.ch\/de\/wp-json\/wp\/v2\/access?post=114245"},{"taxonomy":"user_status","embeddable":true,"href":"https:\/\/www.mymsd.ch\/de\/wp-json\/wp\/v2\/user_status?post=114245"},{"taxonomy":"user_role","embeddable":true,"href":"https:\/\/www.mymsd.ch\/de\/wp-json\/wp\/v2\/user_role?post=114245"}],"curies":[{"name":"wp","href":"https:\/\/api.w.org\/{rel}","templated":true}]}}